{"id":16,"date":"2021-05-03T20:15:47","date_gmt":"2021-05-03T19:15:47","guid":{"rendered":"http:\/\/regenagri-org.stackstaging.com\/?page_id=16"},"modified":"2025-07-23T13:56:46","modified_gmt":"2025-07-23T12:56:46","slug":"despre-noi","status":"publish","type":"page","link":"https:\/\/regenagri.org\/ro\/about-us\/","title":{"rendered":"Despre noi"},"content":{"rendered":"<p><strong>regenagri <\/strong> este un program interna\u021bional de agricultur\u0103 regenerativ\u0103 pentru asigurarea s\u0103n\u0103t\u0103\u021bii p\u0103m\u00e2ntului \u0219i a bog\u0103\u021biei celor care tr\u0103iesc pe el.<\/p>\n\n\n\n<p>Acesta sprijin\u0103 fermele \u0219i organiza\u021biile care trec la agricultura holistic\u0103, sporind s\u0103n\u0103tatea solului, \u00eencuraj\u00e2nd biodiversitatea, reduc\u00e2nd emisiile de gaze cu efect de ser\u0103 \u0219i sechestr\u00e2nd CO2. regenagri ofer\u0103, de asemenea, fermierilor c\u0103i de acces la fonduri suplimentare prin intermediul pie\u021belor de credite de carbon \u0219i al subven\u021biilor de mediu.<\/p>\n\n\n\n<p>Prin sprijinirea agriculturii regenerative, contribuim la regenerarea planetei noastre \u0219i asigur\u0103m \u00een mod durabil viitorul produselor agricole \u0219i al lan\u021burilor lor de aprovizionare.<\/p>\n\n\n\n<figure class=\"wp-block-image size-large\"><img decoding=\"async\" width=\"1200\" height=\"799\" data-src=\"https:\/\/regenagri.org\/wp-content\/uploads\/2021\/06\/AdobeStock_385196411-1200x799.jpeg\" alt=\"\" class=\"wp-image-594 lazyload\" data-srcset=\"https:\/\/regenagri.org\/wp-content\/uploads\/2021\/06\/AdobeStock_385196411-1200x799.jpeg 1200w, https:\/\/regenagri.org\/wp-content\/uploads\/2021\/06\/AdobeStock_385196411-700x466.jpeg 700w, https:\/\/regenagri.org\/wp-content\/uploads\/2021\/06\/AdobeStock_385196411-768x512.jpeg 768w, https:\/\/regenagri.org\/wp-content\/uploads\/2021\/06\/AdobeStock_385196411-1536x1023.jpeg 1536w, https:\/\/regenagri.org\/wp-content\/uploads\/2021\/06\/AdobeStock_385196411.jpeg 1920w\" data-sizes=\"(max-width: 1200px) 100vw, 1200px\" src=\"data:image\/svg+xml;base64,PHN2ZyB3aWR0aD0iMSIgaGVpZ2h0PSIxIiB4bWxucz0iaHR0cDovL3d3dy53My5vcmcvMjAwMC9zdmciPjwvc3ZnPg==\" style=\"--smush-placeholder-width: 1200px; --smush-placeholder-aspect-ratio: 1200\/799;\" \/><\/figure>\n\n\n\n<div class=\"wp-block-buttons is-layout-flex wp-block-buttons-is-layout-flex\">\n<div class=\"wp-block-button\"><a class=\"wp-block-button__link wp-element-button\" href=\"https:\/\/regenagri.org\/ro\/contactati-ne\/\">Afla\u021bi mai multe<\/a><\/div>\n<\/div>\n\n\n\n<p><\/p>\n\n\n\n<h2 class=\"wp-block-heading\">Structura de guvernan\u021b\u0103<\/h2>\n\n\n\n<p>Regenagri C.i.C. este \u00eenregistrat\u0103 \u00een Regatul Unit ca o societate de interes comunitar (C.i.C.). Regenagri a optat pentru statutul de C.i.C. deoarece ofer\u0103 o structur\u0103 juridic\u0103 unic\u0103, special conceput\u0103 pentru a aduce beneficii comunit\u0103\u021bii sau pentru a urm\u0103ri obiective sociale, mai degrab\u0103 dec\u00e2t pentru a maximiza profiturile pentru ac\u021bionari. Conform statutului, Regenagri C.i.C. trebuie s\u0103 se implice \u00een comunitatea local\u0103 \u0219i s\u0103 prezinte rapoarte transparente privind impactul s\u0103u. Acest lucru asigur\u0103 c\u0103 Regenagri C.i.C. r\u0103m\u00e2ne responsabil\u0103 fa\u021b\u0103 de p\u0103r\u021bile interesate, inclusiv fa\u021b\u0103 de beneficiari, finan\u021batori \u0219i comunitatea \u00een general.<\/p>\n\n\n\n<p>Regenagri C.i.C. are doi ac\u021bionari, Solidaridad Network Asia Limited \u0219i International Cooperative Alliance. Funda\u021bia Solidaridad este o organiza\u021bie interna\u021bional\u0103 a societ\u0103\u021bii civile care activeaz\u0103 \u00een peste 40 de \u021b\u0103ri de pe cinci continente \u0219i care are 55 de ani de experien\u021b\u0103 \u00een dezvoltarea de solu\u021bii pentru a face fermele \u0219i comunit\u0103\u021bile agricole mai reziliente. Alian\u021ba Interna\u021bional\u0103 a Cooperativelor reprezint\u0103 aproximativ un miliard de membri ai cooperativelor, dintre care mul\u021bi sunt activi \u00een sectorul agricol.<\/p>\n\n\n\n<p>Pentru actualiz\u0103ri \u00een ac\u021bionariatul Regenagri C.i.C., v\u0103 rug\u0103m s\u0103 consulta\u021bi <a href=\"https:\/\/find-and-update.company-information.service.gov.uk\/company\/14596676\/more\" target=\"_blank\" rel=\"noreferrer noopener\">Registrul Companies House.<\/a><\/p>\n\n\n\n<p>Nu exist\u0103 niciun interes direct sau indirect (prin afilia\u021bi sau filiale) din partea organismelor de certificare ter\u021be, \u00een Regenagri C.i.C. sau \u00een ac\u021bionarii s\u0103i.<\/p>\n\n\n\n<p>Regenagri C.i.C. are o structur\u0103 pe dou\u0103 niveluri:<\/p>\n\n\n\n<ol start=\"1\" style=\"list-style-type:1\" class=\"wp-block-list\">\n<li><strong>Consiliul de administra\u021bie<\/strong>: Consiliul de administra\u021bie al Regenagri C.i.C. este responsabil pentru stabilirea \u0219i orientarea viziunii strategice pe termen lung, a priorit\u0103\u021bilor \u0219i politicilor organiza\u021biei. De asemenea, acesta supravegheaz\u0103 aspectele financiare ale organiza\u021biei. Consiliul de administra\u021bie este menit s\u0103 reprezinte un grup divers de profesioni\u0219ti din Nordul \u0219i Sudul global. Consiliul de administra\u021bie este compus din directorul general \u0219i 1 sau 2 directori numi\u021bi de fiecare ac\u021bionar.<\/li>\n<\/ol>\n\n\n\n<ol start=\"2\" style=\"list-style-type:1\" class=\"wp-block-list\">\n<li><strong>Secretariat: <\/strong>Secretariatul este condus de directorul general al Regenagri C.i.C. Rolul principal al secretariatului este de a facilita \u0219i supraveghea punerea \u00een aplicare a strategiilor, programelor \u0219i standardelor Regenagri C.i.C.. Acest lucru implic\u0103 colaborarea str\u00e2ns\u0103 cu p\u0103r\u021bile interesate din diferite lan\u021buri de aprovizionare agricol\u0103, inclusiv fermieri, produc\u0103tori, comercian\u021bi cu am\u0103nuntul \u0219i organiza\u021bii ale societ\u0103\u021bii civile. Secretariatul este responsabil pentru dezvoltarea \u0219i \u00eembun\u0103t\u0103\u021birea continu\u0103 a standardului, criteriilor \u0219i orient\u0103rilor regenagri. Lucr\u0103m \u00een colaborare cu exper\u021bi, p\u0103r\u021bi interesate \u0219i parteneri pentru a ne asigura c\u0103 standardele reflect\u0103 cele mai bune practici \u0219i abordeaz\u0103 principalele provoc\u0103ri legate de durabilitate \u00een agricultura regenerativ\u0103<\/li>\n<\/ol>\n\n\n\n<p><\/p>\n\n\n\n<h2 class=\"wp-block-heading\">Politica privind egalitatea de \u0219anse \u0219i incluziunea<\/h2>\n\n\n\n<p>Regenagri C.i.C. se angajeaz\u0103 s\u0103 \u00eencurajeze diversitatea \u0219i s\u0103 elimine discriminarea at\u00e2t \u00een rolul s\u0103u de angajator, c\u00e2t \u0219i de furnizor de servicii. Scopul nostru este ca personalul nostru, precum \u0219i subcontractan\u021bii, s\u0103 fie cu adev\u0103rat reprezentativi pentru toate sectoarele societ\u0103\u021bii \u0219i s\u0103 lucreze \u00eentr-un mediu \u00een care fiecare s\u0103 fie respectat \u0219i capabil s\u0103 dea tot ce are mai bun din propriile capacit\u0103\u021bi. Politica noastr\u0103 este de a asigura egalitate \u0219i corectitudine pentru to\u021bi \u00een ceea ce prive\u0219te angajarea \u0219i furnizarea de servicii \u0219i de a nu face discrimin\u0103ri pe motive de sex, stare civil\u0103, ras\u0103, origine etnic\u0103, culoare, na\u021bionalitate, origine na\u021bional\u0103, handicap, orientare sexual\u0103, religie sau v\u00e2rst\u0103.<\/p>\n\n\n\n<p>Regenagri C.i.C. se opune tuturor formelor de discriminare ilegal\u0103 \u0219i nedreapt\u0103. Politica noastr\u0103 este de a oferi un mediu adecvat pentru persoanele cu handicap. Se vor oferi toate facilit\u0103\u021bile rezonabile pentru ca personalul cu handicap s\u0103 \u00ee\u0219i \u00eendeplineasc\u0103 sarcinile f\u0103r\u0103 dificult\u0103\u021bi sau dezavantaje.<\/p>\n\n\n\n<p>Regenagri C.i.C.<strong> <\/strong>nu va tolera discriminarea direct\u0103 sau indirect\u0103 \u00eempotriva niciunei persoane pe motive de v\u00e2rst\u0103, handicap, gen \/ schimbare de gen, c\u0103s\u0103torie \/ parteneriat civil, sarcin\u0103 \/ maternitate, ras\u0103, religie sau convingeri, sex sau orientare sexual\u0103, fie \u00een domeniul recrut\u0103rii, condi\u021biilor de angajare, progresului \u00een carier\u0103, form\u0103rii, transferului sau concedierii.<\/p>\n\n\n\n<p>De asemenea, este responsabilitatea \u00eentregului personal ca, prin ac\u021biunile, deciziile \u0219i comportamentul lor de zi cu zi, s\u0103 se str\u0103duiasc\u0103 s\u0103 promoveze aceste concepte, s\u0103 respecte toat\u0103 legisla\u021bia relevant\u0103 \u0219i s\u0103 se asigure c\u0103 nu discrimineaz\u0103 colegii, clien\u021bii, furnizorii sau orice alt\u0103 persoan\u0103 asociat\u0103 cu Regenagri C.i.C.<\/p>\n\n\n\n<p>Declara\u021bia privind egalitatea de \u0219anse vizeaz\u0103 promovarea egalit\u0103\u021bii, armoniei \u0219i respectului \u00eentre indivizi \u0219i eliminarea discrimin\u0103rii, h\u0103r\u021buirii \u0219i victimiz\u0103rii de orice fel. Regenagri C.i.C. consider\u0103 c\u0103 mediul de lucru ar trebui s\u0103 sus\u021bin\u0103 \u00een orice moment demnitatea \u0219i respectul persoanelor. Dac\u0103 o pl\u00e2ngere de h\u0103r\u021buire este adus\u0103 la cuno\u0219tin\u021ba conducerii, aceasta va fi investigat\u0103 cu promptitudine \u0219i se vor lua m\u0103surile corespunz\u0103toare.<\/p>","protected":false},"excerpt":{"rendered":"<p>regenagri is an international regenerative agriculture program for securing the health of the land [\u2026]<\/p>\n","protected":false},"author":1,"featured_media":428,"parent":0,"menu_order":0,"comment_status":"closed","ping_status":"closed","template":"","meta":{"_acf_changed":false,"footnotes":""},"class_list":["post-16","page","type-page","status-publish","has-post-thumbnail","hentry"],"acf":[],"yoast_head":"<!-- This site is optimized with the Yoast SEO plugin v27.4 - https:\/\/yoast.com\/product\/yoast-seo-wordpress\/ -->\n<title>About us &#8212; regenagri<\/title>\n<meta name=\"description\" content=\"regenagri is a regenerative agriculture initiative aimed at securing the health of the land and the wealth of those who live on it.\" \/>\n<meta name=\"robots\" content=\"index, follow, max-snippet:-1, max-image-preview:large, max-video-preview:-1\" \/>\n<link rel=\"canonical\" href=\"https:\/\/regenagri.org\/ro\/despre-noi\/\" \/>\n<meta property=\"og:locale\" content=\"ro_RO\" \/>\n<meta property=\"og:type\" content=\"article\" \/>\n<meta property=\"og:title\" content=\"About us &#8212; regenagri\" \/>\n<meta property=\"og:description\" content=\"regenagri is a regenerative agriculture initiative aimed at securing the health of the land and the wealth of those who live on it.\" \/>\n<meta property=\"og:url\" content=\"https:\/\/regenagri.org\/ro\/despre-noi\/\" \/>\n<meta property=\"og:site_name\" content=\"regenagri\" \/>\n<meta property=\"article:modified_time\" content=\"2025-07-23T12:56:46+00:00\" \/>\n<meta property=\"og:image\" content=\"https:\/\/regenagri.org\/wp-content\/uploads\/2021\/06\/regenagri-banner-image.png\" \/>\n\t<meta property=\"og:image:width\" content=\"1390\" \/>\n\t<meta property=\"og:image:height\" content=\"782\" \/>\n\t<meta property=\"og:image:type\" content=\"image\/png\" \/>\n<meta name=\"twitter:card\" content=\"summary_large_image\" \/>\n<script type=\"application\/ld+json\" class=\"yoast-schema-graph\">{\"@context\":\"https:\\\/\\\/schema.org\",\"@graph\":[{\"@type\":\"WebPage\",\"@id\":\"https:\\\/\\\/regenagri.org\\\/about-us\\\/\",\"url\":\"https:\\\/\\\/regenagri.org\\\/about-us\\\/\",\"name\":\"About us &#8212; regenagri\",\"isPartOf\":{\"@id\":\"https:\\\/\\\/regenagri.org\\\/#website\"},\"primaryImageOfPage\":{\"@id\":\"https:\\\/\\\/regenagri.org\\\/about-us\\\/#primaryimage\"},\"image\":{\"@id\":\"https:\\\/\\\/regenagri.org\\\/about-us\\\/#primaryimage\"},\"thumbnailUrl\":\"https:\\\/\\\/regenagri.org\\\/wp-content\\\/uploads\\\/2021\\\/06\\\/regenagri-banner-image.png\",\"datePublished\":\"2021-05-03T19:15:47+00:00\",\"dateModified\":\"2025-07-23T12:56:46+00:00\",\"description\":\"regenagri is a regenerative agriculture initiative aimed at securing the health of the land and the wealth of those who live on it.\",\"breadcrumb\":{\"@id\":\"https:\\\/\\\/regenagri.org\\\/about-us\\\/#breadcrumb\"},\"inLanguage\":\"ro-RO\",\"potentialAction\":[{\"@type\":\"ReadAction\",\"target\":[\"https:\\\/\\\/regenagri.org\\\/about-us\\\/\"]}]},{\"@type\":\"ImageObject\",\"inLanguage\":\"ro-RO\",\"@id\":\"https:\\\/\\\/regenagri.org\\\/about-us\\\/#primaryimage\",\"url\":\"https:\\\/\\\/regenagri.org\\\/wp-content\\\/uploads\\\/2021\\\/06\\\/regenagri-banner-image.png\",\"contentUrl\":\"https:\\\/\\\/regenagri.org\\\/wp-content\\\/uploads\\\/2021\\\/06\\\/regenagri-banner-image.png\",\"width\":1390,\"height\":782},{\"@type\":\"BreadcrumbList\",\"@id\":\"https:\\\/\\\/regenagri.org\\\/about-us\\\/#breadcrumb\",\"itemListElement\":[{\"@type\":\"ListItem\",\"position\":1,\"name\":\"Home\",\"item\":\"https:\\\/\\\/regenagri.org\\\/\"},{\"@type\":\"ListItem\",\"position\":2,\"name\":\"About us\"}]},{\"@type\":\"WebSite\",\"@id\":\"https:\\\/\\\/regenagri.org\\\/#website\",\"url\":\"https:\\\/\\\/regenagri.org\\\/\",\"name\":\"regenagri\",\"description\":\"\",\"publisher\":{\"@id\":\"https:\\\/\\\/regenagri.org\\\/#organization\"},\"potentialAction\":[{\"@type\":\"SearchAction\",\"target\":{\"@type\":\"EntryPoint\",\"urlTemplate\":\"https:\\\/\\\/regenagri.org\\\/?s={search_term_string}\"},\"query-input\":{\"@type\":\"PropertyValueSpecification\",\"valueRequired\":true,\"valueName\":\"search_term_string\"}}],\"inLanguage\":\"ro-RO\"},{\"@type\":\"Organization\",\"@id\":\"https:\\\/\\\/regenagri.org\\\/#organization\",\"name\":\"regenagri\",\"url\":\"https:\\\/\\\/regenagri.org\\\/\",\"logo\":{\"@type\":\"ImageObject\",\"inLanguage\":\"ro-RO\",\"@id\":\"https:\\\/\\\/regenagri.org\\\/#\\\/schema\\\/logo\\\/image\\\/\",\"url\":\"https:\\\/\\\/regenagri.org\\\/wp-content\\\/uploads\\\/2021\\\/05\\\/regenagri.png\",\"contentUrl\":\"https:\\\/\\\/regenagri.org\\\/wp-content\\\/uploads\\\/2021\\\/05\\\/regenagri.png\",\"width\":1200,\"height\":452,\"caption\":\"regenagri\"},\"image\":{\"@id\":\"https:\\\/\\\/regenagri.org\\\/#\\\/schema\\\/logo\\\/image\\\/\"}}]}<\/script>\n<!-- \/ Yoast SEO plugin. -->","yoast_head_json":{"title":"Despre noi - regenagri","description":"regenagri este o ini\u021biativ\u0103 de agricultur\u0103 regenerativ\u0103 menit\u0103 s\u0103 asigure s\u0103n\u0103tatea p\u0103m\u00e2ntului \u0219i bog\u0103\u021bia celor care tr\u0103iesc pe el.","robots":{"index":"index","follow":"follow","max-snippet":"max-snippet:-1","max-image-preview":"max-image-preview:large","max-video-preview":"max-video-preview:-1"},"canonical":"https:\/\/regenagri.org\/ro\/despre-noi\/","og_locale":"ro_RO","og_type":"article","og_title":"About us &#8212; regenagri","og_description":"regenagri is a regenerative agriculture initiative aimed at securing the health of the land and the wealth of those who live on it.","og_url":"https:\/\/regenagri.org\/ro\/despre-noi\/","og_site_name":"regenagri","article_modified_time":"2025-07-23T12:56:46+00:00","og_image":[{"width":1390,"height":782,"url":"https:\/\/regenagri.org\/wp-content\/uploads\/2021\/06\/regenagri-banner-image.png","type":"image\/png"}],"twitter_card":"summary_large_image","schema":{"@context":"https:\/\/schema.org","@graph":[{"@type":"WebPage","@id":"https:\/\/regenagri.org\/about-us\/","url":"https:\/\/regenagri.org\/about-us\/","name":"Despre noi - regenagri","isPartOf":{"@id":"https:\/\/regenagri.org\/#website"},"primaryImageOfPage":{"@id":"https:\/\/regenagri.org\/about-us\/#primaryimage"},"image":{"@id":"https:\/\/regenagri.org\/about-us\/#primaryimage"},"thumbnailUrl":"https:\/\/regenagri.org\/wp-content\/uploads\/2021\/06\/regenagri-banner-image.png","datePublished":"2021-05-03T19:15:47+00:00","dateModified":"2025-07-23T12:56:46+00:00","description":"regenagri este o ini\u021biativ\u0103 de agricultur\u0103 regenerativ\u0103 menit\u0103 s\u0103 asigure s\u0103n\u0103tatea p\u0103m\u00e2ntului \u0219i bog\u0103\u021bia celor care tr\u0103iesc pe el.","breadcrumb":{"@id":"https:\/\/regenagri.org\/about-us\/#breadcrumb"},"inLanguage":"ro-RO","potentialAction":[{"@type":"ReadAction","target":["https:\/\/regenagri.org\/about-us\/"]}]},{"@type":"ImageObject","inLanguage":"ro-RO","@id":"https:\/\/regenagri.org\/about-us\/#primaryimage","url":"https:\/\/regenagri.org\/wp-content\/uploads\/2021\/06\/regenagri-banner-image.png","contentUrl":"https:\/\/regenagri.org\/wp-content\/uploads\/2021\/06\/regenagri-banner-image.png","width":1390,"height":782},{"@type":"BreadcrumbList","@id":"https:\/\/regenagri.org\/about-us\/#breadcrumb","itemListElement":[{"@type":"ListItem","position":1,"name":"Home","item":"https:\/\/regenagri.org\/"},{"@type":"ListItem","position":2,"name":"About us"}]},{"@type":"WebSite","@id":"https:\/\/regenagri.org\/#website","url":"https:\/\/regenagri.org\/","name":"regenagri","description":"","publisher":{"@id":"https:\/\/regenagri.org\/#organization"},"potentialAction":[{"@type":"SearchAction","target":{"@type":"EntryPoint","urlTemplate":"https:\/\/regenagri.org\/?s={search_term_string}"},"query-input":{"@type":"PropertyValueSpecification","valueRequired":true,"valueName":"search_term_string"}}],"inLanguage":"ro-RO"},{"@type":"Organization","@id":"https:\/\/regenagri.org\/#organization","name":"regenagri","url":"https:\/\/regenagri.org\/","logo":{"@type":"ImageObject","inLanguage":"ro-RO","@id":"https:\/\/regenagri.org\/#\/schema\/logo\/image\/","url":"https:\/\/regenagri.org\/wp-content\/uploads\/2021\/05\/regenagri.png","contentUrl":"https:\/\/regenagri.org\/wp-content\/uploads\/2021\/05\/regenagri.png","width":1200,"height":452,"caption":"regenagri"},"image":{"@id":"https:\/\/regenagri.org\/#\/schema\/logo\/image\/"}}]}},"_links":{"self":[{"href":"https:\/\/regenagri.org\/ro\/wp-json\/wp\/v2\/pages\/16","targetHints":{"allow":["GET"]}}],"collection":[{"href":"https:\/\/regenagri.org\/ro\/wp-json\/wp\/v2\/pages"}],"about":[{"href":"https:\/\/regenagri.org\/ro\/wp-json\/wp\/v2\/types\/page"}],"author":[{"embeddable":true,"href":"https:\/\/regenagri.org\/ro\/wp-json\/wp\/v2\/users\/1"}],"replies":[{"embeddable":true,"href":"https:\/\/regenagri.org\/ro\/wp-json\/wp\/v2\/comments?post=16"}],"version-history":[{"count":25,"href":"https:\/\/regenagri.org\/ro\/wp-json\/wp\/v2\/pages\/16\/revisions"}],"predecessor-version":[{"id":9221,"href":"https:\/\/regenagri.org\/ro\/wp-json\/wp\/v2\/pages\/16\/revisions\/9221"}],"wp:featuredmedia":[{"embeddable":true,"href":"https:\/\/regenagri.org\/ro\/wp-json\/wp\/v2\/media\/428"}],"wp:attachment":[{"href":"https:\/\/regenagri.org\/ro\/wp-json\/wp\/v2\/media?parent=16"}],"curies":[{"name":"wp","href":"https:\/\/api.w.org\/{rel}","templated":true}]}}