{"id":46,"date":"2021-05-07T09:08:23","date_gmt":"2021-05-07T08:08:23","guid":{"rendered":"http:\/\/regenagri-org.stackstaging.com\/?page_id=46"},"modified":"2025-01-23T15:01:54","modified_gmt":"2025-01-23T15:01:54","slug":"eventos","status":"publish","type":"page","link":"https:\/\/regenagri.org\/pt\/events\/","title":{"rendered":"Eventos"},"content":{"rendered":"<h2 class=\"wp-block-heading\">Pr\u00f3ximos eventos<\/h2>\n\n\n\n<h3 class=\"wp-block-heading\">Viticultura regenerativa em It\u00e1lia<\/h3>\n\n\n\n<figure class=\"wp-block-image size-full\"><img decoding=\"async\" width=\"1200\" height=\"450\" data-src=\"https:\/\/regenagri.org\/wp-content\/uploads\/2025\/01\/image.png\" alt=\"\" class=\"wp-image-7522 lazyload\" data-srcset=\"https:\/\/regenagri.org\/wp-content\/uploads\/2025\/01\/image.png 1200w, https:\/\/regenagri.org\/wp-content\/uploads\/2025\/01\/image-700x263.png 700w, https:\/\/regenagri.org\/wp-content\/uploads\/2025\/01\/image-768x288.png 768w\" data-sizes=\"(max-width: 1200px) 100vw, 1200px\" src=\"data:image\/svg+xml;base64,PHN2ZyB3aWR0aD0iMSIgaGVpZ2h0PSIxIiB4bWxucz0iaHR0cDovL3d3dy53My5vcmcvMjAwMC9zdmciPjwvc3ZnPg==\" style=\"--smush-placeholder-width: 1200px; --smush-placeholder-aspect-ratio: 1200\/450;\" \/><\/figure>\n\n\n\n<p>A Regenagri organiza um evento exclusivo:&nbsp;<strong>Viticultura regenerativa em It\u00e1lia<\/strong>.<\/p>\n\n\n\n<p>O evento ter\u00e1 lugar em&nbsp;<strong>18 de fevereiro<\/strong>&nbsp;de&nbsp;<strong>15:00-18:00<\/strong>&nbsp;em&nbsp;<strong>Azienda Agricola Terra di EA<\/strong>, Tortoreto (TE), It\u00e1lia.<\/p>\n\n\n\n<p>O evento reunir\u00e1 produtores de vinho, explora\u00e7\u00f5es vitivin\u00edcolas, institui\u00e7\u00f5es p\u00fablicas e marcas para fornecer informa\u00e7\u00f5es valiosas sobre programas de agricultura regenerativa e sustent\u00e1vel e oportunidades para o sector agr\u00edcola local.<\/p>\n\n\n\n<h5 class=\"wp-block-heading\">O que esperar<\/h5>\n\n\n\n<ul class=\"wp-block-list\">\n<li>Apresenta\u00e7\u00e3o do programa regenagri, como est\u00e1 a liderar a transi\u00e7\u00e3o para a agricultura regenerativa e a aumentar a procura de produtos cultivados de forma regenerativa<\/li>\n\n\n\n<li>Um esbo\u00e7o de como o Minist\u00e9rio do Ambiente e da Seguran\u00e7a Energ\u00e9tica italiano est\u00e1 a refor\u00e7ar a sustentabilidade do sector vitivin\u00edcola atrav\u00e9s do seu programa VIVA<\/li>\n\n\n\n<li>Perspectivas das marcas que j\u00e1 adoptaram os princ\u00edpios regenagri<\/li>\n\n\n\n<li>Apresenta\u00e7\u00e3o de programas de apoio ao sector para implementar e investir na agricultura regenerativa<\/li>\n<\/ul>\n\n\n\n<h5 class=\"wp-block-heading\">Agenda do dia<\/h5>\n\n\n\n<ul class=\"wp-block-list\">\n<li>Agricultura regenerativa: introdu\u00e7\u00e3o ao programa regenagri e oportunidades na viticultura em It\u00e1lia<\/li>\n\n\n\n<li>illy Caffe: Como e porqu\u00ea adoptou a agricultura regenerativa<\/li>\n\n\n\n<li>Minist\u00e9rio italiano do Ambiente e da Seguran\u00e7a Energ\u00e9tica: o programa VIVA<\/li>\n\n\n\n<li>Eco Sphere Academy (ESA): ajudar os operadores a implementar o programa regenagri<\/li>\n\n\n\n<li>SIA-Servizi Integrati Assindustria: apoio \u00e0s explora\u00e7\u00f5es agr\u00edcolas, aos produtores de vinho e aos consultores atrav\u00e9s de forma\u00e7\u00e3o t\u00e9cnica sobre o programa regenagri<\/li>\n\n\n\n<li>PERGUNTAS E RESPOSTAS<\/li>\n\n\n\n<li>Jantar<\/li>\n<\/ul>\n\n\n\n<figure class=\"wp-block-image size-full\"><img decoding=\"async\" data-src=\"https:\/\/regenagri.org\/wp-content\/uploads\/2025\/01\/image-3.png\" alt=\"\" class=\"wp-image-7535 lazyload\" src=\"data:image\/svg+xml;base64,PHN2ZyB3aWR0aD0iMSIgaGVpZ2h0PSIxIiB4bWxucz0iaHR0cDovL3d3dy53My5vcmcvMjAwMC9zdmciPjwvc3ZnPg==\" \/><\/figure>\n\n\n\n<h3 class=\"wp-block-heading\">Workshop: Escalar a agricultura regenerativa<\/h3>\n\n\n\n<p>A Regenagri organiza um workshop exclusivo intitulado: <strong>Agricultura regenerativa \u00e0 escala: Impacto e perspectivas das explora\u00e7\u00f5es agr\u00edcolas e das cadeias de abastecimento.<\/strong><\/p>\n\n\n\n<p>Este evento ter\u00e1 lugar em <strong>29 de outubro<\/strong> de <strong>3:00 \u00e0s 5:30<\/strong> em Noor Events, 300 E. Colorado Boulevard, Ste 200 | Pasadena, CA 91101.<\/p>\n\n\n\n<p>O semin\u00e1rio reunir\u00e1 as principais organiza\u00e7\u00f5es que lideram a transi\u00e7\u00e3o para a agricultura regenerativa para fornecer informa\u00e7\u00f5es valiosas sobre o programa l\u00edder mundial, partilhar hist\u00f3rias de sucesso e demonstrar dados de impacto.<\/p>\n\n\n\n<p><strong>O que esperar:<\/strong><\/p>\n\n\n\n<ul class=\"wp-block-list\">\n<li>Um mergulho profundo em estudos de casos de explora\u00e7\u00f5es agr\u00edcolas e organiza\u00e7\u00f5es da cadeia de abastecimento que implementam com sucesso princ\u00edpios regenerativos<\/li>\n\n\n\n<li>Perspetiva do trabalho dos programas que lideram a transi\u00e7\u00e3o para a agricultura regenerativa \u00e0 escala mundial - regenagri&nbsp;<\/li>\n\n\n\n<li>Descri\u00e7\u00e3o dos investimentos financeiros necess\u00e1rios para a transi\u00e7\u00e3o para m\u00e9todos regenerativos<\/li>\n\n\n\n<li>Perspectivas das explora\u00e7\u00f5es agr\u00edcolas e das marcas sobre a forma como as pr\u00e1ticas regenerativas est\u00e3o a moldar o futuro da agricultura<\/li>\n\n\n\n<li>Apresenta\u00e7\u00e3o de dados sobre o impacto e actualiza\u00e7\u00f5es importantes sobre a forma como os princ\u00edpios regenerativos est\u00e3o a transformar o ambiente e as cadeias de abastecimento<\/li>\n<\/ul>\n\n\n\n<figure class=\"wp-block-image size-full\"><img decoding=\"async\" width=\"1920\" height=\"960\" data-src=\"https:\/\/regenagri.org\/wp-content\/uploads\/2024\/10\/regenagri-workshop-banner-3.png\" alt=\"\" class=\"wp-image-6857 lazyload\" data-srcset=\"https:\/\/regenagri.org\/wp-content\/uploads\/2024\/10\/regenagri-workshop-banner-3.png 1920w, https:\/\/regenagri.org\/wp-content\/uploads\/2024\/10\/regenagri-workshop-banner-3-700x350.png 700w, https:\/\/regenagri.org\/wp-content\/uploads\/2024\/10\/regenagri-workshop-banner-3-1200x600.png 1200w, https:\/\/regenagri.org\/wp-content\/uploads\/2024\/10\/regenagri-workshop-banner-3-768x384.png 768w, https:\/\/regenagri.org\/wp-content\/uploads\/2024\/10\/regenagri-workshop-banner-3-1536x768.png 1536w\" data-sizes=\"(max-width: 1920px) 100vw, 1920px\" src=\"data:image\/svg+xml;base64,PHN2ZyB3aWR0aD0iMSIgaGVpZ2h0PSIxIiB4bWxucz0iaHR0cDovL3d3dy53My5vcmcvMjAwMC9zdmciPjwvc3ZnPg==\" style=\"--smush-placeholder-width: 1920px; --smush-placeholder-aspect-ratio: 1920\/960;\" \/><\/figure>\n\n\n\n<p><\/p>\n\n\n\n<div class=\"wp-block-buttons is-layout-flex wp-block-buttons-is-layout-flex\">\n<div class=\"wp-block-button\"><a class=\"wp-block-button__link wp-element-button\" href=\"https:\/\/regenagri.org\/pt\/actualizacoes\/workshop-scaling-regenerative-agriculture\/\">Saiba mais<\/a><\/div>\n<\/div>\n\n\n\n<h3 class=\"wp-block-heading\">regenagri Tour, S\u00e3o Paulo- 17 de maio de 2023<\/h3>\n\n\n\n<p>O Brasil \u00e9 uma das regi\u00f5es-chave para o regenagri, para diferentes produtos de base, incluindo caf\u00e9, soja, citrinos e algod\u00e3o. O programa est\u00e1 a expandir-se rapidamente \u00e0 medida que mais explora\u00e7\u00f5es agr\u00edcolas e as suas cadeias de abastecimento continuam a aderir ao programa.<\/p>\n\n\n\n<p>regenagri organizar\u00e1 um evento em S\u00e3o Paulo (BR) no dia 17<sup>th<\/sup> maio de 2023. O evento proporcionar\u00e1 aos participantes conhecimentos sobre o regime regenagri e sobre a forma como as cadeias de abastecimento agr\u00edcola est\u00e3o a beneficiar do mesmo. Ser\u00e3o tamb\u00e9m apresentados estudos de casos de aplica\u00e7\u00e3o por organiza\u00e7\u00f5es que participam no programa.<\/p>\n\n\n\n<p>Ao agrupar diferentes tipos de organiza\u00e7\u00f5es (desde comerciantes e marcas a agricultores e parceiros de implementa\u00e7\u00e3o) numa s\u00e9rie de produtos de base (caf\u00e9, soja, cana-de-a\u00e7\u00facar, algod\u00e3o, etc.), este evento constituir\u00e1 tamb\u00e9m uma excelente oportunidade para estabelecer contactos. Inscrever-se <a href=\"https:\/\/academyonline.pcugroup.com\/courses\/regenagri-program-br\">aqui<\/a>.<\/p>\n\n\n\n<h3 class=\"wp-block-heading\">F\u00f3rum de Inova\u00e7\u00e3o - T\u00eaxteis Sustent\u00e1veis, Amesterd\u00e3o - 25-26 de abril de 2023<\/h3>\n\n\n\n<p>Como \u00e9 que as marcas podem transformar as cadeias de abastecimento, escalar a circularidade e gerar impactos sociais positivos no caminho para o zero l\u00edquido. A regenagri estar\u00e1 presente para participar num painel de discuss\u00e3o centrado no tema \"como \u00e9 uma estrat\u00e9gia positiva para a natureza?\" no dia 26 de abril \u00e0s 11:00 (CET). Ver a agenda completa <a href=\"https:\/\/www.innovationforum.co.uk\/conferences\/sustainable-apparel-and-textiles-conference\/agenda\">aqui<\/a>.<\/p>\n\n\n\n<h3 class=\"wp-block-heading\">F\u00f3rum de Inova\u00e7\u00e3o - Futuro da Alimenta\u00e7\u00e3o, Amesterd\u00e3o - 3-4 de maio de 2023<\/h3>\n\n\n\n<p>Uma confer\u00eancia de dois dias que analisa a forma como as marcas de alimentos e bebidas se podem adaptar \u00e0s mudan\u00e7as do mercado e \u00e0s press\u00f5es planet\u00e1rias para criar sistemas alimentares regenerativos e resilientes. A regenagri participar\u00e1 num painel de discuss\u00e3o sobre \"Agricultura regenerativa: qual \u00e9 o \u00e2mbito para a escala e ado\u00e7\u00e3o em toda a cadeia de abastecimento global? Ver a agenda completa <a href=\"https:\/\/www.innovationforum.co.uk\/conferences\/the-future-of-food\/agenda\">aqui<\/a>.<\/p>\n\n\n\n<h3 class=\"wp-block-heading\">F\u00f3rum de Inova\u00e7\u00e3o - T\u00eaxteis Sustent\u00e1veis, Nova Iorque - 21-22 de maio de 2023<\/h3>\n\n\n\n<p>Uma confer\u00eancia de dois dias que analisa a forma como as marcas podem transformar as cadeias de abastecimento, escalar a circularidade e gerar impactos sociais positivos no caminho para o zero l\u00edquido. A regenagri participar\u00e1 num painel de discuss\u00e3o sobre \"Produ\u00e7\u00e3o positiva para a natureza: Como as marcas de moda podem adaptar as pr\u00e1ticas de aprovisionamento para aumentar a biodiversidade e medir o impacto\", no dia 22 de maio, \u00e0s 9:45 (CET). Ver a agenda completa <a href=\"https:\/\/www.innovationforum.co.uk\/conferences\/sustainable-apparel-and-textiles-conference-usa\/agenda\">aqui<\/a>. <\/p>\n\n\n\n<h3 class=\"wp-block-heading\">Cimeira sobre Agricultura Regenerativa e Sistemas Alimentares, Amesterd\u00e3o - 6-7 de setembro de 2023<\/h3>\n\n\n\n<p>Uma confer\u00eancia de dois dias destinada a acelerar a transi\u00e7\u00e3o para a agricultura regenerativa, a fim de construir um sistema alimentar mais abundante e resiliente para as gera\u00e7\u00f5es vindouras. regenagri estar\u00e1 presente para participar num painel de discuss\u00e3o.<\/p>\n\n\n\n<h2 class=\"wp-block-heading\">Caso n\u00e3o tenha visto<\/h2>\n\n\n\n<p>Realiz\u00e1mos uma introdu\u00e7\u00e3o ao regenagri para a ind\u00fastria t\u00eaxtil em janeiro de 2023. Esta incluiu uma introdu\u00e7\u00e3o ao regenagri, o nosso objetivo e o valor que traz, detalhes sobre a aceita\u00e7\u00e3o da iniciativa a n\u00edvel global, as nossas actualiza\u00e7\u00f5es de crit\u00e9rios padr\u00e3o, carater\u00edsticas e actualiza\u00e7\u00f5es sobre a certifica\u00e7\u00e3o da cadeia de fornecimento t\u00eaxtil, uma vis\u00e3o geral de outros servi\u00e7os e normas dentro do regenagri, incluindo uma breve demonstra\u00e7\u00e3o do centro digital.  <\/p>\n\n\n\n<div class=\"wp-block-buttons is-layout-flex wp-block-buttons-is-layout-flex\">\n<div class=\"wp-block-button\"><a class=\"wp-block-button__link wp-element-button\" href=\"https:\/\/ukcontrolunion.thinkific.com\/courses\/introduction-to-regenagri-for-textiles\">Assista ao webinar gratuitamente<\/a><\/div>\n<\/div>\n\n\n\n<p><\/p>\n\n\n\n<p>Na sequ\u00eancia do lan\u00e7amento da vers\u00e3o 2.0 do nosso Digital Hub em meados de 2021, que viu a integra\u00e7\u00e3o da Cool Farm Tool para permitir a verifica\u00e7\u00e3o do cr\u00e9dito de carbono para as cadeias de abastecimento t\u00eaxtil e alimentar globais, organiz\u00e1mos um webinar para explicar em pormenor como funcionam os cr\u00e9ditos de carbono ao abrigo do regenagri e como as explora\u00e7\u00f5es agr\u00edcolas, as empresas da cadeia de abastecimento e os retalhistas podem beneficiar. <\/p>\n\n\n\n<div class=\"wp-block-buttons is-layout-flex wp-block-buttons-is-layout-flex\">\n<div class=\"wp-block-button\"><a class=\"wp-block-button__link wp-element-button\" href=\"https:\/\/www.youtube.com\/watch?v=BrfG7Z8Ud0g\">Assista ao webinar gratuitamente<\/a><\/div>\n<\/div>\n\n\n\n<p><\/p>\n\n\n\n<p>N\u00e3o foi \u00e0 Groundswell este ano? N\u00e3o tenha medo - pode acompanhar o nosso MD Franco a descrever como cri\u00e1mos a certifica\u00e7\u00e3o regenagri no seu canal do Youtube<\/p>\n\n\n\n<div class=\"wp-block-buttons is-layout-flex wp-block-buttons-is-layout-flex\">\n<div class=\"wp-block-button\"><a class=\"wp-block-button__link wp-element-button\" href=\"https:\/\/www.youtube.com\/watch?v=C_klhXKO_Ns\" target=\"_blank\" rel=\"noreferrer noopener\">Assista ao discurso de Franco sobre o Groundswell<\/a><\/div>\n<\/div>","protected":false},"excerpt":{"rendered":"<p>Upcoming Events Regenerative Viticulture in Italy Regenagri is hosting an exclusive event:&nbsp;Regenerative viticulture in [\u2026]<\/p>\n","protected":false},"author":1,"featured_media":0,"parent":0,"menu_order":0,"comment_status":"closed","ping_status":"closed","template":"","meta":{"_acf_changed":false,"footnotes":""},"class_list":["post-46","page","type-page","status-publish","hentry"],"acf":[],"yoast_head":"<!-- This site is optimized with the Yoast SEO plugin v27.5 - https:\/\/yoast.com\/product\/yoast-seo-wordpress\/ -->\n<title>Events &#8212; Regenagri<\/title>\n<meta name=\"robots\" content=\"index, follow, max-snippet:-1, max-image-preview:large, max-video-preview:-1\" \/>\n<link rel=\"canonical\" href=\"https:\/\/regenagri.org\/pt\/eventos\/\" \/>\n<meta property=\"og:locale\" content=\"pt_PT\" \/>\n<meta property=\"og:type\" content=\"article\" \/>\n<meta property=\"og:title\" content=\"Events &#8212; Regenagri\" \/>\n<meta property=\"og:description\" content=\"Upcoming Events Regenerative Viticulture in Italy Regenagri is hosting an exclusive event:&nbsp;Regenerative viticulture in [\u2026]\" \/>\n<meta property=\"og:url\" content=\"https:\/\/regenagri.org\/pt\/eventos\/\" \/>\n<meta property=\"og:site_name\" content=\"Regenagri\" \/>\n<meta property=\"article:modified_time\" content=\"2025-01-23T15:01:54+00:00\" \/>\n<meta property=\"og:image\" content=\"https:\/\/regenagri.org\/wp-content\/uploads\/2025\/01\/image.png\" \/>\n\t<meta property=\"og:image:width\" content=\"1200\" \/>\n\t<meta property=\"og:image:height\" content=\"450\" \/>\n\t<meta property=\"og:image:type\" content=\"image\/png\" \/>\n<meta name=\"twitter:card\" content=\"summary_large_image\" \/>\n<script type=\"application\/ld+json\" class=\"yoast-schema-graph\">{\"@context\":\"https:\\\/\\\/schema.org\",\"@graph\":[{\"@type\":\"WebPage\",\"@id\":\"https:\\\/\\\/regenagri.org\\\/events\\\/\",\"url\":\"https:\\\/\\\/regenagri.org\\\/events\\\/\",\"name\":\"Events &#8212; Regenagri\",\"isPartOf\":{\"@id\":\"https:\\\/\\\/regenagri.org\\\/#website\"},\"primaryImageOfPage\":{\"@id\":\"https:\\\/\\\/regenagri.org\\\/events\\\/#primaryimage\"},\"image\":{\"@id\":\"https:\\\/\\\/regenagri.org\\\/events\\\/#primaryimage\"},\"thumbnailUrl\":\"https:\\\/\\\/regenagri.org\\\/wp-content\\\/uploads\\\/2025\\\/01\\\/image.png\",\"datePublished\":\"2021-05-07T08:08:23+00:00\",\"dateModified\":\"2025-01-23T15:01:54+00:00\",\"breadcrumb\":{\"@id\":\"https:\\\/\\\/regenagri.org\\\/events\\\/#breadcrumb\"},\"inLanguage\":\"pt-PT\",\"potentialAction\":[{\"@type\":\"ReadAction\",\"target\":[\"https:\\\/\\\/regenagri.org\\\/events\\\/\"]}]},{\"@type\":\"ImageObject\",\"inLanguage\":\"pt-PT\",\"@id\":\"https:\\\/\\\/regenagri.org\\\/events\\\/#primaryimage\",\"url\":\"https:\\\/\\\/regenagri.org\\\/wp-content\\\/uploads\\\/2025\\\/01\\\/image.png\",\"contentUrl\":\"https:\\\/\\\/regenagri.org\\\/wp-content\\\/uploads\\\/2025\\\/01\\\/image.png\"},{\"@type\":\"BreadcrumbList\",\"@id\":\"https:\\\/\\\/regenagri.org\\\/events\\\/#breadcrumb\",\"itemListElement\":[{\"@type\":\"ListItem\",\"position\":1,\"name\":\"Home\",\"item\":\"https:\\\/\\\/regenagri.org\\\/\"},{\"@type\":\"ListItem\",\"position\":2,\"name\":\"Events\"}]},{\"@type\":\"WebSite\",\"@id\":\"https:\\\/\\\/regenagri.org\\\/#website\",\"url\":\"https:\\\/\\\/regenagri.org\\\/\",\"name\":\"Regenagri\",\"description\":\"\",\"publisher\":{\"@id\":\"https:\\\/\\\/regenagri.org\\\/#organization\"},\"potentialAction\":[{\"@type\":\"SearchAction\",\"target\":{\"@type\":\"EntryPoint\",\"urlTemplate\":\"https:\\\/\\\/regenagri.org\\\/?s={search_term_string}\"},\"query-input\":{\"@type\":\"PropertyValueSpecification\",\"valueRequired\":true,\"valueName\":\"search_term_string\"}}],\"inLanguage\":\"pt-PT\"},{\"@type\":\"Organization\",\"@id\":\"https:\\\/\\\/regenagri.org\\\/#organization\",\"name\":\"regenagri\",\"url\":\"https:\\\/\\\/regenagri.org\\\/\",\"logo\":{\"@type\":\"ImageObject\",\"inLanguage\":\"pt-PT\",\"@id\":\"https:\\\/\\\/regenagri.org\\\/#\\\/schema\\\/logo\\\/image\\\/\",\"url\":\"https:\\\/\\\/regenagri.org\\\/wp-content\\\/uploads\\\/2021\\\/05\\\/regenagri.png\",\"contentUrl\":\"https:\\\/\\\/regenagri.org\\\/wp-content\\\/uploads\\\/2021\\\/05\\\/regenagri.png\",\"width\":1200,\"height\":452,\"caption\":\"regenagri\"},\"image\":{\"@id\":\"https:\\\/\\\/regenagri.org\\\/#\\\/schema\\\/logo\\\/image\\\/\"}}]}<\/script>\n<!-- \/ Yoast SEO plugin. -->","yoast_head_json":{"title":"Events &#8212; Regenagri","robots":{"index":"index","follow":"follow","max-snippet":"max-snippet:-1","max-image-preview":"max-image-preview:large","max-video-preview":"max-video-preview:-1"},"canonical":"https:\/\/regenagri.org\/pt\/eventos\/","og_locale":"pt_PT","og_type":"article","og_title":"Events &#8212; Regenagri","og_description":"Upcoming Events Regenerative Viticulture in Italy Regenagri is hosting an exclusive event:&nbsp;Regenerative viticulture in [\u2026]","og_url":"https:\/\/regenagri.org\/pt\/eventos\/","og_site_name":"Regenagri","article_modified_time":"2025-01-23T15:01:54+00:00","og_image":[{"width":1200,"height":450,"url":"https:\/\/regenagri.org\/wp-content\/uploads\/2025\/01\/image.png","type":"image\/png"}],"twitter_card":"summary_large_image","schema":{"@context":"https:\/\/schema.org","@graph":[{"@type":"WebPage","@id":"https:\/\/regenagri.org\/events\/","url":"https:\/\/regenagri.org\/events\/","name":"Events &#8212; Regenagri","isPartOf":{"@id":"https:\/\/regenagri.org\/#website"},"primaryImageOfPage":{"@id":"https:\/\/regenagri.org\/events\/#primaryimage"},"image":{"@id":"https:\/\/regenagri.org\/events\/#primaryimage"},"thumbnailUrl":"https:\/\/regenagri.org\/wp-content\/uploads\/2025\/01\/image.png","datePublished":"2021-05-07T08:08:23+00:00","dateModified":"2025-01-23T15:01:54+00:00","breadcrumb":{"@id":"https:\/\/regenagri.org\/events\/#breadcrumb"},"inLanguage":"pt-PT","potentialAction":[{"@type":"ReadAction","target":["https:\/\/regenagri.org\/events\/"]}]},{"@type":"ImageObject","inLanguage":"pt-PT","@id":"https:\/\/regenagri.org\/events\/#primaryimage","url":"https:\/\/regenagri.org\/wp-content\/uploads\/2025\/01\/image.png","contentUrl":"https:\/\/regenagri.org\/wp-content\/uploads\/2025\/01\/image.png"},{"@type":"BreadcrumbList","@id":"https:\/\/regenagri.org\/events\/#breadcrumb","itemListElement":[{"@type":"ListItem","position":1,"name":"Home","item":"https:\/\/regenagri.org\/"},{"@type":"ListItem","position":2,"name":"Events"}]},{"@type":"WebSite","@id":"https:\/\/regenagri.org\/#website","url":"https:\/\/regenagri.org\/","name":"Regenagri","description":"","publisher":{"@id":"https:\/\/regenagri.org\/#organization"},"potentialAction":[{"@type":"SearchAction","target":{"@type":"EntryPoint","urlTemplate":"https:\/\/regenagri.org\/?s={search_term_string}"},"query-input":{"@type":"PropertyValueSpecification","valueRequired":true,"valueName":"search_term_string"}}],"inLanguage":"pt-PT"},{"@type":"Organization","@id":"https:\/\/regenagri.org\/#organization","name":"regenagri","url":"https:\/\/regenagri.org\/","logo":{"@type":"ImageObject","inLanguage":"pt-PT","@id":"https:\/\/regenagri.org\/#\/schema\/logo\/image\/","url":"https:\/\/regenagri.org\/wp-content\/uploads\/2021\/05\/regenagri.png","contentUrl":"https:\/\/regenagri.org\/wp-content\/uploads\/2021\/05\/regenagri.png","width":1200,"height":452,"caption":"regenagri"},"image":{"@id":"https:\/\/regenagri.org\/#\/schema\/logo\/image\/"}}]}},"_links":{"self":[{"href":"https:\/\/regenagri.org\/pt\/wp-json\/wp\/v2\/pages\/46","targetHints":{"allow":["GET"]}}],"collection":[{"href":"https:\/\/regenagri.org\/pt\/wp-json\/wp\/v2\/pages"}],"about":[{"href":"https:\/\/regenagri.org\/pt\/wp-json\/wp\/v2\/types\/page"}],"author":[{"embeddable":true,"href":"https:\/\/regenagri.org\/pt\/wp-json\/wp\/v2\/users\/1"}],"replies":[{"embeddable":true,"href":"https:\/\/regenagri.org\/pt\/wp-json\/wp\/v2\/comments?post=46"}],"version-history":[{"count":78,"href":"https:\/\/regenagri.org\/pt\/wp-json\/wp\/v2\/pages\/46\/revisions"}],"predecessor-version":[{"id":7536,"href":"https:\/\/regenagri.org\/pt\/wp-json\/wp\/v2\/pages\/46\/revisions\/7536"}],"wp:attachment":[{"href":"https:\/\/regenagri.org\/pt\/wp-json\/wp\/v2\/media?parent=46"}],"curies":[{"name":"wp","href":"https:\/\/api.w.org\/{rel}","templated":true}]}}