{"id":1853,"date":"2023-07-13T13:50:25","date_gmt":"2023-07-13T12:50:25","guid":{"rendered":"https:\/\/regenagri.org\/?page_id=1853"},"modified":"2023-08-02T10:52:24","modified_gmt":"2023-08-02T09:52:24","slug":"theory-of-change","status":"publish","type":"page","link":"https:\/\/regenagri.org\/pt\/theory-of-change\/","title":{"rendered":"Teoria da Mudan\u00e7a"},"content":{"rendered":"<p><strong>Teoria da Mudan\u00e7a<\/strong><\/p>\n\n\n\n<p>The Theory of Change (ToC) of Regenagri C.i.C. is driven by key activities such as robust analysis, stakeholders\u2019 consultations, knowledge and learning activities.<\/p>\n\n\n\n<p>Our ToC helps to identify solutions and the approach to tackle the causes of issues such as loss of biodiversity, loss of soil health, climate change.<\/p>\n\n\n\n<p>The ToC is periodically reviewed to ensure that its approach is still effective to bring the desired change. Assumptions and risks analysis are also periodically reviewed and, if needed, adjusted to fit within the context.<\/p>\n\n\n\n<p>Our Theory of Change invites stakeholders to collaborate and share knowledge in order to change agriculture and its value chains so that land is regenerated and climate targets are achieved.<\/p>\n\n\n\n<p>View the full Theory of Change document <a href=\"https:\/\/regenagri.org\/wp-content\/uploads\/2023\/07\/regenagri-Theory-of-Change.pdf\">aqui<\/a>.<\/p>\n\n\n\n<p><strong>Monitoring, Evaluation and Learning system<\/strong><\/p>\n\n\n\n<p>A Regenagri C.i.C. implementa um sistema de Monitoriza\u00e7\u00e3o, Avalia\u00e7\u00e3o e Aprendizagem para avaliar a efic\u00e1cia do programa regenagri na consecu\u00e7\u00e3o dos seus objectivos e para medir e validar o seu impacto.&nbsp;<\/p>\n\n\n\n<p>A avalia\u00e7\u00e3o da efic\u00e1cia \u00e9 efectuada atrav\u00e9s de procedimentos que incluem, entre outros, a revis\u00e3o peri\u00f3dica dos organismos de certifica\u00e7\u00e3o, a revis\u00e3o dos dados auditados, mecanismos de feedback com as organiza\u00e7\u00f5es certificadas e os titulares de licen\u00e7as, actividades de avalia\u00e7\u00e3o comparativa com fontes cient\u00edficas e com outras normas, consultas \u00e0s partes interessadas e an\u00e1lise peri\u00f3dica dos dados.&nbsp;<\/p>\n\n\n\n<p>A Regenagri C.i.C. monitoriza continuamente a aceita\u00e7\u00e3o e o impacto do programa. Isto \u00e9 feito atrav\u00e9s de revis\u00f5es de dados, valida\u00e7\u00f5es e an\u00e1lise de dados.<\/p>\n\n\n\n<p>O acompanhamento do impacto e da aceita\u00e7\u00e3o permite \u00e0 Regenagri C.i.C. avaliar a realiza\u00e7\u00e3o dos seus objectivos.<\/p>\n\n\n\n<p>Todos os dados que sustentam a certifica\u00e7\u00e3o devem ser certificados por organismos de certifica\u00e7\u00e3o com acredita\u00e7\u00f5es externas (por organismos de acredita\u00e7\u00e3o nacionais ou mundiais).&nbsp;<\/p>\n\n\n\n<p>Este processo de verifica\u00e7\u00e3o de dados permite \u00e0 Regenagri C.i.C. efetuar uma an\u00e1lise v\u00e1lida e fi\u00e1vel do impacto e da aceita\u00e7\u00e3o das suas normas.&nbsp;<\/p>\n\n\n\n<p>A an\u00e1lise dos dados constitui uma importante oportunidade de aprendizagem para continuar a melhorar as normas e abordagens do Regenagri.&nbsp;<\/p>\n\n\n\n<p>Anualmente, a Regenagri C.i.C. efectua uma revis\u00e3o do sistema MEL para garantir a sua efic\u00e1cia. S\u00e3o tamb\u00e9m efectuadas an\u00e1lises de impacto peri\u00f3dicas para destacar \u00e1reas de sucesso, desafios a enfrentar e contextos regionais; os relat\u00f3rios correspondentes cont\u00eam dados muito valiosos para as partes interessadas e destinam-se a ser partilhados publicamente.&nbsp;<\/p>\n\n\n\n<p>Os resultados da avalia\u00e7\u00e3o da MEL incluem:&nbsp;<\/p>\n\n\n\n<ul class=\"wp-block-list\">\n<li>Ado\u00e7\u00e3o global e regional do programa regenagri&nbsp;&nbsp;<\/li>\n\n\n\n<li>Conserva\u00e7\u00e3o alcan\u00e7ada&nbsp;&nbsp;<\/li>\n\n\n\n<li>Dados sobre emiss\u00f5es de carbono e de gases com efeito de estufa&nbsp;<\/li>\n\n\n\n<li>Indicadores de impacto ambiental (ou seja, sa\u00fade do solo, \u00e1gua)&nbsp;<\/li>\n<\/ul>\n\n\n\n<p>Estas ser\u00e3o partilhadas publicamente atrav\u00e9s do s\u00edtio Web e de outros canais p\u00fablicos.<\/p>","protected":false},"excerpt":{"rendered":"<p>Theory of Change The Theory of Change (ToC) of Regenagri C.i.C. is driven by [\u2026]<\/p>\n","protected":false},"author":6,"featured_media":1855,"parent":0,"menu_order":0,"comment_status":"closed","ping_status":"closed","template":"","meta":{"_acf_changed":false,"footnotes":""},"class_list":["post-1853","page","type-page","status-publish","has-post-thumbnail","hentry"],"acf":[],"yoast_head":"<!-- This site is optimized with the Yoast SEO plugin v27.4 - https:\/\/yoast.com\/product\/yoast-seo-wordpress\/ -->\n<title>Theory of Change &#8212; regenagri<\/title>\n<meta name=\"robots\" content=\"index, follow, max-snippet:-1, max-image-preview:large, max-video-preview:-1\" \/>\n<link rel=\"canonical\" href=\"https:\/\/regenagri.org\/pt\/theory-of-change\/\" \/>\n<meta property=\"og:locale\" content=\"pt_PT\" \/>\n<meta property=\"og:type\" content=\"article\" \/>\n<meta property=\"og:title\" content=\"Theory of Change &#8212; regenagri\" \/>\n<meta property=\"og:description\" content=\"Theory of Change The Theory of Change (ToC) of Regenagri C.i.C. is driven by [\u2026]\" \/>\n<meta property=\"og:url\" content=\"https:\/\/regenagri.org\/pt\/theory-of-change\/\" \/>\n<meta property=\"og:site_name\" content=\"regenagri\" \/>\n<meta property=\"article:modified_time\" content=\"2023-08-02T09:52:24+00:00\" \/>\n<meta property=\"og:image\" content=\"https:\/\/regenagri.org\/wp-content\/uploads\/2023\/07\/AdobeStock_250597018.jpeg\" \/>\n\t<meta property=\"og:image:width\" content=\"1920\" \/>\n\t<meta property=\"og:image:height\" content=\"843\" \/>\n\t<meta property=\"og:image:type\" content=\"image\/jpeg\" \/>\n<meta name=\"twitter:card\" content=\"summary_large_image\" \/>\n<script type=\"application\/ld+json\" class=\"yoast-schema-graph\">{\"@context\":\"https:\\\/\\\/schema.org\",\"@graph\":[{\"@type\":\"WebPage\",\"@id\":\"https:\\\/\\\/regenagri.org\\\/theory-of-change\\\/\",\"url\":\"https:\\\/\\\/regenagri.org\\\/theory-of-change\\\/\",\"name\":\"Theory of Change &#8212; regenagri\",\"isPartOf\":{\"@id\":\"https:\\\/\\\/regenagri.org\\\/#website\"},\"primaryImageOfPage\":{\"@id\":\"https:\\\/\\\/regenagri.org\\\/theory-of-change\\\/#primaryimage\"},\"image\":{\"@id\":\"https:\\\/\\\/regenagri.org\\\/theory-of-change\\\/#primaryimage\"},\"thumbnailUrl\":\"https:\\\/\\\/regenagri.org\\\/wp-content\\\/uploads\\\/2023\\\/07\\\/AdobeStock_250597018.jpeg\",\"datePublished\":\"2023-07-13T12:50:25+00:00\",\"dateModified\":\"2023-08-02T09:52:24+00:00\",\"breadcrumb\":{\"@id\":\"https:\\\/\\\/regenagri.org\\\/theory-of-change\\\/#breadcrumb\"},\"inLanguage\":\"pt-PT\",\"potentialAction\":[{\"@type\":\"ReadAction\",\"target\":[\"https:\\\/\\\/regenagri.org\\\/theory-of-change\\\/\"]}]},{\"@type\":\"ImageObject\",\"inLanguage\":\"pt-PT\",\"@id\":\"https:\\\/\\\/regenagri.org\\\/theory-of-change\\\/#primaryimage\",\"url\":\"https:\\\/\\\/regenagri.org\\\/wp-content\\\/uploads\\\/2023\\\/07\\\/AdobeStock_250597018.jpeg\",\"contentUrl\":\"https:\\\/\\\/regenagri.org\\\/wp-content\\\/uploads\\\/2023\\\/07\\\/AdobeStock_250597018.jpeg\",\"width\":1920,\"height\":843},{\"@type\":\"BreadcrumbList\",\"@id\":\"https:\\\/\\\/regenagri.org\\\/theory-of-change\\\/#breadcrumb\",\"itemListElement\":[{\"@type\":\"ListItem\",\"position\":1,\"name\":\"Home\",\"item\":\"https:\\\/\\\/regenagri.org\\\/\"},{\"@type\":\"ListItem\",\"position\":2,\"name\":\"Theory of Change\"}]},{\"@type\":\"WebSite\",\"@id\":\"https:\\\/\\\/regenagri.org\\\/#website\",\"url\":\"https:\\\/\\\/regenagri.org\\\/\",\"name\":\"regenagri\",\"description\":\"\",\"publisher\":{\"@id\":\"https:\\\/\\\/regenagri.org\\\/#organization\"},\"potentialAction\":[{\"@type\":\"SearchAction\",\"target\":{\"@type\":\"EntryPoint\",\"urlTemplate\":\"https:\\\/\\\/regenagri.org\\\/?s={search_term_string}\"},\"query-input\":{\"@type\":\"PropertyValueSpecification\",\"valueRequired\":true,\"valueName\":\"search_term_string\"}}],\"inLanguage\":\"pt-PT\"},{\"@type\":\"Organization\",\"@id\":\"https:\\\/\\\/regenagri.org\\\/#organization\",\"name\":\"regenagri\",\"url\":\"https:\\\/\\\/regenagri.org\\\/\",\"logo\":{\"@type\":\"ImageObject\",\"inLanguage\":\"pt-PT\",\"@id\":\"https:\\\/\\\/regenagri.org\\\/#\\\/schema\\\/logo\\\/image\\\/\",\"url\":\"https:\\\/\\\/regenagri.org\\\/wp-content\\\/uploads\\\/2021\\\/05\\\/regenagri.png\",\"contentUrl\":\"https:\\\/\\\/regenagri.org\\\/wp-content\\\/uploads\\\/2021\\\/05\\\/regenagri.png\",\"width\":1200,\"height\":452,\"caption\":\"regenagri\"},\"image\":{\"@id\":\"https:\\\/\\\/regenagri.org\\\/#\\\/schema\\\/logo\\\/image\\\/\"}}]}<\/script>\n<!-- \/ Yoast SEO plugin. -->","yoast_head_json":{"title":"Theory of Change &#8212; regenagri","robots":{"index":"index","follow":"follow","max-snippet":"max-snippet:-1","max-image-preview":"max-image-preview:large","max-video-preview":"max-video-preview:-1"},"canonical":"https:\/\/regenagri.org\/pt\/theory-of-change\/","og_locale":"pt_PT","og_type":"article","og_title":"Theory of Change &#8212; regenagri","og_description":"Theory of Change The Theory of Change (ToC) of Regenagri C.i.C. is driven by [\u2026]","og_url":"https:\/\/regenagri.org\/pt\/theory-of-change\/","og_site_name":"regenagri","article_modified_time":"2023-08-02T09:52:24+00:00","og_image":[{"width":1920,"height":843,"url":"https:\/\/regenagri.org\/wp-content\/uploads\/2023\/07\/AdobeStock_250597018.jpeg","type":"image\/jpeg"}],"twitter_card":"summary_large_image","schema":{"@context":"https:\/\/schema.org","@graph":[{"@type":"WebPage","@id":"https:\/\/regenagri.org\/theory-of-change\/","url":"https:\/\/regenagri.org\/theory-of-change\/","name":"Theory of Change &#8212; regenagri","isPartOf":{"@id":"https:\/\/regenagri.org\/#website"},"primaryImageOfPage":{"@id":"https:\/\/regenagri.org\/theory-of-change\/#primaryimage"},"image":{"@id":"https:\/\/regenagri.org\/theory-of-change\/#primaryimage"},"thumbnailUrl":"https:\/\/regenagri.org\/wp-content\/uploads\/2023\/07\/AdobeStock_250597018.jpeg","datePublished":"2023-07-13T12:50:25+00:00","dateModified":"2023-08-02T09:52:24+00:00","breadcrumb":{"@id":"https:\/\/regenagri.org\/theory-of-change\/#breadcrumb"},"inLanguage":"pt-PT","potentialAction":[{"@type":"ReadAction","target":["https:\/\/regenagri.org\/theory-of-change\/"]}]},{"@type":"ImageObject","inLanguage":"pt-PT","@id":"https:\/\/regenagri.org\/theory-of-change\/#primaryimage","url":"https:\/\/regenagri.org\/wp-content\/uploads\/2023\/07\/AdobeStock_250597018.jpeg","contentUrl":"https:\/\/regenagri.org\/wp-content\/uploads\/2023\/07\/AdobeStock_250597018.jpeg","width":1920,"height":843},{"@type":"BreadcrumbList","@id":"https:\/\/regenagri.org\/theory-of-change\/#breadcrumb","itemListElement":[{"@type":"ListItem","position":1,"name":"Home","item":"https:\/\/regenagri.org\/"},{"@type":"ListItem","position":2,"name":"Theory of Change"}]},{"@type":"WebSite","@id":"https:\/\/regenagri.org\/#website","url":"https:\/\/regenagri.org\/","name":"regenagri","description":"","publisher":{"@id":"https:\/\/regenagri.org\/#organization"},"potentialAction":[{"@type":"SearchAction","target":{"@type":"EntryPoint","urlTemplate":"https:\/\/regenagri.org\/?s={search_term_string}"},"query-input":{"@type":"PropertyValueSpecification","valueRequired":true,"valueName":"search_term_string"}}],"inLanguage":"pt-PT"},{"@type":"Organization","@id":"https:\/\/regenagri.org\/#organization","name":"regenagri","url":"https:\/\/regenagri.org\/","logo":{"@type":"ImageObject","inLanguage":"pt-PT","@id":"https:\/\/regenagri.org\/#\/schema\/logo\/image\/","url":"https:\/\/regenagri.org\/wp-content\/uploads\/2021\/05\/regenagri.png","contentUrl":"https:\/\/regenagri.org\/wp-content\/uploads\/2021\/05\/regenagri.png","width":1200,"height":452,"caption":"regenagri"},"image":{"@id":"https:\/\/regenagri.org\/#\/schema\/logo\/image\/"}}]}},"_links":{"self":[{"href":"https:\/\/regenagri.org\/pt\/wp-json\/wp\/v2\/pages\/1853","targetHints":{"allow":["GET"]}}],"collection":[{"href":"https:\/\/regenagri.org\/pt\/wp-json\/wp\/v2\/pages"}],"about":[{"href":"https:\/\/regenagri.org\/pt\/wp-json\/wp\/v2\/types\/page"}],"author":[{"embeddable":true,"href":"https:\/\/regenagri.org\/pt\/wp-json\/wp\/v2\/users\/6"}],"replies":[{"embeddable":true,"href":"https:\/\/regenagri.org\/pt\/wp-json\/wp\/v2\/comments?post=1853"}],"version-history":[{"count":6,"href":"https:\/\/regenagri.org\/pt\/wp-json\/wp\/v2\/pages\/1853\/revisions"}],"predecessor-version":[{"id":1957,"href":"https:\/\/regenagri.org\/pt\/wp-json\/wp\/v2\/pages\/1853\/revisions\/1957"}],"wp:featuredmedia":[{"embeddable":true,"href":"https:\/\/regenagri.org\/pt\/wp-json\/wp\/v2\/media\/1855"}],"wp:attachment":[{"href":"https:\/\/regenagri.org\/pt\/wp-json\/wp\/v2\/media?parent=1853"}],"curies":[{"name":"wp","href":"https:\/\/api.w.org\/{rel}","templated":true}]}}