{"id":16,"date":"2021-05-03T20:15:47","date_gmt":"2021-05-03T19:15:47","guid":{"rendered":"http:\/\/regenagri-org.stackstaging.com\/?page_id=16"},"modified":"2025-07-23T13:56:46","modified_gmt":"2025-07-23T12:56:46","slug":"sobre-nos","status":"publish","type":"page","link":"https:\/\/regenagri.org\/pt\/about-us\/","title":{"rendered":"Sobre n\u00f3s"},"content":{"rendered":"<p><strong>regenagri <\/strong> \u00e9 um programa internacional de agricultura regenerativa para garantir a sa\u00fade da terra e a riqueza dos que nela vivem.<\/p>\n\n\n\n<p>Apoia as explora\u00e7\u00f5es agr\u00edcolas e as organiza\u00e7\u00f5es que fazem a transi\u00e7\u00e3o para uma agricultura hol\u00edstica, aumentando a sa\u00fade do solo, incentivando a biodiversidade, reduzindo as emiss\u00f5es de gases com efeito de estufa e sequestrando o CO2. O regenagri tamb\u00e9m proporciona aos agricultores vias de acesso a fundos adicionais atrav\u00e9s dos mercados de cr\u00e9ditos de carbono e dos subs\u00eddios ambientais.<\/p>\n\n\n\n<p>Ao apoiar a agricultura regenerativa, ajudamos a regenerar o nosso planeta e garantimos de forma sustent\u00e1vel o futuro dos produtos agr\u00edcolas e das suas cadeias de abastecimento.<\/p>\n\n\n\n<figure class=\"wp-block-image size-large\"><img decoding=\"async\" width=\"1200\" height=\"799\" data-src=\"https:\/\/regenagri.org\/wp-content\/uploads\/2021\/06\/AdobeStock_385196411-1200x799.jpeg\" alt=\"\" class=\"wp-image-594 lazyload\" data-srcset=\"https:\/\/regenagri.org\/wp-content\/uploads\/2021\/06\/AdobeStock_385196411-1200x799.jpeg 1200w, https:\/\/regenagri.org\/wp-content\/uploads\/2021\/06\/AdobeStock_385196411-700x466.jpeg 700w, https:\/\/regenagri.org\/wp-content\/uploads\/2021\/06\/AdobeStock_385196411-768x512.jpeg 768w, https:\/\/regenagri.org\/wp-content\/uploads\/2021\/06\/AdobeStock_385196411-1536x1023.jpeg 1536w, https:\/\/regenagri.org\/wp-content\/uploads\/2021\/06\/AdobeStock_385196411.jpeg 1920w\" data-sizes=\"(max-width: 1200px) 100vw, 1200px\" src=\"data:image\/svg+xml;base64,PHN2ZyB3aWR0aD0iMSIgaGVpZ2h0PSIxIiB4bWxucz0iaHR0cDovL3d3dy53My5vcmcvMjAwMC9zdmciPjwvc3ZnPg==\" style=\"--smush-placeholder-width: 1200px; --smush-placeholder-aspect-ratio: 1200\/799;\" \/><\/figure>\n\n\n\n<div class=\"wp-block-buttons is-layout-flex wp-block-buttons-is-layout-flex\">\n<div class=\"wp-block-button\"><a class=\"wp-block-button__link wp-element-button\" href=\"https:\/\/regenagri.org\/pt\/contactar-nos\/\">Saiba mais<\/a><\/div>\n<\/div>\n\n\n\n<p><\/p>\n\n\n\n<h2 class=\"wp-block-heading\">Governance Structure<\/h2>\n\n\n\n<p>Regenagri C.i.C. is registered in the U.K. as a Community Interest Company (C.i.C.). Regenagri opted for the C.i.C. status because it provides a unique legal structure that is specifically designed to benefit the community or pursue social objectives rather than maximising profits for shareholders. By statutes, Regenagri C.i.C. is required to engage with the local community and provide transparent reporting on its impact. This ensures that Regenagri C.i.C. remains accountable to its stakeholders, including beneficiaries, funders, and the wider community.<\/p>\n\n\n\n<p>Regenagri C.i.C. has two shareholders, Solidaridad Network Asia Limited and the International Cooperative Alliance. Solidaridad Foundation is an internation civil society organisation working in over 40 countries over five continents and with 55 years of experience in developing solutions to make farms and farms communities more resilient. The International Cooperative Alliance represents about one billion cooperative members, many of whom are active in the agricultural sector.<\/p>\n\n\n\n<p>For updates in shareholding of Regenagri C.i.C. please consult the <a href=\"https:\/\/find-and-update.company-information.service.gov.uk\/company\/14596676\/more\" target=\"_blank\" rel=\"noreferrer noopener\">Companies House registry.<\/a><\/p>\n\n\n\n<p>There is no direct or indirect (through affiliates or subsidiaries) interest by third-party certification bodies, in Regenagri C.i.C. or in its shareholders.<\/p>\n\n\n\n<p>Regenagri C.i.C. has a two-tiered structure:<\/p>\n\n\n\n<ol start=\"1\" style=\"list-style-type:1\" class=\"wp-block-list\">\n<li><strong>Board of Directors<\/strong>: Regenagri C.i.C.\u2019s Board of Directors is responsible for establishing and guiding the organisation&#8217;s long-term strategic vision, priorities, and policies. They also oversee the financial aspects of the organisation. The Board of Directors are aimed to represent a diverse group of professionals from the global North and South. The board of directors is composed of the CEO and 1 or 2 directors appointed by each shareholder.<\/li>\n<\/ol>\n\n\n\n<ol start=\"2\" style=\"list-style-type:1\" class=\"wp-block-list\">\n<li><strong>Secretariat: <\/strong>The Secretariat is headed by the CEO of Regenagri C.i.C. The primary role of the Secretariat is to facilitate and oversee the implementation of Regenagri C.i.C.\u2019s strategies, programs, and standards. This involves working closely with stakeholders across different agricultural supply chains, including farmers, manufacturers, retailers, and civil society organisations. The Secretariat is responsible for developing and continuously improving the regenagri standard, criteria, and guidelines. We work collaboratively with experts, stakeholders, and partners to ensure the standards reflect best practices and address key sustainability challenges in regenerative agriculture<\/li>\n<\/ol>\n\n\n\n<p><\/p>\n\n\n\n<h2 class=\"wp-block-heading\">Equal Opportunities and Inclusiveness Policy<\/h2>\n\n\n\n<p>Regenagri C.i.C. is committed to encouraging diversity and eliminating discrimination in both its role as an employer and as a provider of services. Our aim is that our staff, as well as subcontractors, are truly representative of all sections of society and work in an environment where everyone is respected and able to perform to the best of their ability. Our policy is to provide equality and fairness for all in our employment and in our provision of services and not to discriminate on the grounds of gender, marital status, race, ethnic origin, colour, nationality, national origin, disability, sexual orientation, religion or age.<\/p>\n\n\n\n<p>Regenagri C.i.C. opposes all forms of unlawful and unfair discrimination. It is our policy to provide a suitable environment for people with disabilities. All reasonable facilities will be provided for staff with disabilities to perform their roles without difficulty or disadvantage.<\/p>\n\n\n\n<p>Regenagri C.i.C.<strong> <\/strong>will not tolerate direct or indirect discrimination against any person on grounds of age, disability, gender \/ gender reassignment, marriage \/ civil partnership, pregnancy \/ maternity, race, religion or belief, sex, or sexual orientation whether in the field of recruitment, terms and conditions of employment, career progression, training, transfer or dismissal.<\/p>\n\n\n\n<p>It is also the responsibility of all staff in their daily actions, decisions and behaviour to endeavour to promote these concepts, to comply with all relevant legislation and to ensure that they do not discriminate against colleagues, customers, suppliers or any other person associated with Regenagri C.i.C.<\/p>\n\n\n\n<p>The Equal Opportunities statement aims to promote equality, harmony and respect amongst individuals and to eliminate discrimination, harassment and victimisation of all kinds. Every employee must ensure that his\/her conduct conforms to the standards set out in this statement.Regenagri C.i.C. &nbsp;believes that the working environment should at all times be supportive of the dignity and respect of individuals. If a complaint of harassment is brought to the attention of management, it will be investigated promptly and appropriate action will be taken.<\/p>","protected":false},"excerpt":{"rendered":"<p>regenagri is an international regenerative agriculture program for securing the health of the land [\u2026]<\/p>\n","protected":false},"author":1,"featured_media":428,"parent":0,"menu_order":0,"comment_status":"closed","ping_status":"closed","template":"","meta":{"_acf_changed":false,"footnotes":""},"class_list":["post-16","page","type-page","status-publish","has-post-thumbnail","hentry"],"acf":[],"yoast_head":"<!-- This site is optimized with the Yoast SEO plugin v27.4 - https:\/\/yoast.com\/product\/yoast-seo-wordpress\/ -->\n<title>About us &#8212; regenagri<\/title>\n<meta name=\"description\" content=\"regenagri is a regenerative agriculture initiative aimed at securing the health of the land and the wealth of those who live on it.\" \/>\n<meta name=\"robots\" content=\"index, follow, max-snippet:-1, max-image-preview:large, max-video-preview:-1\" \/>\n<link rel=\"canonical\" href=\"https:\/\/regenagri.org\/pt\/sobre-nos\/\" \/>\n<meta property=\"og:locale\" content=\"pt_PT\" \/>\n<meta property=\"og:type\" content=\"article\" \/>\n<meta property=\"og:title\" content=\"About us &#8212; regenagri\" \/>\n<meta property=\"og:description\" content=\"regenagri is a regenerative agriculture initiative aimed at securing the health of the land and the wealth of those who live on it.\" \/>\n<meta property=\"og:url\" content=\"https:\/\/regenagri.org\/pt\/sobre-nos\/\" \/>\n<meta property=\"og:site_name\" content=\"regenagri\" \/>\n<meta property=\"article:modified_time\" content=\"2025-07-23T12:56:46+00:00\" \/>\n<meta property=\"og:image\" content=\"https:\/\/regenagri.org\/wp-content\/uploads\/2021\/06\/regenagri-banner-image.png\" \/>\n\t<meta property=\"og:image:width\" content=\"1390\" \/>\n\t<meta property=\"og:image:height\" content=\"782\" \/>\n\t<meta property=\"og:image:type\" content=\"image\/png\" \/>\n<meta name=\"twitter:card\" content=\"summary_large_image\" \/>\n<script type=\"application\/ld+json\" class=\"yoast-schema-graph\">{\"@context\":\"https:\\\/\\\/schema.org\",\"@graph\":[{\"@type\":\"WebPage\",\"@id\":\"https:\\\/\\\/regenagri.org\\\/about-us\\\/\",\"url\":\"https:\\\/\\\/regenagri.org\\\/about-us\\\/\",\"name\":\"About us &#8212; regenagri\",\"isPartOf\":{\"@id\":\"https:\\\/\\\/regenagri.org\\\/#website\"},\"primaryImageOfPage\":{\"@id\":\"https:\\\/\\\/regenagri.org\\\/about-us\\\/#primaryimage\"},\"image\":{\"@id\":\"https:\\\/\\\/regenagri.org\\\/about-us\\\/#primaryimage\"},\"thumbnailUrl\":\"https:\\\/\\\/regenagri.org\\\/wp-content\\\/uploads\\\/2021\\\/06\\\/regenagri-banner-image.png\",\"datePublished\":\"2021-05-03T19:15:47+00:00\",\"dateModified\":\"2025-07-23T12:56:46+00:00\",\"description\":\"regenagri is a regenerative agriculture initiative aimed at securing the health of the land and the wealth of those who live on it.\",\"breadcrumb\":{\"@id\":\"https:\\\/\\\/regenagri.org\\\/about-us\\\/#breadcrumb\"},\"inLanguage\":\"pt-PT\",\"potentialAction\":[{\"@type\":\"ReadAction\",\"target\":[\"https:\\\/\\\/regenagri.org\\\/about-us\\\/\"]}]},{\"@type\":\"ImageObject\",\"inLanguage\":\"pt-PT\",\"@id\":\"https:\\\/\\\/regenagri.org\\\/about-us\\\/#primaryimage\",\"url\":\"https:\\\/\\\/regenagri.org\\\/wp-content\\\/uploads\\\/2021\\\/06\\\/regenagri-banner-image.png\",\"contentUrl\":\"https:\\\/\\\/regenagri.org\\\/wp-content\\\/uploads\\\/2021\\\/06\\\/regenagri-banner-image.png\",\"width\":1390,\"height\":782},{\"@type\":\"BreadcrumbList\",\"@id\":\"https:\\\/\\\/regenagri.org\\\/about-us\\\/#breadcrumb\",\"itemListElement\":[{\"@type\":\"ListItem\",\"position\":1,\"name\":\"Home\",\"item\":\"https:\\\/\\\/regenagri.org\\\/\"},{\"@type\":\"ListItem\",\"position\":2,\"name\":\"About us\"}]},{\"@type\":\"WebSite\",\"@id\":\"https:\\\/\\\/regenagri.org\\\/#website\",\"url\":\"https:\\\/\\\/regenagri.org\\\/\",\"name\":\"regenagri\",\"description\":\"\",\"publisher\":{\"@id\":\"https:\\\/\\\/regenagri.org\\\/#organization\"},\"potentialAction\":[{\"@type\":\"SearchAction\",\"target\":{\"@type\":\"EntryPoint\",\"urlTemplate\":\"https:\\\/\\\/regenagri.org\\\/?s={search_term_string}\"},\"query-input\":{\"@type\":\"PropertyValueSpecification\",\"valueRequired\":true,\"valueName\":\"search_term_string\"}}],\"inLanguage\":\"pt-PT\"},{\"@type\":\"Organization\",\"@id\":\"https:\\\/\\\/regenagri.org\\\/#organization\",\"name\":\"regenagri\",\"url\":\"https:\\\/\\\/regenagri.org\\\/\",\"logo\":{\"@type\":\"ImageObject\",\"inLanguage\":\"pt-PT\",\"@id\":\"https:\\\/\\\/regenagri.org\\\/#\\\/schema\\\/logo\\\/image\\\/\",\"url\":\"https:\\\/\\\/regenagri.org\\\/wp-content\\\/uploads\\\/2021\\\/05\\\/regenagri.png\",\"contentUrl\":\"https:\\\/\\\/regenagri.org\\\/wp-content\\\/uploads\\\/2021\\\/05\\\/regenagri.png\",\"width\":1200,\"height\":452,\"caption\":\"regenagri\"},\"image\":{\"@id\":\"https:\\\/\\\/regenagri.org\\\/#\\\/schema\\\/logo\\\/image\\\/\"}}]}<\/script>\n<!-- \/ Yoast SEO plugin. -->","yoast_head_json":{"title":"About us &#8212; regenagri","description":"regenagri \u00e9 uma iniciativa de agricultura regenerativa que tem por objetivo assegurar a sa\u00fade da terra e a riqueza dos que nela vivem.","robots":{"index":"index","follow":"follow","max-snippet":"max-snippet:-1","max-image-preview":"max-image-preview:large","max-video-preview":"max-video-preview:-1"},"canonical":"https:\/\/regenagri.org\/pt\/sobre-nos\/","og_locale":"pt_PT","og_type":"article","og_title":"About us &#8212; regenagri","og_description":"regenagri is a regenerative agriculture initiative aimed at securing the health of the land and the wealth of those who live on it.","og_url":"https:\/\/regenagri.org\/pt\/sobre-nos\/","og_site_name":"regenagri","article_modified_time":"2025-07-23T12:56:46+00:00","og_image":[{"width":1390,"height":782,"url":"https:\/\/regenagri.org\/wp-content\/uploads\/2021\/06\/regenagri-banner-image.png","type":"image\/png"}],"twitter_card":"summary_large_image","schema":{"@context":"https:\/\/schema.org","@graph":[{"@type":"WebPage","@id":"https:\/\/regenagri.org\/about-us\/","url":"https:\/\/regenagri.org\/about-us\/","name":"About us &#8212; regenagri","isPartOf":{"@id":"https:\/\/regenagri.org\/#website"},"primaryImageOfPage":{"@id":"https:\/\/regenagri.org\/about-us\/#primaryimage"},"image":{"@id":"https:\/\/regenagri.org\/about-us\/#primaryimage"},"thumbnailUrl":"https:\/\/regenagri.org\/wp-content\/uploads\/2021\/06\/regenagri-banner-image.png","datePublished":"2021-05-03T19:15:47+00:00","dateModified":"2025-07-23T12:56:46+00:00","description":"regenagri \u00e9 uma iniciativa de agricultura regenerativa que tem por objetivo assegurar a sa\u00fade da terra e a riqueza dos que nela vivem.","breadcrumb":{"@id":"https:\/\/regenagri.org\/about-us\/#breadcrumb"},"inLanguage":"pt-PT","potentialAction":[{"@type":"ReadAction","target":["https:\/\/regenagri.org\/about-us\/"]}]},{"@type":"ImageObject","inLanguage":"pt-PT","@id":"https:\/\/regenagri.org\/about-us\/#primaryimage","url":"https:\/\/regenagri.org\/wp-content\/uploads\/2021\/06\/regenagri-banner-image.png","contentUrl":"https:\/\/regenagri.org\/wp-content\/uploads\/2021\/06\/regenagri-banner-image.png","width":1390,"height":782},{"@type":"BreadcrumbList","@id":"https:\/\/regenagri.org\/about-us\/#breadcrumb","itemListElement":[{"@type":"ListItem","position":1,"name":"Home","item":"https:\/\/regenagri.org\/"},{"@type":"ListItem","position":2,"name":"About us"}]},{"@type":"WebSite","@id":"https:\/\/regenagri.org\/#website","url":"https:\/\/regenagri.org\/","name":"regenagri","description":"","publisher":{"@id":"https:\/\/regenagri.org\/#organization"},"potentialAction":[{"@type":"SearchAction","target":{"@type":"EntryPoint","urlTemplate":"https:\/\/regenagri.org\/?s={search_term_string}"},"query-input":{"@type":"PropertyValueSpecification","valueRequired":true,"valueName":"search_term_string"}}],"inLanguage":"pt-PT"},{"@type":"Organization","@id":"https:\/\/regenagri.org\/#organization","name":"regenagri","url":"https:\/\/regenagri.org\/","logo":{"@type":"ImageObject","inLanguage":"pt-PT","@id":"https:\/\/regenagri.org\/#\/schema\/logo\/image\/","url":"https:\/\/regenagri.org\/wp-content\/uploads\/2021\/05\/regenagri.png","contentUrl":"https:\/\/regenagri.org\/wp-content\/uploads\/2021\/05\/regenagri.png","width":1200,"height":452,"caption":"regenagri"},"image":{"@id":"https:\/\/regenagri.org\/#\/schema\/logo\/image\/"}}]}},"_links":{"self":[{"href":"https:\/\/regenagri.org\/pt\/wp-json\/wp\/v2\/pages\/16","targetHints":{"allow":["GET"]}}],"collection":[{"href":"https:\/\/regenagri.org\/pt\/wp-json\/wp\/v2\/pages"}],"about":[{"href":"https:\/\/regenagri.org\/pt\/wp-json\/wp\/v2\/types\/page"}],"author":[{"embeddable":true,"href":"https:\/\/regenagri.org\/pt\/wp-json\/wp\/v2\/users\/1"}],"replies":[{"embeddable":true,"href":"https:\/\/regenagri.org\/pt\/wp-json\/wp\/v2\/comments?post=16"}],"version-history":[{"count":25,"href":"https:\/\/regenagri.org\/pt\/wp-json\/wp\/v2\/pages\/16\/revisions"}],"predecessor-version":[{"id":9221,"href":"https:\/\/regenagri.org\/pt\/wp-json\/wp\/v2\/pages\/16\/revisions\/9221"}],"wp:featuredmedia":[{"embeddable":true,"href":"https:\/\/regenagri.org\/pt\/wp-json\/wp\/v2\/media\/428"}],"wp:attachment":[{"href":"https:\/\/regenagri.org\/pt\/wp-json\/wp\/v2\/media?parent=16"}],"curies":[{"name":"wp","href":"https:\/\/api.w.org\/{rel}","templated":true}]}}