{"id":12,"date":"2021-05-03T20:15:27","date_gmt":"2021-05-03T19:15:27","guid":{"rendered":"http:\/\/regenagri-org.stackstaging.com\/?page_id=12"},"modified":"2026-04-29T14:17:58","modified_gmt":"2026-04-29T13:17:58","slug":"porque-regenagri","status":"publish","type":"page","link":"https:\/\/regenagri.org\/pt\/why-regenagri\/","title":{"rendered":"Sobre Regenagri"},"content":{"rendered":"<p class=\"has-text-align-center\">Regenagri is a regenerative agriculture initiative aimed at securing the health of the land and the wealth of those who live on it. It supports farms and organisations to transition to holistic farming techniques that increase soil organic matter, encourage biodiversity sequester CO<sub>2<\/sub> and improve water and energy management. Designed for continuous improvement, Regenagri offers members a complete solution for measuring and reporting on regenerative progress and monetizing environmentally minded farming.<\/p>\n\n\n\n<p class=\"has-text-align-center\">The technical development of Regenagri is supported by a governance team, a group of organisations expert in all aspects of regenerative agriculture.<\/p>\n\n\n\n<figure class=\"wp-block-image size-large is-resized\"><img decoding=\"async\" width=\"1200\" height=\"1109\" data-src=\"https:\/\/regenagri.org\/wp-content\/uploads\/2021\/06\/Engagement-Model-1200x1109.png\" alt=\"\" class=\"wp-image-534 lazyload\" style=\"--smush-placeholder-width: 1200px; --smush-placeholder-aspect-ratio: 1200\/1109;width:852px;height:788px\" data-srcset=\"https:\/\/regenagri.org\/wp-content\/uploads\/2021\/06\/Engagement-Model-1200x1109.png 1200w, https:\/\/regenagri.org\/wp-content\/uploads\/2021\/06\/Engagement-Model-700x647.png 700w, https:\/\/regenagri.org\/wp-content\/uploads\/2021\/06\/Engagement-Model-768x710.png 768w, https:\/\/regenagri.org\/wp-content\/uploads\/2021\/06\/Engagement-Model.png 1523w\" data-sizes=\"(max-width: 1200px) 100vw, 1200px\" src=\"data:image\/svg+xml;base64,PHN2ZyB3aWR0aD0iMSIgaGVpZ2h0PSIxIiB4bWxucz0iaHR0cDovL3d3dy53My5vcmcvMjAwMC9zdmciPjwvc3ZnPg==\" \/><\/figure>\n\n\n\n<div class=\"wp-block-buttons is-layout-flex wp-block-buttons-is-layout-flex\">\n<div class=\"wp-block-button\"><a class=\"wp-block-button__link wp-element-button\" href=\"https:\/\/regenagri.org\/pt\/contactar-nos\/\">Junte-se a n\u00f3s<\/a><\/div>\n<\/div>\n\n\n\n<div style=\"height:100px\" aria-hidden=\"true\" class=\"wp-block-spacer\"><\/div>\n\n\n\n<p>A Regenagri C.i.C. implementa um sistema de Monitoriza\u00e7\u00e3o, Avalia\u00e7\u00e3o e Aprendizagem para avaliar a efic\u00e1cia do programa regenagri na consecu\u00e7\u00e3o dos seus objectivos e para medir e validar o seu impacto.&nbsp;<\/p>\n\n\n\n<p>A avalia\u00e7\u00e3o da efic\u00e1cia \u00e9 efectuada atrav\u00e9s de procedimentos que incluem, entre outros, a revis\u00e3o peri\u00f3dica dos organismos de certifica\u00e7\u00e3o, a revis\u00e3o dos dados auditados, mecanismos de feedback com as organiza\u00e7\u00f5es certificadas e os titulares de licen\u00e7as, actividades de avalia\u00e7\u00e3o comparativa com fontes cient\u00edficas e com outras normas, consultas \u00e0s partes interessadas e an\u00e1lise peri\u00f3dica dos dados.&nbsp;<\/p>\n\n\n\n<p>A Regenagri C.i.C. monitoriza continuamente a aceita\u00e7\u00e3o e o impacto do programa. Isto \u00e9 feito atrav\u00e9s de revis\u00f5es de dados, valida\u00e7\u00f5es e an\u00e1lise de dados.<\/p>\n\n\n\n<p>O acompanhamento do impacto e da aceita\u00e7\u00e3o permite \u00e0 Regenagri C.i.C. avaliar a realiza\u00e7\u00e3o dos seus objectivos.<\/p>\n\n\n\n<p>Todos os dados que sustentam a certifica\u00e7\u00e3o devem ser certificados por organismos de certifica\u00e7\u00e3o com acredita\u00e7\u00f5es externas (por organismos de acredita\u00e7\u00e3o nacionais ou mundiais).&nbsp;<\/p>\n\n\n\n<p>Este processo de verifica\u00e7\u00e3o de dados permite \u00e0 Regenagri C.i.C. efetuar uma an\u00e1lise v\u00e1lida e fi\u00e1vel do impacto e da aceita\u00e7\u00e3o das suas normas.&nbsp;<\/p>\n\n\n\n<p>A an\u00e1lise dos dados constitui uma importante oportunidade de aprendizagem para continuar a melhorar as normas e abordagens do Regenagri.&nbsp;<\/p>\n\n\n\n<p>Anualmente, a Regenagri C.i.C. efectua uma revis\u00e3o do sistema MEL para garantir a sua efic\u00e1cia. S\u00e3o tamb\u00e9m efectuadas an\u00e1lises de impacto peri\u00f3dicas para destacar \u00e1reas de sucesso, desafios a enfrentar e contextos regionais; os relat\u00f3rios correspondentes cont\u00eam dados muito valiosos para as partes interessadas e destinam-se a ser partilhados publicamente.&nbsp;<\/p>\n\n\n\n<p>Os resultados da avalia\u00e7\u00e3o da MEL incluem:&nbsp;<\/p>\n\n\n\n<ul class=\"wp-block-list\">\n<li>Ado\u00e7\u00e3o global e regional do programa regenagri&nbsp;&nbsp;<\/li>\n\n\n\n<li>Conserva\u00e7\u00e3o alcan\u00e7ada&nbsp;&nbsp;<\/li>\n\n\n\n<li>Dados sobre emiss\u00f5es de carbono e de gases com efeito de estufa&nbsp;<\/li>\n\n\n\n<li>Indicadores de impacto ambiental (ou seja, sa\u00fade do solo, \u00e1gua)&nbsp;<\/li>\n<\/ul>\n\n\n\n<p>Estas ser\u00e3o partilhadas publicamente atrav\u00e9s do s\u00edtio Web e de outros canais p\u00fablicos.<\/p>","protected":false},"excerpt":{"rendered":"<p>Regenagri is a regenerative agriculture initiative aimed at securing the health of the land [\u2026]<\/p>\n","protected":false},"author":3,"featured_media":475,"parent":0,"menu_order":0,"comment_status":"closed","ping_status":"closed","template":"template-landing.php","meta":{"_acf_changed":false,"footnotes":""},"class_list":["post-12","page","type-page","status-publish","has-post-thumbnail","hentry"],"acf":[],"yoast_head":"<!-- This site is optimized with the Yoast SEO plugin v27.4 - https:\/\/yoast.com\/product\/yoast-seo-wordpress\/ -->\n<title>About Regenagri &#8212; regenagri<\/title>\n<meta name=\"description\" content=\"Members can access the Regenagri assessment, covering a wide range of regenerative measures and provides benchmarking and actionable feedback.\" \/>\n<meta name=\"robots\" content=\"index, follow, max-snippet:-1, max-image-preview:large, max-video-preview:-1\" \/>\n<link rel=\"canonical\" href=\"https:\/\/regenagri.org\/pt\/porque-regenagri\/\" \/>\n<meta property=\"og:locale\" content=\"pt_PT\" \/>\n<meta property=\"og:type\" content=\"article\" \/>\n<meta property=\"og:title\" content=\"About Regenagri &#8212; regenagri\" \/>\n<meta property=\"og:description\" content=\"Members can access the Regenagri assessment, covering a wide range of regenerative measures and provides benchmarking and actionable feedback.\" \/>\n<meta property=\"og:url\" content=\"https:\/\/regenagri.org\/pt\/porque-regenagri\/\" \/>\n<meta property=\"og:site_name\" content=\"regenagri\" \/>\n<meta property=\"article:modified_time\" content=\"2026-04-29T13:17:58+00:00\" \/>\n<meta property=\"og:image\" content=\"https:\/\/regenagri.org\/wp-content\/uploads\/2021\/06\/AdobeStock_24890871.jpeg\" \/>\n\t<meta property=\"og:image:width\" content=\"1920\" \/>\n\t<meta property=\"og:image:height\" content=\"1277\" \/>\n\t<meta property=\"og:image:type\" content=\"image\/jpeg\" \/>\n<meta name=\"twitter:card\" content=\"summary_large_image\" \/>\n<script type=\"application\/ld+json\" class=\"yoast-schema-graph\">{\"@context\":\"https:\\\/\\\/schema.org\",\"@graph\":[{\"@type\":\"WebPage\",\"@id\":\"https:\\\/\\\/regenagri.org\\\/why-regenagri\\\/\",\"url\":\"https:\\\/\\\/regenagri.org\\\/why-regenagri\\\/\",\"name\":\"About Regenagri &#8212; regenagri\",\"isPartOf\":{\"@id\":\"https:\\\/\\\/regenagri.org\\\/#website\"},\"primaryImageOfPage\":{\"@id\":\"https:\\\/\\\/regenagri.org\\\/why-regenagri\\\/#primaryimage\"},\"image\":{\"@id\":\"https:\\\/\\\/regenagri.org\\\/why-regenagri\\\/#primaryimage\"},\"thumbnailUrl\":\"https:\\\/\\\/regenagri.org\\\/wp-content\\\/uploads\\\/2021\\\/06\\\/AdobeStock_24890871.jpeg\",\"datePublished\":\"2021-05-03T19:15:27+00:00\",\"dateModified\":\"2026-04-29T13:17:58+00:00\",\"description\":\"Members can access the Regenagri assessment, covering a wide range of regenerative measures and provides benchmarking and actionable feedback.\",\"breadcrumb\":{\"@id\":\"https:\\\/\\\/regenagri.org\\\/why-regenagri\\\/#breadcrumb\"},\"inLanguage\":\"pt-PT\",\"potentialAction\":[{\"@type\":\"ReadAction\",\"target\":[\"https:\\\/\\\/regenagri.org\\\/why-regenagri\\\/\"]}]},{\"@type\":\"ImageObject\",\"inLanguage\":\"pt-PT\",\"@id\":\"https:\\\/\\\/regenagri.org\\\/why-regenagri\\\/#primaryimage\",\"url\":\"https:\\\/\\\/regenagri.org\\\/wp-content\\\/uploads\\\/2021\\\/06\\\/AdobeStock_24890871.jpeg\",\"contentUrl\":\"https:\\\/\\\/regenagri.org\\\/wp-content\\\/uploads\\\/2021\\\/06\\\/AdobeStock_24890871.jpeg\",\"width\":1920,\"height\":1277,\"caption\":\"Drill seeds by No-till technology, straight to unplowed field\"},{\"@type\":\"BreadcrumbList\",\"@id\":\"https:\\\/\\\/regenagri.org\\\/why-regenagri\\\/#breadcrumb\",\"itemListElement\":[{\"@type\":\"ListItem\",\"position\":1,\"name\":\"Home\",\"item\":\"https:\\\/\\\/regenagri.org\\\/\"},{\"@type\":\"ListItem\",\"position\":2,\"name\":\"About Regenagri\"}]},{\"@type\":\"WebSite\",\"@id\":\"https:\\\/\\\/regenagri.org\\\/#website\",\"url\":\"https:\\\/\\\/regenagri.org\\\/\",\"name\":\"regenagri\",\"description\":\"\",\"publisher\":{\"@id\":\"https:\\\/\\\/regenagri.org\\\/#organization\"},\"potentialAction\":[{\"@type\":\"SearchAction\",\"target\":{\"@type\":\"EntryPoint\",\"urlTemplate\":\"https:\\\/\\\/regenagri.org\\\/?s={search_term_string}\"},\"query-input\":{\"@type\":\"PropertyValueSpecification\",\"valueRequired\":true,\"valueName\":\"search_term_string\"}}],\"inLanguage\":\"pt-PT\"},{\"@type\":\"Organization\",\"@id\":\"https:\\\/\\\/regenagri.org\\\/#organization\",\"name\":\"regenagri\",\"url\":\"https:\\\/\\\/regenagri.org\\\/\",\"logo\":{\"@type\":\"ImageObject\",\"inLanguage\":\"pt-PT\",\"@id\":\"https:\\\/\\\/regenagri.org\\\/#\\\/schema\\\/logo\\\/image\\\/\",\"url\":\"https:\\\/\\\/regenagri.org\\\/wp-content\\\/uploads\\\/2021\\\/05\\\/regenagri.png\",\"contentUrl\":\"https:\\\/\\\/regenagri.org\\\/wp-content\\\/uploads\\\/2021\\\/05\\\/regenagri.png\",\"width\":1200,\"height\":452,\"caption\":\"regenagri\"},\"image\":{\"@id\":\"https:\\\/\\\/regenagri.org\\\/#\\\/schema\\\/logo\\\/image\\\/\"}}]}<\/script>\n<!-- \/ Yoast SEO plugin. -->","yoast_head_json":{"title":"About Regenagri &#8212; regenagri","description":"Members can access the Regenagri assessment, covering a wide range of regenerative measures and provides benchmarking and actionable feedback.","robots":{"index":"index","follow":"follow","max-snippet":"max-snippet:-1","max-image-preview":"max-image-preview:large","max-video-preview":"max-video-preview:-1"},"canonical":"https:\/\/regenagri.org\/pt\/porque-regenagri\/","og_locale":"pt_PT","og_type":"article","og_title":"About Regenagri &#8212; regenagri","og_description":"Members can access the Regenagri assessment, covering a wide range of regenerative measures and provides benchmarking and actionable feedback.","og_url":"https:\/\/regenagri.org\/pt\/porque-regenagri\/","og_site_name":"regenagri","article_modified_time":"2026-04-29T13:17:58+00:00","og_image":[{"width":1920,"height":1277,"url":"https:\/\/regenagri.org\/wp-content\/uploads\/2021\/06\/AdobeStock_24890871.jpeg","type":"image\/jpeg"}],"twitter_card":"summary_large_image","schema":{"@context":"https:\/\/schema.org","@graph":[{"@type":"WebPage","@id":"https:\/\/regenagri.org\/why-regenagri\/","url":"https:\/\/regenagri.org\/why-regenagri\/","name":"About Regenagri &#8212; regenagri","isPartOf":{"@id":"https:\/\/regenagri.org\/#website"},"primaryImageOfPage":{"@id":"https:\/\/regenagri.org\/why-regenagri\/#primaryimage"},"image":{"@id":"https:\/\/regenagri.org\/why-regenagri\/#primaryimage"},"thumbnailUrl":"https:\/\/regenagri.org\/wp-content\/uploads\/2021\/06\/AdobeStock_24890871.jpeg","datePublished":"2021-05-03T19:15:27+00:00","dateModified":"2026-04-29T13:17:58+00:00","description":"Members can access the Regenagri assessment, covering a wide range of regenerative measures and provides benchmarking and actionable feedback.","breadcrumb":{"@id":"https:\/\/regenagri.org\/why-regenagri\/#breadcrumb"},"inLanguage":"pt-PT","potentialAction":[{"@type":"ReadAction","target":["https:\/\/regenagri.org\/why-regenagri\/"]}]},{"@type":"ImageObject","inLanguage":"pt-PT","@id":"https:\/\/regenagri.org\/why-regenagri\/#primaryimage","url":"https:\/\/regenagri.org\/wp-content\/uploads\/2021\/06\/AdobeStock_24890871.jpeg","contentUrl":"https:\/\/regenagri.org\/wp-content\/uploads\/2021\/06\/AdobeStock_24890871.jpeg","width":1920,"height":1277,"caption":"Drill seeds by No-till technology, straight to unplowed field"},{"@type":"BreadcrumbList","@id":"https:\/\/regenagri.org\/why-regenagri\/#breadcrumb","itemListElement":[{"@type":"ListItem","position":1,"name":"Home","item":"https:\/\/regenagri.org\/"},{"@type":"ListItem","position":2,"name":"About Regenagri"}]},{"@type":"WebSite","@id":"https:\/\/regenagri.org\/#website","url":"https:\/\/regenagri.org\/","name":"regenagri","description":"","publisher":{"@id":"https:\/\/regenagri.org\/#organization"},"potentialAction":[{"@type":"SearchAction","target":{"@type":"EntryPoint","urlTemplate":"https:\/\/regenagri.org\/?s={search_term_string}"},"query-input":{"@type":"PropertyValueSpecification","valueRequired":true,"valueName":"search_term_string"}}],"inLanguage":"pt-PT"},{"@type":"Organization","@id":"https:\/\/regenagri.org\/#organization","name":"regenagri","url":"https:\/\/regenagri.org\/","logo":{"@type":"ImageObject","inLanguage":"pt-PT","@id":"https:\/\/regenagri.org\/#\/schema\/logo\/image\/","url":"https:\/\/regenagri.org\/wp-content\/uploads\/2021\/05\/regenagri.png","contentUrl":"https:\/\/regenagri.org\/wp-content\/uploads\/2021\/05\/regenagri.png","width":1200,"height":452,"caption":"regenagri"},"image":{"@id":"https:\/\/regenagri.org\/#\/schema\/logo\/image\/"}}]}},"_links":{"self":[{"href":"https:\/\/regenagri.org\/pt\/wp-json\/wp\/v2\/pages\/12","targetHints":{"allow":["GET"]}}],"collection":[{"href":"https:\/\/regenagri.org\/pt\/wp-json\/wp\/v2\/pages"}],"about":[{"href":"https:\/\/regenagri.org\/pt\/wp-json\/wp\/v2\/types\/page"}],"author":[{"embeddable":true,"href":"https:\/\/regenagri.org\/pt\/wp-json\/wp\/v2\/users\/3"}],"replies":[{"embeddable":true,"href":"https:\/\/regenagri.org\/pt\/wp-json\/wp\/v2\/comments?post=12"}],"version-history":[{"count":71,"href":"https:\/\/regenagri.org\/pt\/wp-json\/wp\/v2\/pages\/12\/revisions"}],"predecessor-version":[{"id":11454,"href":"https:\/\/regenagri.org\/pt\/wp-json\/wp\/v2\/pages\/12\/revisions\/11454"}],"wp:featuredmedia":[{"embeddable":true,"href":"https:\/\/regenagri.org\/pt\/wp-json\/wp\/v2\/media\/475"}],"wp:attachment":[{"href":"https:\/\/regenagri.org\/pt\/wp-json\/wp\/v2\/media?parent=12"}],"curies":[{"name":"wp","href":"https:\/\/api.w.org\/{rel}","templated":true}]}}