{"id":7519,"date":"2025-01-23T11:26:38","date_gmt":"2025-01-23T11:26:38","guid":{"rendered":"https:\/\/regenagri.org\/?page_id=7519"},"modified":"2025-01-23T11:26:56","modified_gmt":"2025-01-23T11:26:56","slug":"it","status":"publish","type":"page","link":"https:\/\/regenagri.org\/it\/viticulture\/it\/","title":{"rendered":"Agricoltura Rigenerativa per il settore vitivinicolo"},"content":{"rendered":"<p class=\"intro\">L\u2019agricoltura rigenerativa \u00e8 un approccio produttivo che mira non solo a preservare, ma soprattutto a ripristinare la salute del suolo, accrescerne la biodiversit\u00e0 e favorirne la capacit\u00e0 di trattenere anidride carbonica (CO\u2082).<\/p>\n\n\n\n<p>Uno settori che pu\u00f2 trarre i maggiori benefici da questa tecnica produttiva \u00e8 quello vitivinicolo, infatti l\u2019adozione di metodi rigenerativi si traduce in vigne pi\u00f9 robuste e produttive, in grado di fornire uve di alta qualit\u00e0 e di rafforzare allo stesso tempo l\u2019ecosistema.<\/p>\n\n\n\n<h3 class=\"wp-block-heading\">Le tecniche chiave dell\u2019agricoltura rigenerativa<\/h3>\n\n\n\n<p>L\u2019agricoltura rigenerativa si fonda su una serie di metodi agronomici e principi ecologici mirati a ripristinare e migliorare la fertilit\u00e0 naturale dei terreni, preservare la biodiversit\u00e0 e rendere le colture pi\u00f9 resilienti.<\/p>\n\n\n\n<p>Il fulcro di questo approccio \u00e8 la salute del suolo, considerato l\u2019elemento centrale per garantire rese sostenibili nel lungo periodo.<\/p>\n\n\n\n<h4 class=\"wp-block-heading\"><strong>Tecniche principali<\/strong><\/h4>\n\n\n\n<p><strong>1. Riduzione del disturbo del suolo<\/strong><\/p>\n\n\n\n<p>Attraverso la minima lavorazione o la semina su sodo, si evita di compromettere la struttura del terreno e la sua ricchezza microbica. In questo modo, si prevengono l\u2019erosione e la perdita di nutrienti, favorendo la rigenerazione del suolo.<\/p>\n\n\n\n<p><strong>2. Aumento della copertura vegetale (cover crop)<\/strong><\/p>\n\n\n\n<p>L\u2019introduzione di colture di copertura (erbe, leguminose) nelle interfile o nei periodi di riposo della vigna protegge il suolo da fenomeni erosivi e contribuisce a fertilizzarlo in modo naturale. Le cover crop, inoltre, migliorano l\u2019equilibrio idrico e forniscono un habitat a insetti utili.<\/p>\n\n\n\n<p><strong>3. Rotazione delle colture e diversificazione<\/strong><\/p>\n\n\n\n<p>Pur essendo la vite una coltura permanente, la diversificazione con differenti specie (ad esempio, inserendo siepi o colture complementari) arricchisce la biodiversit\u00e0, stabilizza gli equilibri ecologici e riduce la pressione di patogeni specifici.<\/p>\n\n\n\n<p><strong>4. Fertilizzanti organici e gestione integrata delle risorse idriche<\/strong><\/p>\n\n\n\n<p>L\u2019impiego di ammendanti come compost o letame sostiene il suolo in modo duraturo, migliorando la disponibilit\u00e0 di nutrienti e l\u2019attivit\u00e0 biologica. Un\u2019irrigazione oculata e tecniche di recupero e riciclo dell\u2019acqua, invece, assicurano un uso consapevole di questa risorsa.<\/p>\n\n\n\n<h4 class=\"wp-block-heading\"><strong>Benefici per la viticoltura<\/strong><\/h4>\n\n\n\n<p>Nel settore vitivinicolo, l\u2019adozione di queste pratiche si traduce in filari pi\u00f9 vigorosi, capaci di resistere meglio a parassiti e patogeni, oltre che in una maggiore resilienza di fronte a eventi climatici estremi. Il risultato \u00e8 un equilibrio naturale che si riflette sulla qualit\u00e0 delle uve e, di conseguenza, sul pregio del vino prodotto.<\/p>\n\n\n\n<p><strong>1. Migliore qualit\u00e0 delle uve e autenticit\u00e0 del terroir<\/strong><\/p>\n\n\n\n<p>Un suolo sano e un ecosistema equilibrato consentono alle viti di svilupparsi in maniera ottimale, dando vita a frutti con una concentrazione aromatica superiore. Nel caso dei vitigni autoctoni, tali pratiche esaltano le peculiarit\u00e0 del territorio e la tipicit\u00e0 varietale, contribuendo a produrre vini dall\u2019identit\u00e0 ancora pi\u00f9 marcata e riconoscibile.<\/p>\n\n\n\n<p><strong>2. Risparmio di risorse e riduzione dei costi<\/strong><\/p>\n\n\n\n<p>La fertilit\u00e0 naturale promossa dall\u2019agricoltura rigenerativa diminuisce la necessit\u00e0 di fertilizzanti sintetici e di irrigazione intensiva. Ci\u00f2 si traduce in un risparmio economico e in una gestione pi\u00f9 efficiente del vigneto. Per chi lavora con vitigni autoctoni, spesso gi\u00e0 ben adattati al clima locale, queste tecniche valorizzano ulteriormente la resistenza delle piante, minimizzando gli interventi esterni.<\/p>\n\n\n\n<p><strong>3. Valore aggiunto per il marchio e storytelling<\/strong><\/p>\n\n\n\n<p>Integrare la produzione sostenibile con la coltivazione di variet\u00e0 autoctone offre un doppio vantaggio: da un lato, si risponde alla crescente attenzione dei consumatori verso la sostenibilit\u00e0; dall\u2019altro, si racconta una storia di tradizione e legame con il territorio. Comunicare l\u2019adozione di pratiche rigenerative diventa quindi un elemento di differenziazione e competitivit\u00e0 sul mercato.<\/p>\n\n\n\n<p><strong>4. Salvaguardia del territorio e dell\u2019identit\u00e0 locale<\/strong><\/p>\n\n\n\n<p>Favorire la biodiversit\u00e0 vegetale e animale nei dintorni del vigneto crea un equilibrio naturale che aiuta a difendere la vite da malattie e parassiti. Per le aziende che puntano sui vitigni autoctoni, la rigenerazione del suolo e la cura del paesaggio rurale assumono un valore aggiunto: si tutela non solo la ricchezza naturalistica, ma anche il patrimonio culturale di un\u2019area, preservando variet\u00e0 uniche e tradizioni secolari.<\/p>\n\n\n\n<h3 class=\"wp-block-heading\"><strong>Il caso illycaff\u00e8<\/strong><\/h3>\n\n\n\n<p>Un esempio concreto di come la certificazione rigenerativa possa valorizzare anche filiere diverse dalla viticoltura, pur applicando i medesimi principi di tutela e ripristino del suolo, \u00e8 offerto dal percorso di <a href=\"https:\/\/www.illy.com\/it-it\/mindthecoffeecup\">illycaff\u00e8<\/a>.<\/p>","protected":false},"excerpt":{"rendered":"<p>L\u2019agricoltura rigenerativa \u00e8 un approccio produttivo che mira non solo a preservare, ma soprattutto [\u2026]<\/p>\n","protected":false},"author":1,"featured_media":7520,"parent":7517,"menu_order":0,"comment_status":"closed","ping_status":"closed","template":"","meta":{"_acf_changed":false,"footnotes":""},"class_list":["post-7519","page","type-page","status-publish","has-post-thumbnail","hentry"],"acf":[],"yoast_head":"<!-- This site is optimized with the Yoast SEO plugin v27.4 - https:\/\/yoast.com\/product\/yoast-seo-wordpress\/ -->\n<title>Agricoltura Rigenerativa per il settore vitivinicolo &#8212; regenagri<\/title>\n<meta name=\"robots\" content=\"index, follow, max-snippet:-1, max-image-preview:large, max-video-preview:-1\" \/>\n<link rel=\"canonical\" href=\"https:\/\/regenagri.org\/it\/viticulture\/it\/\" \/>\n<meta property=\"og:locale\" content=\"it_IT\" \/>\n<meta property=\"og:type\" content=\"article\" \/>\n<meta property=\"og:title\" content=\"Agricoltura Rigenerativa per il settore vitivinicolo &#8212; regenagri\" \/>\n<meta property=\"og:description\" content=\"L\u2019agricoltura rigenerativa \u00e8 un approccio produttivo che mira non solo a preservare, ma soprattutto [\u2026]\" \/>\n<meta property=\"og:url\" content=\"https:\/\/regenagri.org\/it\/viticulture\/it\/\" \/>\n<meta property=\"og:site_name\" content=\"regenagri\" \/>\n<meta property=\"article:modified_time\" content=\"2025-01-23T11:26:56+00:00\" \/>\n<meta property=\"og:image\" content=\"https:\/\/regenagri.org\/wp-content\/uploads\/2025\/01\/vigna-3.png\" \/>\n\t<meta property=\"og:image:width\" content=\"1600\" \/>\n\t<meta property=\"og:image:height\" content=\"900\" \/>\n\t<meta property=\"og:image:type\" content=\"image\/png\" \/>\n<meta name=\"twitter:card\" content=\"summary_large_image\" \/>\n<script type=\"application\/ld+json\" class=\"yoast-schema-graph\">{\"@context\":\"https:\\\/\\\/schema.org\",\"@graph\":[{\"@type\":\"WebPage\",\"@id\":\"https:\\\/\\\/regenagri.org\\\/viticulture\\\/it\\\/\",\"url\":\"https:\\\/\\\/regenagri.org\\\/viticulture\\\/it\\\/\",\"name\":\"Agricoltura Rigenerativa per il settore vitivinicolo &#8212; regenagri\",\"isPartOf\":{\"@id\":\"https:\\\/\\\/regenagri.org\\\/#website\"},\"primaryImageOfPage\":{\"@id\":\"https:\\\/\\\/regenagri.org\\\/viticulture\\\/it\\\/#primaryimage\"},\"image\":{\"@id\":\"https:\\\/\\\/regenagri.org\\\/viticulture\\\/it\\\/#primaryimage\"},\"thumbnailUrl\":\"https:\\\/\\\/regenagri.org\\\/wp-content\\\/uploads\\\/2025\\\/01\\\/vigna-3.png\",\"datePublished\":\"2025-01-23T11:26:38+00:00\",\"dateModified\":\"2025-01-23T11:26:56+00:00\",\"breadcrumb\":{\"@id\":\"https:\\\/\\\/regenagri.org\\\/viticulture\\\/it\\\/#breadcrumb\"},\"inLanguage\":\"it-IT\",\"potentialAction\":[{\"@type\":\"ReadAction\",\"target\":[\"https:\\\/\\\/regenagri.org\\\/viticulture\\\/it\\\/\"]}]},{\"@type\":\"ImageObject\",\"inLanguage\":\"it-IT\",\"@id\":\"https:\\\/\\\/regenagri.org\\\/viticulture\\\/it\\\/#primaryimage\",\"url\":\"https:\\\/\\\/regenagri.org\\\/wp-content\\\/uploads\\\/2025\\\/01\\\/vigna-3.png\",\"contentUrl\":\"https:\\\/\\\/regenagri.org\\\/wp-content\\\/uploads\\\/2025\\\/01\\\/vigna-3.png\",\"width\":1600,\"height\":900,\"caption\":\"Vineyard\"},{\"@type\":\"BreadcrumbList\",\"@id\":\"https:\\\/\\\/regenagri.org\\\/viticulture\\\/it\\\/#breadcrumb\",\"itemListElement\":[{\"@type\":\"ListItem\",\"position\":1,\"name\":\"Home\",\"item\":\"https:\\\/\\\/regenagri.org\\\/\"},{\"@type\":\"ListItem\",\"position\":2,\"name\":\"Viticulture\",\"item\":\"https:\\\/\\\/regenagri.org\\\/viticulture\\\/\"},{\"@type\":\"ListItem\",\"position\":3,\"name\":\"Agricoltura Rigenerativa per il settore vitivinicolo\"}]},{\"@type\":\"WebSite\",\"@id\":\"https:\\\/\\\/regenagri.org\\\/#website\",\"url\":\"https:\\\/\\\/regenagri.org\\\/\",\"name\":\"regenagri\",\"description\":\"\",\"publisher\":{\"@id\":\"https:\\\/\\\/regenagri.org\\\/#organization\"},\"potentialAction\":[{\"@type\":\"SearchAction\",\"target\":{\"@type\":\"EntryPoint\",\"urlTemplate\":\"https:\\\/\\\/regenagri.org\\\/?s={search_term_string}\"},\"query-input\":{\"@type\":\"PropertyValueSpecification\",\"valueRequired\":true,\"valueName\":\"search_term_string\"}}],\"inLanguage\":\"it-IT\"},{\"@type\":\"Organization\",\"@id\":\"https:\\\/\\\/regenagri.org\\\/#organization\",\"name\":\"regenagri\",\"url\":\"https:\\\/\\\/regenagri.org\\\/\",\"logo\":{\"@type\":\"ImageObject\",\"inLanguage\":\"it-IT\",\"@id\":\"https:\\\/\\\/regenagri.org\\\/#\\\/schema\\\/logo\\\/image\\\/\",\"url\":\"https:\\\/\\\/regenagri.org\\\/wp-content\\\/uploads\\\/2021\\\/05\\\/regenagri.png\",\"contentUrl\":\"https:\\\/\\\/regenagri.org\\\/wp-content\\\/uploads\\\/2021\\\/05\\\/regenagri.png\",\"width\":1200,\"height\":452,\"caption\":\"regenagri\"},\"image\":{\"@id\":\"https:\\\/\\\/regenagri.org\\\/#\\\/schema\\\/logo\\\/image\\\/\"}}]}<\/script>\n<!-- \/ Yoast SEO plugin. -->","yoast_head_json":{"title":"Agricoltura Rigenerativa per il settore vitivinicolo &#8212; regenagri","robots":{"index":"index","follow":"follow","max-snippet":"max-snippet:-1","max-image-preview":"max-image-preview:large","max-video-preview":"max-video-preview:-1"},"canonical":"https:\/\/regenagri.org\/it\/viticulture\/it\/","og_locale":"it_IT","og_type":"article","og_title":"Agricoltura Rigenerativa per il settore vitivinicolo &#8212; regenagri","og_description":"L\u2019agricoltura rigenerativa \u00e8 un approccio produttivo che mira non solo a preservare, ma soprattutto [\u2026]","og_url":"https:\/\/regenagri.org\/it\/viticulture\/it\/","og_site_name":"regenagri","article_modified_time":"2025-01-23T11:26:56+00:00","og_image":[{"width":1600,"height":900,"url":"https:\/\/regenagri.org\/wp-content\/uploads\/2025\/01\/vigna-3.png","type":"image\/png"}],"twitter_card":"summary_large_image","schema":{"@context":"https:\/\/schema.org","@graph":[{"@type":"WebPage","@id":"https:\/\/regenagri.org\/viticulture\/it\/","url":"https:\/\/regenagri.org\/viticulture\/it\/","name":"Agricoltura Rigenerativa per il settore vitivinicolo &#8212; regenagri","isPartOf":{"@id":"https:\/\/regenagri.org\/#website"},"primaryImageOfPage":{"@id":"https:\/\/regenagri.org\/viticulture\/it\/#primaryimage"},"image":{"@id":"https:\/\/regenagri.org\/viticulture\/it\/#primaryimage"},"thumbnailUrl":"https:\/\/regenagri.org\/wp-content\/uploads\/2025\/01\/vigna-3.png","datePublished":"2025-01-23T11:26:38+00:00","dateModified":"2025-01-23T11:26:56+00:00","breadcrumb":{"@id":"https:\/\/regenagri.org\/viticulture\/it\/#breadcrumb"},"inLanguage":"it-IT","potentialAction":[{"@type":"ReadAction","target":["https:\/\/regenagri.org\/viticulture\/it\/"]}]},{"@type":"ImageObject","inLanguage":"it-IT","@id":"https:\/\/regenagri.org\/viticulture\/it\/#primaryimage","url":"https:\/\/regenagri.org\/wp-content\/uploads\/2025\/01\/vigna-3.png","contentUrl":"https:\/\/regenagri.org\/wp-content\/uploads\/2025\/01\/vigna-3.png","width":1600,"height":900,"caption":"Vineyard"},{"@type":"BreadcrumbList","@id":"https:\/\/regenagri.org\/viticulture\/it\/#breadcrumb","itemListElement":[{"@type":"ListItem","position":1,"name":"Home","item":"https:\/\/regenagri.org\/"},{"@type":"ListItem","position":2,"name":"Viticulture","item":"https:\/\/regenagri.org\/viticulture\/"},{"@type":"ListItem","position":3,"name":"Agricoltura Rigenerativa per il settore vitivinicolo"}]},{"@type":"WebSite","@id":"https:\/\/regenagri.org\/#website","url":"https:\/\/regenagri.org\/","name":"regenagri","description":"","publisher":{"@id":"https:\/\/regenagri.org\/#organization"},"potentialAction":[{"@type":"SearchAction","target":{"@type":"EntryPoint","urlTemplate":"https:\/\/regenagri.org\/?s={search_term_string}"},"query-input":{"@type":"PropertyValueSpecification","valueRequired":true,"valueName":"search_term_string"}}],"inLanguage":"it-IT"},{"@type":"Organization","@id":"https:\/\/regenagri.org\/#organization","name":"regenagri","url":"https:\/\/regenagri.org\/","logo":{"@type":"ImageObject","inLanguage":"it-IT","@id":"https:\/\/regenagri.org\/#\/schema\/logo\/image\/","url":"https:\/\/regenagri.org\/wp-content\/uploads\/2021\/05\/regenagri.png","contentUrl":"https:\/\/regenagri.org\/wp-content\/uploads\/2021\/05\/regenagri.png","width":1200,"height":452,"caption":"regenagri"},"image":{"@id":"https:\/\/regenagri.org\/#\/schema\/logo\/image\/"}}]}},"_links":{"self":[{"href":"https:\/\/regenagri.org\/it\/wp-json\/wp\/v2\/pages\/7519","targetHints":{"allow":["GET"]}}],"collection":[{"href":"https:\/\/regenagri.org\/it\/wp-json\/wp\/v2\/pages"}],"about":[{"href":"https:\/\/regenagri.org\/it\/wp-json\/wp\/v2\/types\/page"}],"author":[{"embeddable":true,"href":"https:\/\/regenagri.org\/it\/wp-json\/wp\/v2\/users\/1"}],"replies":[{"embeddable":true,"href":"https:\/\/regenagri.org\/it\/wp-json\/wp\/v2\/comments?post=7519"}],"version-history":[{"count":1,"href":"https:\/\/regenagri.org\/it\/wp-json\/wp\/v2\/pages\/7519\/revisions"}],"predecessor-version":[{"id":7521,"href":"https:\/\/regenagri.org\/it\/wp-json\/wp\/v2\/pages\/7519\/revisions\/7521"}],"up":[{"embeddable":true,"href":"https:\/\/regenagri.org\/it\/wp-json\/wp\/v2\/pages\/7517"}],"wp:featuredmedia":[{"embeddable":true,"href":"https:\/\/regenagri.org\/it\/wp-json\/wp\/v2\/media\/7520"}],"wp:attachment":[{"href":"https:\/\/regenagri.org\/it\/wp-json\/wp\/v2\/media?parent=7519"}],"curies":[{"name":"wp","href":"https:\/\/api.w.org\/{rel}","templated":true}]}}