{"id":742,"date":"2021-11-09T10:09:16","date_gmt":"2021-11-09T10:09:16","guid":{"rendered":"https:\/\/regenagri.org\/?page_id=742"},"modified":"2026-02-16T09:11:32","modified_gmt":"2026-02-16T09:11:32","slug":"documents-de-normalisation","status":"publish","type":"page","link":"https:\/\/regenagri.org\/fr\/standards-documents\/","title":{"rendered":"Documents sur les normes et proc\u00e9dures"},"content":{"rendered":"<p><a href=\"https:\/\/regenagri.org\/fr\/nous-contacter\/\" target=\"_blank\" rel=\"noreferrer noopener\">regenagri.org\/contact-us\/<\/a><\/p>\n\n\n\n<figure class=\"wp-block-table is-style-regular\"><table><tbody><tr><th colspan=\"2\">Fermes<\/th><\/tr><tr><td>Regenagri Standard-Farms v3.3<\/td><td><a href=\"https:\/\/regenagri.org\/wp-content\/uploads\/2026\/02\/regenagri-Standard-Farms-v3.3.pdf\" target=\"_blank\" rel=\"noreferrer noopener\">Voir ici<\/a><\/td><\/tr><tr><td>Crit\u00e9rios Padr\u00e3o regenagri Portugues v3.0<\/td><td>\n\t\t\t\t\t<a href=\"https:\/\/regenagri.org\/fr\/nous-contacter\/\" target=\"_blank\" rel=\"noreferrer noopener\">Contactez-nous pour demander l'acc\u00e8s<\/a>\n\t\t\t\t<\/td><\/tr><tr><td>M\u00e9thodologie d'\u00e9valuation de Regenagri v3.0<\/td><td><a href=\"https:\/\/regenagri.org\/wp-content\/uploads\/2025\/08\/regenagri-Assessment-Methodology-v3.0.pdf\">Voir ici<\/a><\/td><\/tr><tr><td>M\u00e9thodologie de r\u00e9g\u00e9n\u00e9ration portugaise v3.0<\/td><td>\n\t\t\t\t\t<a href=\"https:\/\/regenagri.org\/fr\/nous-contacter\/\">Contactez-nous pour demander l'acc\u00e8s<\/a>\n\t\t\t\t<\/td><\/tr><tr><td>Exigences d'audit et de certification de Regenagri v2.2<\/td><td><a href=\"https:\/\/regenagri.org\/wp-content\/uploads\/2025\/11\/Auditing-and-Certification-requirements-v2.2.pdf\" target=\"_blank\" rel=\"noreferrer noopener\">Voir ici<\/a><\/td><\/tr><tr><td>Crit\u00e8res sociaux et ICS de Regenagri - Condition de conformit\u00e9 v1.0<\/td><td><a href=\"https:\/\/regenagri.org\/wp-content\/uploads\/2025\/07\/Regenagri-Social-and-ICS-Criteria-Condition-of-compliance-v1.0.pdf\">Voir ici<\/a><\/td><\/tr><tr><th colspan=\"2\">Cha\u00eenes d'approvisionnement et marques<\/th><\/tr><tr><td>Norme de contenu Regenagri v3.3<\/td><td><a href=\"https:\/\/regenagri.org\/wp-content\/uploads\/2025\/11\/Regenagri-Content-Standard-v3.3.pdf\" target=\"_blank\" rel=\"noreferrer noopener\">Voir ici<\/a><\/td><\/tr><tr><td>Norme de cha\u00eene de contr\u00f4le Regenagri - Aliments v3.0<\/td><td><a href=\"https:\/\/regenagri.org\/wp-content\/uploads\/2025\/09\/Regenagri-Chain-of-Custody-Standard-Food-V3.0.pdf\" target=\"_blank\" rel=\"noreferrer noopener\">Voir ici<\/a><\/td><\/tr><tr><td>Norme de cha\u00eene de contr\u00f4le Regenagri - Textiles v2.0<\/td><td><a href=\"https:\/\/regenagri.org\/wp-content\/uploads\/2025\/12\/Regenagri-Chain-of-Custody-Standard-Textile-v2.0-1.pdf\" target=\"_blank\" rel=\"noreferrer noopener\">Voir ici<\/a><\/td><\/tr><tr><th colspan=\"2\">Impact, insetting, claims<\/th><\/tr><tr><td>Exigence de r\u00e9clamation Regenagri V 2.0<\/td><td><a href=\"https:\/\/regenagri.org\/wp-content\/uploads\/2025\/09\/regenagri-Claims-requirements-V2.0.pdf\">Voir ici<\/a><\/td><\/tr><tr><td>Guide du logo Regenagri v1.0<\/td><td>\n\t\t\t\t\t<a href=\"https:\/\/regenagri.org\/wp-content\/uploads\/2021\/11\/regenagri-Logo-guide-v1.0.pdf\" target=\"_blank\" rel=\"noreferrer noopener\">Voir ici<\/a>\n\t\t\t\t<\/td><\/tr><tr><td>Regenagri Insetting Standard v1.0<\/td><td>\n\t\t\t\t\t<a href=\"https:\/\/regenagri.org\/fr\/nous-contacter\/\">Contactez-nous pour demander l'acc\u00e8s<\/a>\n\t\t\t\t<\/td><\/tr><tr><th colspan=\"2\">Programme de cr\u00e9dits carbone<\/th><\/tr><tr><td>Regenagri Carbon Standard v.1.0 (agriculture)<\/td><td>\n\t\t\t\t\t<a href=\"https:\/\/regenagri.org\/wp-content\/uploads\/2022\/06\/regenagri-Carbon-Standard-v1.0.pdf\" target=\"_blank\" rel=\"noreferrer noopener\">Voir ici<\/a>\n\t\t\t\t<\/td><\/tr><tr><td>Directives Regenagri Carbon Standard v1.0<\/td><td>\n\t\t\t\t\t<a href=\"https:\/\/regenagri.org\/fr\/nous-contacter\/\" target=\"_blank\" rel=\"noreferrer noopener\">Contactez-nous pour demander l'acc\u00e8s<\/a>\n\t\t\t\t<\/td><\/tr><tr><td>Mod\u00e8le de DDP Regenagri v1.1<\/td><td>\n\t\t\t\t\t<a href=\"https:\/\/regenagri.org\/wp-content\/uploads\/2022\/06\/V1.1-regenagri-PDD-template.docx\" target=\"_blank\" rel=\"noreferrer noopener\">Voir ici<\/a>\n\t\t\t\t<\/td><\/tr><tr><th colspan=\"2\">Latex r\u00e9g\u00e9n\u00e9ratif Standard<\/th><\/tr><tr><td>Standard de latex r\u00e9g\u00e9n\u00e9ratif v1.0<\/td><td><a href=\"https:\/\/regenagri.org\/wp-content\/uploads\/2025\/11\/Regenerative-Latex-Standard-V1.0.pdf\" target=\"_blank\" rel=\"noreferrer noopener\">Voir ici<\/a><\/td><\/tr><tr><th colspan=\"2\">Politiques Regenagri et MEL<\/th><\/tr><tr><td>Proc\u00e9dure standardis\u00e9e de Regenagri v1.1<\/td><td>\n\t\t\t\t\t<a href=\"https:\/\/regenagri.org\/wp-content\/uploads\/2023\/07\/regenagri-standard-setting-procedure-v1.1.pdf\">Voir ici<\/a>\n\t\t\t\t<\/td><\/tr><tr><td>Th\u00e9orie du changement Regenagri v1.0<\/td><td>\n\t\t\t\t\t<a href=\"https:\/\/regenagri.org\/wp-content\/uploads\/2023\/07\/regenagri-Theory-of-Change.pdf\">Voir ici<\/a>\n\t\t\t\t<\/td><\/tr><tr><td>Regenagri Suivi Evaluation Apprentissage v1.0<\/td><td>\n\t\t\t\t\t<a href=\"https:\/\/regenagri.org\/wp-content\/uploads\/2023\/07\/regenagri-Monitoring-Evaluation-Learning-v1.0.pdf\">Voir ici<\/a>\n\t\t\t\t<\/td><\/tr><tr><td>Exigences d'assurance Regenagri 2023 v1.0<\/td><td>\n\t\t\t\t\t<a href=\"https:\/\/regenagri.org\/wp-content\/uploads\/2023\/07\/regenagri-assurance-requirements-2023.pdf\">Voir ici\n\t\t\t\t\t<\/a>\n\t\t\t\t<\/td><\/tr><tr><td>Politique des risques de Regenagri 2023 v1.0<\/td><td>\n\t\t\t\t\t<a href=\"https:\/\/regenagri.org\/wp-content\/uploads\/2023\/08\/regenagri-Risk-Policy-2023.pdf\">Voir ici<\/a>\n\t\t\t\t<\/td><\/tr><tr><td>Exigences de qualification des auditeurs et des certificateurs de Regenagri v1.1<\/td><td><a href=\"https:\/\/regenagri.org\/wp-content\/uploads\/2025\/11\/regenagri-Auditor-and-Certifier-qualification-requirements-v.1.1.pdf\">Voir ici<\/a><\/td><\/tr><tr><td>Proc\u00e9dure de d\u00e9nonciation de Regenagri v1.0<\/td><td><a href=\"https:\/\/regenagri.org\/wp-content\/uploads\/2025\/07\/Regenagri-Whistle-blowing-procedure-ver.-1.0.pdf\">Voir ici<\/a><\/td><\/tr><tr><td>Proc\u00e9dure de r\u00e8glement des griefs de Regenagri v1.0<\/td><td><a href=\"https:\/\/regenagri.org\/wp-content\/uploads\/2025\/07\/Regenagri-Grievance-Procedure-ver.-1.0.pdf\">Voir ici<\/a><\/td><\/tr><tr><td>Formulaire de r\u00e9clamation des parties prenantes de Regenagri v1.0<\/td><td><a href=\"https:\/\/regenagri.org\/wp-content\/uploads\/2025\/07\/Regenagri_Stakeholder_Grievance_Form-v.1.0.pdf\">Voir ici<\/a><\/td><\/tr><tr><td>Protocole d'att\u00e9nuation de Regenagri v.1.0<\/td><td><a href=\"https:\/\/regenagri.org\/wp-content\/uploads\/2025\/07\/regenagri-Mitigation-protocol-v.1.0.pdf\">Voir ici<\/a><\/td><\/tr><tr><td>Proc\u00e9dure de gestion des exceptions Regenagri v.1.0<\/td><td><a href=\"https:\/\/regenagri.org\/wp-content\/uploads\/2025\/07\/regenagri-Exception-management-procedure-v.1.0.pdf\">Voir ici<\/a><\/td><\/tr><tr><td>Vue d'ensemble du syst\u00e8me Regenagri Assurance v1.0<\/td><td><a href=\"https:\/\/regenagri.org\/wp-content\/uploads\/2025\/08\/regenagri-Assurance-system-overview-v1.0-1.pdf\">Voir ici<\/a><\/td><\/tr><tr><td>Structure d'assurance Regenagri et exigences CB v1.0<\/td><td><a href=\"https:\/\/regenagri.org\/wp-content\/uploads\/2025\/08\/regenagri-Assurance-structure-and-CB-requirements-v1.0.pdf\">Voir ici<\/a><\/td><\/tr><tr><td>Proc\u00e9dure de contr\u00f4le des documents et de l'int\u00e9grit\u00e9 de Regenagri v1.0<\/td><td><a href=\"https:\/\/regenagri.org\/wp-content\/uploads\/2025\/08\/Regenagri-Document-and-Integrity-control-procedure-ver.-1.0.pdf\">Voir ici<\/a><\/td><\/tr><tr><td>Politique de soutien aux organisations et exploitations agricoles de Regenagri v 1.0<\/td><td><a href=\"https:\/\/regenagri.org\/wp-content\/uploads\/2025\/10\/Regenagri-Organisations-and-Farms-supporting-policy-v-1.0.pdf\">Voir ici<\/a><\/td><\/tr><tr><th colspan=\"2\">Documents obsol\u00e8tes<\/th><\/tr><tr><td>Norme de contenu Regenagri v3.2<\/td><td><a href=\"https:\/\/regenagri.org\/wp-content\/uploads\/2022\/06\/regenagri-Carbon-Standard-v1.0.pdf\" target=\"_blank\" rel=\"noreferrer noopener\"><\/a><a href=\"https:\/\/regenagri.org\/wp-content\/uploads\/2025\/04\/regenagri-Content-Standard-v3.2.pdf\" target=\"_blank\" rel=\"noreferrer noopener\">Voir ici<\/a><\/td><\/tr><tr><td>Norme de cha\u00eene de contr\u00f4le Regenagri - Aliments v2.2<\/td><td><a href=\"https:\/\/regenagri.org\/fr\/nous-contacter\/\" target=\"_blank\" rel=\"noreferrer noopener\"><\/a><a href=\"https:\/\/regenagri.org\/wp-content\/uploads\/2025\/05\/Regenagri-Chain-of-Custody-criteria-V2.2.pdf\" target=\"_blank\" rel=\"noreferrer noopener\">Voir ici<\/a><\/td><\/tr><tr><td>Norme de cha\u00eene de contr\u00f4le Regenagri - Textiles v1.2<\/td><td><a href=\"https:\/\/regenagri.org\/wp-content\/uploads\/2022\/06\/V1.1-regenagri-PDD-template.docx\" target=\"_blank\" rel=\"noreferrer noopener\"><\/a><a href=\"https:\/\/regenagri.org\/wp-content\/uploads\/2025\/05\/regenagri-Chain-of-Custody-standard-Textile-v1.2.pdf\" target=\"_blank\" rel=\"noreferrer noopener\">Voir ici<\/a><\/td><\/tr><tr><td>Exigences d'audit et de certification de Regenagri v2.1<\/td><td><a href=\"https:\/\/regenagri.org\/wp-content\/uploads\/2022\/06\/V1.1-regenagri-PDD-template.docx\" target=\"_blank\" rel=\"noreferrer noopener\"><\/a><a href=\"https:\/\/regenagri.org\/wp-content\/uploads\/2025\/11\/regenagri-Auditing-and-Certification-requirements-v2.1.pdf\" target=\"_blank\" rel=\"noreferrer noopener\">Voir ici<\/a><\/td><\/tr><\/tbody><\/table><\/figure>\n\n\n\n<h2 class=\"wp-block-heading\">Normes Regenagri - matrice d'applicabilit\u00e9<\/h2>\n\n\n\n<figure class=\"wp-block-table aligncenter\"><table><tbody><tr><th class=\"has-text-align-left\" data-align=\"left\" rowspan=\"2\">Documents<\/th><th class=\"has-text-align-center\" data-align=\"center\" colspan=\"4\">Applicabilit\u00e9<\/th><\/tr><tr><th class=\"has-text-align-left\" data-align=\"left\">Organisations agricoles<\/th><th class=\"has-text-align-center\" data-align=\"center\">Cha\u00eenes d'approvisionnement alimentaire<\/th><th class=\"has-text-align-center\" data-align=\"center\">Cha\u00eenes d'approvisionnement textiles<\/th><th class=\"has-text-align-center\" data-align=\"center\">Toute organisation<\/th><\/tr><tr><td class=\"has-text-align-left\" data-align=\"left\">Crit\u00e8res standards de Regenagri<\/td><td class=\"has-text-align-center\" data-align=\"center\">\u2718<\/td><td class=\"has-text-align-center\" data-align=\"center\"><\/td><td class=\"has-text-align-center\" data-align=\"center\"><\/td><td class=\"has-text-align-center\" data-align=\"center\"><\/td><\/tr><tr><td class=\"has-text-align-left\" data-align=\"left\">Notation et m\u00e9thodologie de Regenagri<\/td><td class=\"has-text-align-center\" data-align=\"center\">\u2718<\/td><td class=\"has-text-align-center\" data-align=\"center\"><\/td><td class=\"has-text-align-center\" data-align=\"center\"><\/td><td class=\"has-text-align-center\" data-align=\"center\"><\/td><\/tr><tr><td class=\"has-text-align-left\" data-align=\"left\">Proc\u00e9dure de mise en \u0153uvre de Regenagri<\/td><td class=\"has-text-align-center\" data-align=\"center\">\u2718<\/td><td class=\"has-text-align-center\" data-align=\"center\"><\/td><td class=\"has-text-align-center\" data-align=\"center\"><\/td><td class=\"has-text-align-center\" data-align=\"center\"><\/td><\/tr><tr><td class=\"has-text-align-left\" data-align=\"left\">Norme de contenu Regenagri<\/td><td class=\"has-text-align-center\" data-align=\"center\"><\/td><td class=\"has-text-align-center\" data-align=\"center\">\u2718<\/td><td class=\"has-text-align-center\" data-align=\"center\">\u2718<\/td><td class=\"has-text-align-center\" data-align=\"center\"><\/td><\/tr><tr><td class=\"has-text-align-left\" data-align=\"left\">Cha\u00eene de contr\u00f4le Regenagri - textiles<\/td><td class=\"has-text-align-center\" data-align=\"center\"><\/td><td class=\"has-text-align-center\" data-align=\"center\"><\/td><td class=\"has-text-align-center\" data-align=\"center\">\u2718<\/td><td class=\"has-text-align-center\" data-align=\"center\"><\/td><\/tr><tr><td class=\"has-text-align-left\" data-align=\"left\">Cha\u00eene de contr\u00f4le Regenagri - alimentation<\/td><td class=\"has-text-align-center\" data-align=\"center\"><\/td><td class=\"has-text-align-center\" data-align=\"center\">\u2718<\/td><td class=\"has-text-align-center\" data-align=\"center\"><\/td><td class=\"has-text-align-center\" data-align=\"center\"><\/td><\/tr><tr><td class=\"has-text-align-left\" data-align=\"left\" colspan=\"5\"><\/td><\/tr><tr><th class=\"has-text-align-left\" data-align=\"left\" colspan=\"5\">Impact, r\u00e9clamations, insertion<\/th><\/tr><tr><td class=\"has-text-align-left\" data-align=\"left\">Regenagri Insetting Standard<\/td><td class=\"has-text-align-center\" data-align=\"center\">\u2718<\/td><td class=\"has-text-align-center\" data-align=\"center\">\u2718<\/td><td class=\"has-text-align-center\" data-align=\"center\">\u2718<\/td><td class=\"has-text-align-center\" data-align=\"center\"><\/td><\/tr><tr><td class=\"has-text-align-left\" data-align=\"left\">Regenagri Exigences en mati\u00e8re d'all\u00e9gations<\/td><td class=\"has-text-align-center\" data-align=\"center\">\u2718<\/td><td class=\"has-text-align-center\" data-align=\"center\">\u2718<\/td><td class=\"has-text-align-center\" data-align=\"center\">\u2718<\/td><td class=\"has-text-align-center\" data-align=\"center\"><\/td><\/tr><tr><td class=\"has-text-align-left\" data-align=\"left\">Guide du logo Regenagri<\/td><td class=\"has-text-align-center\" data-align=\"center\">\u2718<\/td><td class=\"has-text-align-center\" data-align=\"center\">\u2718<\/td><td class=\"has-text-align-center\" data-align=\"center\">\u2718<\/td><td class=\"has-text-align-center\" data-align=\"center\"><\/td><\/tr><tr><td class=\"has-text-align-left\" data-align=\"left\" colspan=\"5\"><\/td><\/tr><tr><th class=\"has-text-align-left\" data-align=\"left\" colspan=\"5\">Programme de cr\u00e9dits carbone regenagri<\/th><\/tr><tr><td class=\"has-text-align-left\" data-align=\"left\">Regenagri Carbon Standard<\/td><td class=\"has-text-align-center\" data-align=\"center\">\u2718<\/td><td class=\"has-text-align-center\" data-align=\"center\">\u2718<\/td><td class=\"has-text-align-center\" data-align=\"center\">\u2718<\/td><td class=\"has-text-align-center\" data-align=\"center\">\u2718<\/td><\/tr><tr><td class=\"has-text-align-left\" data-align=\"left\">Lignes directrices de la norme carbone Regenagri<\/td><td class=\"has-text-align-center\" data-align=\"center\">\u2718<\/td><td class=\"has-text-align-center\" data-align=\"center\">\u2718<\/td><td class=\"has-text-align-center\" data-align=\"center\">\u2718<\/td><td class=\"has-text-align-center\" data-align=\"center\">\u2718<\/td><\/tr><tr><td class=\"has-text-align-left\" data-align=\"left\">Mod\u00e8le de PDD Regenagri<\/td><td class=\"has-text-align-center\" data-align=\"center\">\u2718<\/td><td class=\"has-text-align-center\" data-align=\"center\">\u2718<\/td><td class=\"has-text-align-center\" data-align=\"center\">\u2718<\/td><td class=\"has-text-align-center\" data-align=\"center\">\u2718<\/td><\/tr><\/tbody><\/table><\/figure>\n\n\n\n<p>Pour plus d'informations sur le processus d'\u00e9laboration des normes regenagri et sur la gouvernance, veuillez consulter le site suivant <a href=\"https:\/\/regenagri.org\/fr\/nous-contacter\/\">nous contacter<\/a>.<\/p>\n\n\n\n<p>Nous sommes toujours heureux de recevoir des commentaires, qui peuvent \u00eatre envoy\u00e9s \u00e0 l'adresse suivante <a href=\"mailto:info@regenagri.org\">info@regenagri.org<\/a>. Nous demandons \u00e9galement \u00e0 nos parties prenantes de nous faire part de leurs commentaires et nous publierons p\u00e9riodiquement des demandes en ce sens sur notre site web et par courrier \u00e9lectronique.<\/p>\n\n\n\n<p>Si vous estimez que Regenagri, les membres de son personnel, ses repr\u00e9sentants ou ses prestataires de services ont eu un comportement inappropri\u00e9 ou injustifiable, ou si des parties prenantes ont subi les cons\u00e9quences n\u00e9gatives du programme de Regenagri, vous pouvez d\u00e9poser une plainte ou un grief en l'envoyant \u00e0 l'adresse suivante&nbsp;<a href=\"mailto:info@regenagri.org\">info@regenagri.org<\/a>&nbsp;(ou&nbsp;<a href=\"mailto:duediligence@regenagri.org\">duediligence@regenagri.org<\/a>&nbsp;), l'envoyer \u00e0 regenagri C.i.C. Reg. address : 2 Old Court Mews, 311a Chase Road, N14 6JS London, UK ou appeler directement&nbsp;<a href=\"tel:+442033933051\">+44 (0)203 393 3051<\/a>&nbsp;. Si vous souhaitez garder l'anonymat, votre souhait sera respect\u00e9. Toutes les plaintes et dol\u00e9ances sont trait\u00e9es de mani\u00e8re confidentielle et vous recevrez une r\u00e9ponse par t\u00e9l\u00e9phone ou par courrier \u00e9lectronique dans un d\u00e9lai de deux semaines si vous ne souhaitez pas garder l'anonymat. Toutes les plaintes sont trait\u00e9es avec soin et des mesures appropri\u00e9es sont prises.&nbsp;<\/p>\n\n\n\n<p><\/p>","protected":false},"excerpt":{"rendered":"<p>regenagri.org\/contact-us\/\u2197 Farms Regenagri Standard-Farms v3.3 View here Crit\u00e9rios Padr\u00e3o regenagri Portugues v3.0 Contact us [\u2026]<\/p>\n","protected":false},"author":3,"featured_media":594,"parent":0,"menu_order":0,"comment_status":"closed","ping_status":"closed","template":"","meta":{"_acf_changed":false,"footnotes":""},"class_list":["post-742","page","type-page","status-publish","has-post-thumbnail","hentry"],"acf":[],"yoast_head":"<!-- This site is optimized with the Yoast SEO plugin v27.6 - https:\/\/yoast.com\/product\/yoast-seo-wordpress\/ -->\n<title>Standards and Procedures Documents &#8212; Regenagri<\/title>\n<meta name=\"robots\" content=\"index, follow, max-snippet:-1, max-image-preview:large, max-video-preview:-1\" \/>\n<link rel=\"canonical\" href=\"https:\/\/regenagri.org\/fr\/documents-de-normalisation\/\" \/>\n<meta property=\"og:locale\" content=\"fr_FR\" \/>\n<meta property=\"og:type\" content=\"article\" \/>\n<meta property=\"og:title\" content=\"Standards and Procedures Documents &#8212; Regenagri\" \/>\n<meta property=\"og:description\" content=\"regenagri.org\/contact-us\/\u2197 Farms Regenagri Standard-Farms v3.3 View here Crit\u00e9rios Padr\u00e3o regenagri Portugues v3.0 Contact us [\u2026]\" \/>\n<meta property=\"og:url\" content=\"https:\/\/regenagri.org\/fr\/documents-de-normalisation\/\" \/>\n<meta property=\"og:site_name\" content=\"Regenagri\" \/>\n<meta property=\"article:modified_time\" content=\"2026-02-16T09:11:32+00:00\" \/>\n<meta property=\"og:image\" content=\"https:\/\/regenagri.org\/wp-content\/uploads\/2021\/06\/AdobeStock_385196411.jpeg\" \/>\n\t<meta property=\"og:image:width\" content=\"1920\" \/>\n\t<meta property=\"og:image:height\" content=\"1279\" \/>\n\t<meta property=\"og:image:type\" content=\"image\/jpeg\" \/>\n<meta name=\"twitter:card\" content=\"summary_large_image\" \/>\n<script type=\"application\/ld+json\" class=\"yoast-schema-graph\">{\"@context\":\"https:\\\/\\\/schema.org\",\"@graph\":[{\"@type\":\"WebPage\",\"@id\":\"https:\\\/\\\/regenagri.org\\\/standards-documents\\\/\",\"url\":\"https:\\\/\\\/regenagri.org\\\/standards-documents\\\/\",\"name\":\"Standards and Procedures Documents &#8212; Regenagri\",\"isPartOf\":{\"@id\":\"https:\\\/\\\/regenagri.org\\\/#website\"},\"primaryImageOfPage\":{\"@id\":\"https:\\\/\\\/regenagri.org\\\/standards-documents\\\/#primaryimage\"},\"image\":{\"@id\":\"https:\\\/\\\/regenagri.org\\\/standards-documents\\\/#primaryimage\"},\"thumbnailUrl\":\"https:\\\/\\\/regenagri.org\\\/wp-content\\\/uploads\\\/2021\\\/06\\\/AdobeStock_385196411.jpeg\",\"datePublished\":\"2021-11-09T10:09:16+00:00\",\"dateModified\":\"2026-02-16T09:11:32+00:00\",\"breadcrumb\":{\"@id\":\"https:\\\/\\\/regenagri.org\\\/standards-documents\\\/#breadcrumb\"},\"inLanguage\":\"fr-FR\",\"potentialAction\":[{\"@type\":\"ReadAction\",\"target\":[\"https:\\\/\\\/regenagri.org\\\/standards-documents\\\/\"]}]},{\"@type\":\"ImageObject\",\"inLanguage\":\"fr-FR\",\"@id\":\"https:\\\/\\\/regenagri.org\\\/standards-documents\\\/#primaryimage\",\"url\":\"https:\\\/\\\/regenagri.org\\\/wp-content\\\/uploads\\\/2021\\\/06\\\/AdobeStock_385196411.jpeg\",\"contentUrl\":\"https:\\\/\\\/regenagri.org\\\/wp-content\\\/uploads\\\/2021\\\/06\\\/AdobeStock_385196411.jpeg\",\"width\":1920,\"height\":1279},{\"@type\":\"BreadcrumbList\",\"@id\":\"https:\\\/\\\/regenagri.org\\\/standards-documents\\\/#breadcrumb\",\"itemListElement\":[{\"@type\":\"ListItem\",\"position\":1,\"name\":\"Home\",\"item\":\"https:\\\/\\\/regenagri.org\\\/\"},{\"@type\":\"ListItem\",\"position\":2,\"name\":\"Standards and Procedures Documents\"}]},{\"@type\":\"WebSite\",\"@id\":\"https:\\\/\\\/regenagri.org\\\/#website\",\"url\":\"https:\\\/\\\/regenagri.org\\\/\",\"name\":\"Regenagri\",\"description\":\"\",\"publisher\":{\"@id\":\"https:\\\/\\\/regenagri.org\\\/#organization\"},\"potentialAction\":[{\"@type\":\"SearchAction\",\"target\":{\"@type\":\"EntryPoint\",\"urlTemplate\":\"https:\\\/\\\/regenagri.org\\\/?s={search_term_string}\"},\"query-input\":{\"@type\":\"PropertyValueSpecification\",\"valueRequired\":true,\"valueName\":\"search_term_string\"}}],\"inLanguage\":\"fr-FR\"},{\"@type\":\"Organization\",\"@id\":\"https:\\\/\\\/regenagri.org\\\/#organization\",\"name\":\"regenagri\",\"url\":\"https:\\\/\\\/regenagri.org\\\/\",\"logo\":{\"@type\":\"ImageObject\",\"inLanguage\":\"fr-FR\",\"@id\":\"https:\\\/\\\/regenagri.org\\\/#\\\/schema\\\/logo\\\/image\\\/\",\"url\":\"https:\\\/\\\/regenagri.org\\\/wp-content\\\/uploads\\\/2021\\\/05\\\/regenagri.png\",\"contentUrl\":\"https:\\\/\\\/regenagri.org\\\/wp-content\\\/uploads\\\/2021\\\/05\\\/regenagri.png\",\"width\":1200,\"height\":452,\"caption\":\"regenagri\"},\"image\":{\"@id\":\"https:\\\/\\\/regenagri.org\\\/#\\\/schema\\\/logo\\\/image\\\/\"}}]}<\/script>\n<!-- \/ Yoast SEO plugin. -->","yoast_head_json":{"title":"Standards and Procedures Documents &#8212; Regenagri","robots":{"index":"index","follow":"follow","max-snippet":"max-snippet:-1","max-image-preview":"max-image-preview:large","max-video-preview":"max-video-preview:-1"},"canonical":"https:\/\/regenagri.org\/fr\/documents-de-normalisation\/","og_locale":"fr_FR","og_type":"article","og_title":"Standards and Procedures Documents &#8212; Regenagri","og_description":"regenagri.org\/contact-us\/\u2197 Farms Regenagri Standard-Farms v3.3 View here Crit\u00e9rios Padr\u00e3o regenagri Portugues v3.0 Contact us [\u2026]","og_url":"https:\/\/regenagri.org\/fr\/documents-de-normalisation\/","og_site_name":"Regenagri","article_modified_time":"2026-02-16T09:11:32+00:00","og_image":[{"width":1920,"height":1279,"url":"https:\/\/regenagri.org\/wp-content\/uploads\/2021\/06\/AdobeStock_385196411.jpeg","type":"image\/jpeg"}],"twitter_card":"summary_large_image","schema":{"@context":"https:\/\/schema.org","@graph":[{"@type":"WebPage","@id":"https:\/\/regenagri.org\/standards-documents\/","url":"https:\/\/regenagri.org\/standards-documents\/","name":"Standards and Procedures Documents &#8212; Regenagri","isPartOf":{"@id":"https:\/\/regenagri.org\/#website"},"primaryImageOfPage":{"@id":"https:\/\/regenagri.org\/standards-documents\/#primaryimage"},"image":{"@id":"https:\/\/regenagri.org\/standards-documents\/#primaryimage"},"thumbnailUrl":"https:\/\/regenagri.org\/wp-content\/uploads\/2021\/06\/AdobeStock_385196411.jpeg","datePublished":"2021-11-09T10:09:16+00:00","dateModified":"2026-02-16T09:11:32+00:00","breadcrumb":{"@id":"https:\/\/regenagri.org\/standards-documents\/#breadcrumb"},"inLanguage":"fr-FR","potentialAction":[{"@type":"ReadAction","target":["https:\/\/regenagri.org\/standards-documents\/"]}]},{"@type":"ImageObject","inLanguage":"fr-FR","@id":"https:\/\/regenagri.org\/standards-documents\/#primaryimage","url":"https:\/\/regenagri.org\/wp-content\/uploads\/2021\/06\/AdobeStock_385196411.jpeg","contentUrl":"https:\/\/regenagri.org\/wp-content\/uploads\/2021\/06\/AdobeStock_385196411.jpeg","width":1920,"height":1279},{"@type":"BreadcrumbList","@id":"https:\/\/regenagri.org\/standards-documents\/#breadcrumb","itemListElement":[{"@type":"ListItem","position":1,"name":"Home","item":"https:\/\/regenagri.org\/"},{"@type":"ListItem","position":2,"name":"Standards and Procedures Documents"}]},{"@type":"WebSite","@id":"https:\/\/regenagri.org\/#website","url":"https:\/\/regenagri.org\/","name":"Regenagri","description":"","publisher":{"@id":"https:\/\/regenagri.org\/#organization"},"potentialAction":[{"@type":"SearchAction","target":{"@type":"EntryPoint","urlTemplate":"https:\/\/regenagri.org\/?s={search_term_string}"},"query-input":{"@type":"PropertyValueSpecification","valueRequired":true,"valueName":"search_term_string"}}],"inLanguage":"fr-FR"},{"@type":"Organization","@id":"https:\/\/regenagri.org\/#organization","name":"regenagri","url":"https:\/\/regenagri.org\/","logo":{"@type":"ImageObject","inLanguage":"fr-FR","@id":"https:\/\/regenagri.org\/#\/schema\/logo\/image\/","url":"https:\/\/regenagri.org\/wp-content\/uploads\/2021\/05\/regenagri.png","contentUrl":"https:\/\/regenagri.org\/wp-content\/uploads\/2021\/05\/regenagri.png","width":1200,"height":452,"caption":"regenagri"},"image":{"@id":"https:\/\/regenagri.org\/#\/schema\/logo\/image\/"}}]}},"_links":{"self":[{"href":"https:\/\/regenagri.org\/fr\/wp-json\/wp\/v2\/pages\/742","targetHints":{"allow":["GET"]}}],"collection":[{"href":"https:\/\/regenagri.org\/fr\/wp-json\/wp\/v2\/pages"}],"about":[{"href":"https:\/\/regenagri.org\/fr\/wp-json\/wp\/v2\/types\/page"}],"author":[{"embeddable":true,"href":"https:\/\/regenagri.org\/fr\/wp-json\/wp\/v2\/users\/3"}],"replies":[{"embeddable":true,"href":"https:\/\/regenagri.org\/fr\/wp-json\/wp\/v2\/comments?post=742"}],"version-history":[{"count":242,"href":"https:\/\/regenagri.org\/fr\/wp-json\/wp\/v2\/pages\/742\/revisions"}],"predecessor-version":[{"id":11050,"href":"https:\/\/regenagri.org\/fr\/wp-json\/wp\/v2\/pages\/742\/revisions\/11050"}],"wp:featuredmedia":[{"embeddable":true,"href":"https:\/\/regenagri.org\/fr\/wp-json\/wp\/v2\/media\/594"}],"wp:attachment":[{"href":"https:\/\/regenagri.org\/fr\/wp-json\/wp\/v2\/media?parent=742"}],"curies":[{"name":"wp","href":"https:\/\/api.w.org\/{rel}","templated":true}]}}