{"id":1853,"date":"2023-07-13T13:50:25","date_gmt":"2023-07-13T12:50:25","guid":{"rendered":"https:\/\/regenagri.org\/?page_id=1853"},"modified":"2023-08-02T10:52:24","modified_gmt":"2023-08-02T09:52:24","slug":"theory-of-change","status":"publish","type":"page","link":"https:\/\/regenagri.org\/fr\/theory-of-change\/","title":{"rendered":"Th\u00e9orie du changement"},"content":{"rendered":"<p><strong>Th\u00e9orie du changement<\/strong><\/p>\n\n\n\n<p>The Theory of Change (ToC) of Regenagri C.i.C. is driven by key activities such as robust analysis, stakeholders\u2019 consultations, knowledge and learning activities.<\/p>\n\n\n\n<p>Our ToC helps to identify solutions and the approach to tackle the causes of issues such as loss of biodiversity, loss of soil health, climate change.<\/p>\n\n\n\n<p>The ToC is periodically reviewed to ensure that its approach is still effective to bring the desired change. Assumptions and risks analysis are also periodically reviewed and, if needed, adjusted to fit within the context.<\/p>\n\n\n\n<p>Our Theory of Change invites stakeholders to collaborate and share knowledge in order to change agriculture and its value chains so that land is regenerated and climate targets are achieved.<\/p>\n\n\n\n<p>View the full Theory of Change document <a href=\"https:\/\/regenagri.org\/wp-content\/uploads\/2023\/07\/regenagri-Theory-of-Change.pdf\">ici<\/a>.<\/p>\n\n\n\n<p><strong>Monitoring, Evaluation and Learning system<\/strong><\/p>\n\n\n\n<p>Regenagri C.i.C. met en \u0153uvre un syst\u00e8me de suivi, d'\u00e9valuation et d'apprentissage pour \u00e9valuer l'efficacit\u00e9 du programme regenagri dans la r\u00e9alisation de ses objectifs et pour mesurer et valider son impact.&nbsp;<\/p>\n\n\n\n<p>L'\u00e9valuation de l'efficacit\u00e9 est effectu\u00e9e au moyen de proc\u00e9dures comprenant, entre autres, l'examen p\u00e9riodique des organismes de certification, l'examen des donn\u00e9es v\u00e9rifi\u00e9es, les m\u00e9canismes de retour d'information avec les organisations certifi\u00e9es et les titulaires de licences, les activit\u00e9s d'\u00e9valuation comparative avec des sources scientifiques et d'autres normes, la consultation des parties prenantes et l'analyse p\u00e9riodique des donn\u00e9es.&nbsp;<\/p>\n\n\n\n<p>Regenagri C.i.C. contr\u00f4le en permanence l'utilisation et l'impact du programme. Cela se fait par le biais d'examens, de validations et d'analyses de donn\u00e9es.<\/p>\n\n\n\n<p>Le suivi de l'impact et de l'utilisation permet \u00e0 Regenagri C.i.C. d'\u00e9valuer la r\u00e9alisation de ses objectifs.<\/p>\n\n\n\n<p>Toutes les donn\u00e9es \u00e9tayant la certification doivent \u00eatre certifi\u00e9es par des organismes de certification titulaires d'accr\u00e9ditations externes (par des organismes d'accr\u00e9ditation nationaux ou mondiaux).&nbsp;<\/p>\n\n\n\n<p>Ce processus de v\u00e9rification des donn\u00e9es permet \u00e0 Regenagri C.i.C. d'effectuer une analyse valide et fiable de l'impact et de l'adoption de ses normes.&nbsp;<\/p>\n\n\n\n<p>L'analyse des donn\u00e9es constitue une opportunit\u00e9 d'apprentissage importante pour am\u00e9liorer les normes et les approches de regenagri.&nbsp;<\/p>\n\n\n\n<p>Chaque ann\u00e9e, Regenagri C.i.C. proc\u00e8de \u00e0 un examen du syst\u00e8me MEL afin d'en garantir l'efficacit\u00e9. Des analyses d'impact p\u00e9riodiques sont \u00e9galement r\u00e9alis\u00e9es pour mettre en \u00e9vidence les domaines de r\u00e9ussite, les d\u00e9fis \u00e0 relever et les contextes r\u00e9gionaux. Les rapports correspondants contiennent des donn\u00e9es tr\u00e8s pr\u00e9cieuses pour les parties prenantes et sont destin\u00e9s \u00e0 \u00eatre partag\u00e9s avec le public.&nbsp;<\/p>\n\n\n\n<p>Les r\u00e9sultats de l'\u00e9valuation de la MEL sont les suivants&nbsp;<\/p>\n\n\n\n<ul class=\"wp-block-list\">\n<li>Adoption du programme regenagri au niveau mondial et r\u00e9gional&nbsp;&nbsp;<\/li>\n\n\n\n<li>Conservation r\u00e9alis\u00e9e&nbsp;&nbsp;<\/li>\n\n\n\n<li>Donn\u00e9es sur les \u00e9missions de carbone et de GES&nbsp;<\/li>\n\n\n\n<li>Indicateurs d'impact sur l'environnement (sant\u00e9 des sols, eau)&nbsp;<\/li>\n<\/ul>\n\n\n\n<p>Elles seront diffus\u00e9es publiquement sur le site web et d'autres canaux publics.<\/p>","protected":false},"excerpt":{"rendered":"<p>Theory of Change The Theory of Change (ToC) of Regenagri C.i.C. is driven by [\u2026]<\/p>\n","protected":false},"author":6,"featured_media":1855,"parent":0,"menu_order":0,"comment_status":"closed","ping_status":"closed","template":"","meta":{"_acf_changed":false,"footnotes":""},"class_list":["post-1853","page","type-page","status-publish","has-post-thumbnail","hentry"],"acf":[],"yoast_head":"<!-- This site is optimized with the Yoast SEO plugin v27.4 - https:\/\/yoast.com\/product\/yoast-seo-wordpress\/ -->\n<title>Theory of Change &#8212; regenagri<\/title>\n<meta name=\"robots\" content=\"index, follow, max-snippet:-1, max-image-preview:large, max-video-preview:-1\" \/>\n<link rel=\"canonical\" href=\"https:\/\/regenagri.org\/fr\/theory-of-change\/\" \/>\n<meta property=\"og:locale\" content=\"fr_FR\" \/>\n<meta property=\"og:type\" content=\"article\" \/>\n<meta property=\"og:title\" content=\"Theory of Change &#8212; regenagri\" \/>\n<meta property=\"og:description\" content=\"Theory of Change The Theory of Change (ToC) of Regenagri C.i.C. is driven by [\u2026]\" \/>\n<meta property=\"og:url\" content=\"https:\/\/regenagri.org\/fr\/theory-of-change\/\" \/>\n<meta property=\"og:site_name\" content=\"regenagri\" \/>\n<meta property=\"article:modified_time\" content=\"2023-08-02T09:52:24+00:00\" \/>\n<meta property=\"og:image\" content=\"https:\/\/regenagri.org\/wp-content\/uploads\/2023\/07\/AdobeStock_250597018.jpeg\" \/>\n\t<meta property=\"og:image:width\" content=\"1920\" \/>\n\t<meta property=\"og:image:height\" content=\"843\" \/>\n\t<meta property=\"og:image:type\" content=\"image\/jpeg\" \/>\n<meta name=\"twitter:card\" content=\"summary_large_image\" \/>\n<script type=\"application\/ld+json\" class=\"yoast-schema-graph\">{\"@context\":\"https:\\\/\\\/schema.org\",\"@graph\":[{\"@type\":\"WebPage\",\"@id\":\"https:\\\/\\\/regenagri.org\\\/theory-of-change\\\/\",\"url\":\"https:\\\/\\\/regenagri.org\\\/theory-of-change\\\/\",\"name\":\"Theory of Change &#8212; regenagri\",\"isPartOf\":{\"@id\":\"https:\\\/\\\/regenagri.org\\\/#website\"},\"primaryImageOfPage\":{\"@id\":\"https:\\\/\\\/regenagri.org\\\/theory-of-change\\\/#primaryimage\"},\"image\":{\"@id\":\"https:\\\/\\\/regenagri.org\\\/theory-of-change\\\/#primaryimage\"},\"thumbnailUrl\":\"https:\\\/\\\/regenagri.org\\\/wp-content\\\/uploads\\\/2023\\\/07\\\/AdobeStock_250597018.jpeg\",\"datePublished\":\"2023-07-13T12:50:25+00:00\",\"dateModified\":\"2023-08-02T09:52:24+00:00\",\"breadcrumb\":{\"@id\":\"https:\\\/\\\/regenagri.org\\\/theory-of-change\\\/#breadcrumb\"},\"inLanguage\":\"fr-FR\",\"potentialAction\":[{\"@type\":\"ReadAction\",\"target\":[\"https:\\\/\\\/regenagri.org\\\/theory-of-change\\\/\"]}]},{\"@type\":\"ImageObject\",\"inLanguage\":\"fr-FR\",\"@id\":\"https:\\\/\\\/regenagri.org\\\/theory-of-change\\\/#primaryimage\",\"url\":\"https:\\\/\\\/regenagri.org\\\/wp-content\\\/uploads\\\/2023\\\/07\\\/AdobeStock_250597018.jpeg\",\"contentUrl\":\"https:\\\/\\\/regenagri.org\\\/wp-content\\\/uploads\\\/2023\\\/07\\\/AdobeStock_250597018.jpeg\",\"width\":1920,\"height\":843},{\"@type\":\"BreadcrumbList\",\"@id\":\"https:\\\/\\\/regenagri.org\\\/theory-of-change\\\/#breadcrumb\",\"itemListElement\":[{\"@type\":\"ListItem\",\"position\":1,\"name\":\"Home\",\"item\":\"https:\\\/\\\/regenagri.org\\\/\"},{\"@type\":\"ListItem\",\"position\":2,\"name\":\"Theory of Change\"}]},{\"@type\":\"WebSite\",\"@id\":\"https:\\\/\\\/regenagri.org\\\/#website\",\"url\":\"https:\\\/\\\/regenagri.org\\\/\",\"name\":\"regenagri\",\"description\":\"\",\"publisher\":{\"@id\":\"https:\\\/\\\/regenagri.org\\\/#organization\"},\"potentialAction\":[{\"@type\":\"SearchAction\",\"target\":{\"@type\":\"EntryPoint\",\"urlTemplate\":\"https:\\\/\\\/regenagri.org\\\/?s={search_term_string}\"},\"query-input\":{\"@type\":\"PropertyValueSpecification\",\"valueRequired\":true,\"valueName\":\"search_term_string\"}}],\"inLanguage\":\"fr-FR\"},{\"@type\":\"Organization\",\"@id\":\"https:\\\/\\\/regenagri.org\\\/#organization\",\"name\":\"regenagri\",\"url\":\"https:\\\/\\\/regenagri.org\\\/\",\"logo\":{\"@type\":\"ImageObject\",\"inLanguage\":\"fr-FR\",\"@id\":\"https:\\\/\\\/regenagri.org\\\/#\\\/schema\\\/logo\\\/image\\\/\",\"url\":\"https:\\\/\\\/regenagri.org\\\/wp-content\\\/uploads\\\/2021\\\/05\\\/regenagri.png\",\"contentUrl\":\"https:\\\/\\\/regenagri.org\\\/wp-content\\\/uploads\\\/2021\\\/05\\\/regenagri.png\",\"width\":1200,\"height\":452,\"caption\":\"regenagri\"},\"image\":{\"@id\":\"https:\\\/\\\/regenagri.org\\\/#\\\/schema\\\/logo\\\/image\\\/\"}}]}<\/script>\n<!-- \/ Yoast SEO plugin. -->","yoast_head_json":{"title":"Theory of Change &#8212; regenagri","robots":{"index":"index","follow":"follow","max-snippet":"max-snippet:-1","max-image-preview":"max-image-preview:large","max-video-preview":"max-video-preview:-1"},"canonical":"https:\/\/regenagri.org\/fr\/theory-of-change\/","og_locale":"fr_FR","og_type":"article","og_title":"Theory of Change &#8212; regenagri","og_description":"Theory of Change The Theory of Change (ToC) of Regenagri C.i.C. is driven by [\u2026]","og_url":"https:\/\/regenagri.org\/fr\/theory-of-change\/","og_site_name":"regenagri","article_modified_time":"2023-08-02T09:52:24+00:00","og_image":[{"width":1920,"height":843,"url":"https:\/\/regenagri.org\/wp-content\/uploads\/2023\/07\/AdobeStock_250597018.jpeg","type":"image\/jpeg"}],"twitter_card":"summary_large_image","schema":{"@context":"https:\/\/schema.org","@graph":[{"@type":"WebPage","@id":"https:\/\/regenagri.org\/theory-of-change\/","url":"https:\/\/regenagri.org\/theory-of-change\/","name":"Theory of Change &#8212; regenagri","isPartOf":{"@id":"https:\/\/regenagri.org\/#website"},"primaryImageOfPage":{"@id":"https:\/\/regenagri.org\/theory-of-change\/#primaryimage"},"image":{"@id":"https:\/\/regenagri.org\/theory-of-change\/#primaryimage"},"thumbnailUrl":"https:\/\/regenagri.org\/wp-content\/uploads\/2023\/07\/AdobeStock_250597018.jpeg","datePublished":"2023-07-13T12:50:25+00:00","dateModified":"2023-08-02T09:52:24+00:00","breadcrumb":{"@id":"https:\/\/regenagri.org\/theory-of-change\/#breadcrumb"},"inLanguage":"fr-FR","potentialAction":[{"@type":"ReadAction","target":["https:\/\/regenagri.org\/theory-of-change\/"]}]},{"@type":"ImageObject","inLanguage":"fr-FR","@id":"https:\/\/regenagri.org\/theory-of-change\/#primaryimage","url":"https:\/\/regenagri.org\/wp-content\/uploads\/2023\/07\/AdobeStock_250597018.jpeg","contentUrl":"https:\/\/regenagri.org\/wp-content\/uploads\/2023\/07\/AdobeStock_250597018.jpeg","width":1920,"height":843},{"@type":"BreadcrumbList","@id":"https:\/\/regenagri.org\/theory-of-change\/#breadcrumb","itemListElement":[{"@type":"ListItem","position":1,"name":"Home","item":"https:\/\/regenagri.org\/"},{"@type":"ListItem","position":2,"name":"Theory of Change"}]},{"@type":"WebSite","@id":"https:\/\/regenagri.org\/#website","url":"https:\/\/regenagri.org\/","name":"regenagri","description":"","publisher":{"@id":"https:\/\/regenagri.org\/#organization"},"potentialAction":[{"@type":"SearchAction","target":{"@type":"EntryPoint","urlTemplate":"https:\/\/regenagri.org\/?s={search_term_string}"},"query-input":{"@type":"PropertyValueSpecification","valueRequired":true,"valueName":"search_term_string"}}],"inLanguage":"fr-FR"},{"@type":"Organization","@id":"https:\/\/regenagri.org\/#organization","name":"regenagri","url":"https:\/\/regenagri.org\/","logo":{"@type":"ImageObject","inLanguage":"fr-FR","@id":"https:\/\/regenagri.org\/#\/schema\/logo\/image\/","url":"https:\/\/regenagri.org\/wp-content\/uploads\/2021\/05\/regenagri.png","contentUrl":"https:\/\/regenagri.org\/wp-content\/uploads\/2021\/05\/regenagri.png","width":1200,"height":452,"caption":"regenagri"},"image":{"@id":"https:\/\/regenagri.org\/#\/schema\/logo\/image\/"}}]}},"_links":{"self":[{"href":"https:\/\/regenagri.org\/fr\/wp-json\/wp\/v2\/pages\/1853","targetHints":{"allow":["GET"]}}],"collection":[{"href":"https:\/\/regenagri.org\/fr\/wp-json\/wp\/v2\/pages"}],"about":[{"href":"https:\/\/regenagri.org\/fr\/wp-json\/wp\/v2\/types\/page"}],"author":[{"embeddable":true,"href":"https:\/\/regenagri.org\/fr\/wp-json\/wp\/v2\/users\/6"}],"replies":[{"embeddable":true,"href":"https:\/\/regenagri.org\/fr\/wp-json\/wp\/v2\/comments?post=1853"}],"version-history":[{"count":6,"href":"https:\/\/regenagri.org\/fr\/wp-json\/wp\/v2\/pages\/1853\/revisions"}],"predecessor-version":[{"id":1957,"href":"https:\/\/regenagri.org\/fr\/wp-json\/wp\/v2\/pages\/1853\/revisions\/1957"}],"wp:featuredmedia":[{"embeddable":true,"href":"https:\/\/regenagri.org\/fr\/wp-json\/wp\/v2\/media\/1855"}],"wp:attachment":[{"href":"https:\/\/regenagri.org\/fr\/wp-json\/wp\/v2\/media?parent=1853"}],"curies":[{"name":"wp","href":"https:\/\/api.w.org\/{rel}","templated":true}]}}