{"id":12,"date":"2021-05-03T20:15:27","date_gmt":"2021-05-03T19:15:27","guid":{"rendered":"http:\/\/regenagri-org.stackstaging.com\/?page_id=12"},"modified":"2026-04-29T14:17:58","modified_gmt":"2026-04-29T13:17:58","slug":"pourquoi-regenagri","status":"publish","type":"page","link":"https:\/\/regenagri.org\/fr\/why-regenagri\/","title":{"rendered":"\u00c0 propos de Regenagri"},"content":{"rendered":"<p class=\"has-text-align-center\">Regenagri is a regenerative agriculture initiative aimed at securing the health of the land and the wealth of those who live on it. It supports farms and organisations to transition to holistic farming techniques that increase soil organic matter, encourage biodiversity sequester CO<sub>2<\/sub> and improve water and energy management. Designed for continuous improvement, Regenagri offers members a complete solution for measuring and reporting on regenerative progress and monetizing environmentally minded farming.<\/p>\n\n\n\n<p class=\"has-text-align-center\">The technical development of Regenagri is supported by a governance team, a group of organisations expert in all aspects of regenerative agriculture.<\/p>\n\n\n\n<figure class=\"wp-block-image size-large is-resized\"><img decoding=\"async\" width=\"1200\" height=\"1109\" data-src=\"https:\/\/regenagri.org\/wp-content\/uploads\/2021\/06\/Engagement-Model-1200x1109.png\" alt=\"\" class=\"wp-image-534 lazyload\" style=\"--smush-placeholder-width: 1200px; --smush-placeholder-aspect-ratio: 1200\/1109;width:852px;height:788px\" data-srcset=\"https:\/\/regenagri.org\/wp-content\/uploads\/2021\/06\/Engagement-Model-1200x1109.png 1200w, https:\/\/regenagri.org\/wp-content\/uploads\/2021\/06\/Engagement-Model-700x647.png 700w, https:\/\/regenagri.org\/wp-content\/uploads\/2021\/06\/Engagement-Model-768x710.png 768w, https:\/\/regenagri.org\/wp-content\/uploads\/2021\/06\/Engagement-Model.png 1523w\" data-sizes=\"(max-width: 1200px) 100vw, 1200px\" src=\"data:image\/svg+xml;base64,PHN2ZyB3aWR0aD0iMSIgaGVpZ2h0PSIxIiB4bWxucz0iaHR0cDovL3d3dy53My5vcmcvMjAwMC9zdmciPjwvc3ZnPg==\" \/><\/figure>\n\n\n\n<div class=\"wp-block-buttons is-layout-flex wp-block-buttons-is-layout-flex\">\n<div class=\"wp-block-button\"><a class=\"wp-block-button__link wp-element-button\" href=\"https:\/\/regenagri.org\/fr\/nous-contacter\/\">Rejoignez-nous<\/a><\/div>\n<\/div>\n\n\n\n<div style=\"height:100px\" aria-hidden=\"true\" class=\"wp-block-spacer\"><\/div>\n\n\n\n<p>Regenagri C.i.C. met en \u0153uvre un syst\u00e8me de suivi, d'\u00e9valuation et d'apprentissage pour \u00e9valuer l'efficacit\u00e9 du programme regenagri dans la r\u00e9alisation de ses objectifs et pour mesurer et valider son impact.&nbsp;<\/p>\n\n\n\n<p>L'\u00e9valuation de l'efficacit\u00e9 est effectu\u00e9e au moyen de proc\u00e9dures comprenant, entre autres, l'examen p\u00e9riodique des organismes de certification, l'examen des donn\u00e9es v\u00e9rifi\u00e9es, les m\u00e9canismes de retour d'information avec les organisations certifi\u00e9es et les titulaires de licences, les activit\u00e9s d'\u00e9valuation comparative avec des sources scientifiques et d'autres normes, la consultation des parties prenantes et l'analyse p\u00e9riodique des donn\u00e9es.&nbsp;<\/p>\n\n\n\n<p>Regenagri C.i.C. contr\u00f4le en permanence l'utilisation et l'impact du programme. Cela se fait par le biais d'examens, de validations et d'analyses de donn\u00e9es.<\/p>\n\n\n\n<p>Le suivi de l'impact et de l'utilisation permet \u00e0 Regenagri C.i.C. d'\u00e9valuer la r\u00e9alisation de ses objectifs.<\/p>\n\n\n\n<p>Toutes les donn\u00e9es \u00e9tayant la certification doivent \u00eatre certifi\u00e9es par des organismes de certification titulaires d'accr\u00e9ditations externes (par des organismes d'accr\u00e9ditation nationaux ou mondiaux).&nbsp;<\/p>\n\n\n\n<p>Ce processus de v\u00e9rification des donn\u00e9es permet \u00e0 Regenagri C.i.C. d'effectuer une analyse valide et fiable de l'impact et de l'adoption de ses normes.&nbsp;<\/p>\n\n\n\n<p>L'analyse des donn\u00e9es constitue une opportunit\u00e9 d'apprentissage importante pour am\u00e9liorer les normes et les approches de regenagri.&nbsp;<\/p>\n\n\n\n<p>Chaque ann\u00e9e, Regenagri C.i.C. proc\u00e8de \u00e0 un examen du syst\u00e8me MEL afin d'en garantir l'efficacit\u00e9. Des analyses d'impact p\u00e9riodiques sont \u00e9galement r\u00e9alis\u00e9es pour mettre en \u00e9vidence les domaines de r\u00e9ussite, les d\u00e9fis \u00e0 relever et les contextes r\u00e9gionaux. Les rapports correspondants contiennent des donn\u00e9es tr\u00e8s pr\u00e9cieuses pour les parties prenantes et sont destin\u00e9s \u00e0 \u00eatre partag\u00e9s avec le public.&nbsp;<\/p>\n\n\n\n<p>Les r\u00e9sultats de l'\u00e9valuation de la MEL sont les suivants&nbsp;<\/p>\n\n\n\n<ul class=\"wp-block-list\">\n<li>Adoption du programme regenagri au niveau mondial et r\u00e9gional&nbsp;&nbsp;<\/li>\n\n\n\n<li>Conservation r\u00e9alis\u00e9e&nbsp;&nbsp;<\/li>\n\n\n\n<li>Donn\u00e9es sur les \u00e9missions de carbone et de GES&nbsp;<\/li>\n\n\n\n<li>Indicateurs d'impact sur l'environnement (sant\u00e9 des sols, eau)&nbsp;<\/li>\n<\/ul>\n\n\n\n<p>Elles seront diffus\u00e9es publiquement sur le site web et d'autres canaux publics.<\/p>","protected":false},"excerpt":{"rendered":"<p>Regenagri is a regenerative agriculture initiative aimed at securing the health of the land [\u2026]<\/p>\n","protected":false},"author":3,"featured_media":475,"parent":0,"menu_order":0,"comment_status":"closed","ping_status":"closed","template":"template-landing.php","meta":{"_acf_changed":false,"footnotes":""},"class_list":["post-12","page","type-page","status-publish","has-post-thumbnail","hentry"],"acf":[],"yoast_head":"<!-- This site is optimized with the Yoast SEO plugin v27.4 - https:\/\/yoast.com\/product\/yoast-seo-wordpress\/ -->\n<title>About Regenagri &#8212; regenagri<\/title>\n<meta name=\"description\" content=\"Members can access the Regenagri assessment, covering a wide range of regenerative measures and provides benchmarking and actionable feedback.\" \/>\n<meta name=\"robots\" content=\"index, follow, max-snippet:-1, max-image-preview:large, max-video-preview:-1\" \/>\n<link rel=\"canonical\" href=\"https:\/\/regenagri.org\/fr\/pourquoi-regenagri\/\" \/>\n<meta property=\"og:locale\" content=\"fr_FR\" \/>\n<meta property=\"og:type\" content=\"article\" \/>\n<meta property=\"og:title\" content=\"About Regenagri &#8212; regenagri\" \/>\n<meta property=\"og:description\" content=\"Members can access the Regenagri assessment, covering a wide range of regenerative measures and provides benchmarking and actionable feedback.\" \/>\n<meta property=\"og:url\" content=\"https:\/\/regenagri.org\/fr\/pourquoi-regenagri\/\" \/>\n<meta property=\"og:site_name\" content=\"regenagri\" \/>\n<meta property=\"article:modified_time\" content=\"2026-04-29T13:17:58+00:00\" \/>\n<meta property=\"og:image\" content=\"https:\/\/regenagri.org\/wp-content\/uploads\/2021\/06\/AdobeStock_24890871.jpeg\" \/>\n\t<meta property=\"og:image:width\" content=\"1920\" \/>\n\t<meta property=\"og:image:height\" content=\"1277\" \/>\n\t<meta property=\"og:image:type\" content=\"image\/jpeg\" \/>\n<meta name=\"twitter:card\" content=\"summary_large_image\" \/>\n<script type=\"application\/ld+json\" class=\"yoast-schema-graph\">{\"@context\":\"https:\\\/\\\/schema.org\",\"@graph\":[{\"@type\":\"WebPage\",\"@id\":\"https:\\\/\\\/regenagri.org\\\/why-regenagri\\\/\",\"url\":\"https:\\\/\\\/regenagri.org\\\/why-regenagri\\\/\",\"name\":\"About Regenagri &#8212; regenagri\",\"isPartOf\":{\"@id\":\"https:\\\/\\\/regenagri.org\\\/#website\"},\"primaryImageOfPage\":{\"@id\":\"https:\\\/\\\/regenagri.org\\\/why-regenagri\\\/#primaryimage\"},\"image\":{\"@id\":\"https:\\\/\\\/regenagri.org\\\/why-regenagri\\\/#primaryimage\"},\"thumbnailUrl\":\"https:\\\/\\\/regenagri.org\\\/wp-content\\\/uploads\\\/2021\\\/06\\\/AdobeStock_24890871.jpeg\",\"datePublished\":\"2021-05-03T19:15:27+00:00\",\"dateModified\":\"2026-04-29T13:17:58+00:00\",\"description\":\"Members can access the Regenagri assessment, covering a wide range of regenerative measures and provides benchmarking and actionable feedback.\",\"breadcrumb\":{\"@id\":\"https:\\\/\\\/regenagri.org\\\/why-regenagri\\\/#breadcrumb\"},\"inLanguage\":\"fr-FR\",\"potentialAction\":[{\"@type\":\"ReadAction\",\"target\":[\"https:\\\/\\\/regenagri.org\\\/why-regenagri\\\/\"]}]},{\"@type\":\"ImageObject\",\"inLanguage\":\"fr-FR\",\"@id\":\"https:\\\/\\\/regenagri.org\\\/why-regenagri\\\/#primaryimage\",\"url\":\"https:\\\/\\\/regenagri.org\\\/wp-content\\\/uploads\\\/2021\\\/06\\\/AdobeStock_24890871.jpeg\",\"contentUrl\":\"https:\\\/\\\/regenagri.org\\\/wp-content\\\/uploads\\\/2021\\\/06\\\/AdobeStock_24890871.jpeg\",\"width\":1920,\"height\":1277,\"caption\":\"Drill seeds by No-till technology, straight to unplowed field\"},{\"@type\":\"BreadcrumbList\",\"@id\":\"https:\\\/\\\/regenagri.org\\\/why-regenagri\\\/#breadcrumb\",\"itemListElement\":[{\"@type\":\"ListItem\",\"position\":1,\"name\":\"Home\",\"item\":\"https:\\\/\\\/regenagri.org\\\/\"},{\"@type\":\"ListItem\",\"position\":2,\"name\":\"About Regenagri\"}]},{\"@type\":\"WebSite\",\"@id\":\"https:\\\/\\\/regenagri.org\\\/#website\",\"url\":\"https:\\\/\\\/regenagri.org\\\/\",\"name\":\"regenagri\",\"description\":\"\",\"publisher\":{\"@id\":\"https:\\\/\\\/regenagri.org\\\/#organization\"},\"potentialAction\":[{\"@type\":\"SearchAction\",\"target\":{\"@type\":\"EntryPoint\",\"urlTemplate\":\"https:\\\/\\\/regenagri.org\\\/?s={search_term_string}\"},\"query-input\":{\"@type\":\"PropertyValueSpecification\",\"valueRequired\":true,\"valueName\":\"search_term_string\"}}],\"inLanguage\":\"fr-FR\"},{\"@type\":\"Organization\",\"@id\":\"https:\\\/\\\/regenagri.org\\\/#organization\",\"name\":\"regenagri\",\"url\":\"https:\\\/\\\/regenagri.org\\\/\",\"logo\":{\"@type\":\"ImageObject\",\"inLanguage\":\"fr-FR\",\"@id\":\"https:\\\/\\\/regenagri.org\\\/#\\\/schema\\\/logo\\\/image\\\/\",\"url\":\"https:\\\/\\\/regenagri.org\\\/wp-content\\\/uploads\\\/2021\\\/05\\\/regenagri.png\",\"contentUrl\":\"https:\\\/\\\/regenagri.org\\\/wp-content\\\/uploads\\\/2021\\\/05\\\/regenagri.png\",\"width\":1200,\"height\":452,\"caption\":\"regenagri\"},\"image\":{\"@id\":\"https:\\\/\\\/regenagri.org\\\/#\\\/schema\\\/logo\\\/image\\\/\"}}]}<\/script>\n<!-- \/ Yoast SEO plugin. -->","yoast_head_json":{"title":"About Regenagri &#8212; regenagri","description":"Members can access the Regenagri assessment, covering a wide range of regenerative measures and provides benchmarking and actionable feedback.","robots":{"index":"index","follow":"follow","max-snippet":"max-snippet:-1","max-image-preview":"max-image-preview:large","max-video-preview":"max-video-preview:-1"},"canonical":"https:\/\/regenagri.org\/fr\/pourquoi-regenagri\/","og_locale":"fr_FR","og_type":"article","og_title":"About Regenagri &#8212; regenagri","og_description":"Members can access the Regenagri assessment, covering a wide range of regenerative measures and provides benchmarking and actionable feedback.","og_url":"https:\/\/regenagri.org\/fr\/pourquoi-regenagri\/","og_site_name":"regenagri","article_modified_time":"2026-04-29T13:17:58+00:00","og_image":[{"width":1920,"height":1277,"url":"https:\/\/regenagri.org\/wp-content\/uploads\/2021\/06\/AdobeStock_24890871.jpeg","type":"image\/jpeg"}],"twitter_card":"summary_large_image","schema":{"@context":"https:\/\/schema.org","@graph":[{"@type":"WebPage","@id":"https:\/\/regenagri.org\/why-regenagri\/","url":"https:\/\/regenagri.org\/why-regenagri\/","name":"About Regenagri &#8212; regenagri","isPartOf":{"@id":"https:\/\/regenagri.org\/#website"},"primaryImageOfPage":{"@id":"https:\/\/regenagri.org\/why-regenagri\/#primaryimage"},"image":{"@id":"https:\/\/regenagri.org\/why-regenagri\/#primaryimage"},"thumbnailUrl":"https:\/\/regenagri.org\/wp-content\/uploads\/2021\/06\/AdobeStock_24890871.jpeg","datePublished":"2021-05-03T19:15:27+00:00","dateModified":"2026-04-29T13:17:58+00:00","description":"Members can access the Regenagri assessment, covering a wide range of regenerative measures and provides benchmarking and actionable feedback.","breadcrumb":{"@id":"https:\/\/regenagri.org\/why-regenagri\/#breadcrumb"},"inLanguage":"fr-FR","potentialAction":[{"@type":"ReadAction","target":["https:\/\/regenagri.org\/why-regenagri\/"]}]},{"@type":"ImageObject","inLanguage":"fr-FR","@id":"https:\/\/regenagri.org\/why-regenagri\/#primaryimage","url":"https:\/\/regenagri.org\/wp-content\/uploads\/2021\/06\/AdobeStock_24890871.jpeg","contentUrl":"https:\/\/regenagri.org\/wp-content\/uploads\/2021\/06\/AdobeStock_24890871.jpeg","width":1920,"height":1277,"caption":"Drill seeds by No-till technology, straight to unplowed field"},{"@type":"BreadcrumbList","@id":"https:\/\/regenagri.org\/why-regenagri\/#breadcrumb","itemListElement":[{"@type":"ListItem","position":1,"name":"Home","item":"https:\/\/regenagri.org\/"},{"@type":"ListItem","position":2,"name":"About Regenagri"}]},{"@type":"WebSite","@id":"https:\/\/regenagri.org\/#website","url":"https:\/\/regenagri.org\/","name":"regenagri","description":"","publisher":{"@id":"https:\/\/regenagri.org\/#organization"},"potentialAction":[{"@type":"SearchAction","target":{"@type":"EntryPoint","urlTemplate":"https:\/\/regenagri.org\/?s={search_term_string}"},"query-input":{"@type":"PropertyValueSpecification","valueRequired":true,"valueName":"search_term_string"}}],"inLanguage":"fr-FR"},{"@type":"Organization","@id":"https:\/\/regenagri.org\/#organization","name":"regenagri","url":"https:\/\/regenagri.org\/","logo":{"@type":"ImageObject","inLanguage":"fr-FR","@id":"https:\/\/regenagri.org\/#\/schema\/logo\/image\/","url":"https:\/\/regenagri.org\/wp-content\/uploads\/2021\/05\/regenagri.png","contentUrl":"https:\/\/regenagri.org\/wp-content\/uploads\/2021\/05\/regenagri.png","width":1200,"height":452,"caption":"regenagri"},"image":{"@id":"https:\/\/regenagri.org\/#\/schema\/logo\/image\/"}}]}},"_links":{"self":[{"href":"https:\/\/regenagri.org\/fr\/wp-json\/wp\/v2\/pages\/12","targetHints":{"allow":["GET"]}}],"collection":[{"href":"https:\/\/regenagri.org\/fr\/wp-json\/wp\/v2\/pages"}],"about":[{"href":"https:\/\/regenagri.org\/fr\/wp-json\/wp\/v2\/types\/page"}],"author":[{"embeddable":true,"href":"https:\/\/regenagri.org\/fr\/wp-json\/wp\/v2\/users\/3"}],"replies":[{"embeddable":true,"href":"https:\/\/regenagri.org\/fr\/wp-json\/wp\/v2\/comments?post=12"}],"version-history":[{"count":71,"href":"https:\/\/regenagri.org\/fr\/wp-json\/wp\/v2\/pages\/12\/revisions"}],"predecessor-version":[{"id":11454,"href":"https:\/\/regenagri.org\/fr\/wp-json\/wp\/v2\/pages\/12\/revisions\/11454"}],"wp:featuredmedia":[{"embeddable":true,"href":"https:\/\/regenagri.org\/fr\/wp-json\/wp\/v2\/media\/475"}],"wp:attachment":[{"href":"https:\/\/regenagri.org\/fr\/wp-json\/wp\/v2\/media?parent=12"}],"curies":[{"name":"wp","href":"https:\/\/api.w.org\/{rel}","templated":true}]}}