{"id":981,"date":"2022-05-18T16:00:50","date_gmt":"2022-05-18T15:00:50","guid":{"rendered":"https:\/\/regenagri.org\/?page_id=981"},"modified":"2024-12-18T11:46:17","modified_gmt":"2024-12-18T11:46:17","slug":"grupo-de-gobierno","status":"publish","type":"page","link":"https:\/\/regenagri.org\/es\/governance-group\/","title":{"rendered":"Socios asesores"},"content":{"rendered":"<p>Como parte de nuestras actividades de consulta a las partes interesadas, trabajamos con socios asesores que apoyan el desarrollo de regenagri y que son expertos en diversos campos de la agricultura regenerativa, incluidas las mediciones de GEI, la biodiversidad y la financiaci\u00f3n de la transici\u00f3n. Su funci\u00f3n es ofrecer conocimientos externos y una revisi\u00f3n exhaustiva de nuestro trabajo para garantizar que los criterios est\u00e1ndar, las metodolog\u00edas y la plataforma de datos de regenagri sean s\u00f3lidos y fiables. Todas las organizaciones que compartan los mismos valores y misi\u00f3n de regenagri son bienvenidas a expresar su inter\u00e9s en este compromiso.<\/p>\n\n\n\n<p>Entre nuestros socios asesores figuran:<\/p>\n\n\n\n<figure class=\"wp-block-image size-large\"><img decoding=\"async\" width=\"1200\" height=\"848\" data-src=\"https:\/\/regenagri.org\/wp-content\/uploads\/2022\/06\/Governance-group-image-2-1200x848.png\" alt=\"\" class=\"wp-image-1033 lazyload\" data-srcset=\"https:\/\/regenagri.org\/wp-content\/uploads\/2022\/06\/Governance-group-image-2-1200x848.png 1200w, https:\/\/regenagri.org\/wp-content\/uploads\/2022\/06\/Governance-group-image-2-700x495.png 700w, https:\/\/regenagri.org\/wp-content\/uploads\/2022\/06\/Governance-group-image-2-768x543.png 768w, https:\/\/regenagri.org\/wp-content\/uploads\/2022\/06\/Governance-group-image-2-1536x1086.png 1536w, https:\/\/regenagri.org\/wp-content\/uploads\/2022\/06\/Governance-group-image-2.png 2000w\" data-sizes=\"(max-width: 1200px) 100vw, 1200px\" src=\"data:image\/svg+xml;base64,PHN2ZyB3aWR0aD0iMSIgaGVpZ2h0PSIxIiB4bWxucz0iaHR0cDovL3d3dy53My5vcmcvMjAwMC9zdmciPjwvc3ZnPg==\" style=\"--smush-placeholder-width: 1200px; --smush-placeholder-aspect-ratio: 1200\/848;\" \/><\/figure>\n\n\n\n<p><\/p>","protected":false},"excerpt":{"rendered":"<p>As part of our stakeholders consultation activities, we work with advisory partners who are [\u2026]<\/p>\n","protected":false},"author":3,"featured_media":0,"parent":0,"menu_order":0,"comment_status":"closed","ping_status":"closed","template":"","meta":{"_acf_changed":false,"footnotes":""},"class_list":["post-981","page","type-page","status-publish","hentry"],"acf":[],"yoast_head":"<!-- This site is optimized with the Yoast SEO plugin v27.4 - https:\/\/yoast.com\/product\/yoast-seo-wordpress\/ -->\n<title>Advisory Partners &#8212; regenagri<\/title>\n<meta name=\"robots\" content=\"index, follow, max-snippet:-1, max-image-preview:large, max-video-preview:-1\" \/>\n<link rel=\"canonical\" href=\"https:\/\/regenagri.org\/es\/grupo-de-gobierno\/\" \/>\n<meta property=\"og:locale\" content=\"es_ES\" \/>\n<meta property=\"og:type\" content=\"article\" \/>\n<meta property=\"og:title\" content=\"Advisory Partners &#8212; regenagri\" \/>\n<meta property=\"og:description\" content=\"As part of our stakeholders consultation activities, we work with advisory partners who are [\u2026]\" \/>\n<meta property=\"og:url\" content=\"https:\/\/regenagri.org\/es\/grupo-de-gobierno\/\" \/>\n<meta property=\"og:site_name\" content=\"regenagri\" \/>\n<meta property=\"article:modified_time\" content=\"2024-12-18T11:46:17+00:00\" \/>\n<meta property=\"og:image\" content=\"https:\/\/regenagri.org\/wp-content\/uploads\/2022\/06\/Governance-group-image-2.png\" \/>\n\t<meta property=\"og:image:width\" content=\"2000\" \/>\n\t<meta property=\"og:image:height\" content=\"1414\" \/>\n\t<meta property=\"og:image:type\" content=\"image\/png\" \/>\n<meta name=\"twitter:card\" content=\"summary_large_image\" \/>\n<script type=\"application\/ld+json\" class=\"yoast-schema-graph\">{\"@context\":\"https:\\\/\\\/schema.org\",\"@graph\":[{\"@type\":\"WebPage\",\"@id\":\"https:\\\/\\\/regenagri.org\\\/governance-group\\\/\",\"url\":\"https:\\\/\\\/regenagri.org\\\/governance-group\\\/\",\"name\":\"Advisory Partners &#8212; regenagri\",\"isPartOf\":{\"@id\":\"https:\\\/\\\/regenagri.org\\\/#website\"},\"primaryImageOfPage\":{\"@id\":\"https:\\\/\\\/regenagri.org\\\/governance-group\\\/#primaryimage\"},\"image\":{\"@id\":\"https:\\\/\\\/regenagri.org\\\/governance-group\\\/#primaryimage\"},\"thumbnailUrl\":\"https:\\\/\\\/regenagri.org\\\/wp-content\\\/uploads\\\/2022\\\/06\\\/Governance-group-image-2-1200x848.png\",\"datePublished\":\"2022-05-18T15:00:50+00:00\",\"dateModified\":\"2024-12-18T11:46:17+00:00\",\"breadcrumb\":{\"@id\":\"https:\\\/\\\/regenagri.org\\\/governance-group\\\/#breadcrumb\"},\"inLanguage\":\"es\",\"potentialAction\":[{\"@type\":\"ReadAction\",\"target\":[\"https:\\\/\\\/regenagri.org\\\/governance-group\\\/\"]}]},{\"@type\":\"ImageObject\",\"inLanguage\":\"es\",\"@id\":\"https:\\\/\\\/regenagri.org\\\/governance-group\\\/#primaryimage\",\"url\":\"https:\\\/\\\/regenagri.org\\\/wp-content\\\/uploads\\\/2022\\\/06\\\/Governance-group-image-2-1200x848.png\",\"contentUrl\":\"https:\\\/\\\/regenagri.org\\\/wp-content\\\/uploads\\\/2022\\\/06\\\/Governance-group-image-2-1200x848.png\"},{\"@type\":\"BreadcrumbList\",\"@id\":\"https:\\\/\\\/regenagri.org\\\/governance-group\\\/#breadcrumb\",\"itemListElement\":[{\"@type\":\"ListItem\",\"position\":1,\"name\":\"Home\",\"item\":\"https:\\\/\\\/regenagri.org\\\/\"},{\"@type\":\"ListItem\",\"position\":2,\"name\":\"Advisory Partners\"}]},{\"@type\":\"WebSite\",\"@id\":\"https:\\\/\\\/regenagri.org\\\/#website\",\"url\":\"https:\\\/\\\/regenagri.org\\\/\",\"name\":\"regenagri\",\"description\":\"\",\"publisher\":{\"@id\":\"https:\\\/\\\/regenagri.org\\\/#organization\"},\"potentialAction\":[{\"@type\":\"SearchAction\",\"target\":{\"@type\":\"EntryPoint\",\"urlTemplate\":\"https:\\\/\\\/regenagri.org\\\/?s={search_term_string}\"},\"query-input\":{\"@type\":\"PropertyValueSpecification\",\"valueRequired\":true,\"valueName\":\"search_term_string\"}}],\"inLanguage\":\"es\"},{\"@type\":\"Organization\",\"@id\":\"https:\\\/\\\/regenagri.org\\\/#organization\",\"name\":\"regenagri\",\"url\":\"https:\\\/\\\/regenagri.org\\\/\",\"logo\":{\"@type\":\"ImageObject\",\"inLanguage\":\"es\",\"@id\":\"https:\\\/\\\/regenagri.org\\\/#\\\/schema\\\/logo\\\/image\\\/\",\"url\":\"https:\\\/\\\/regenagri.org\\\/wp-content\\\/uploads\\\/2021\\\/05\\\/regenagri.png\",\"contentUrl\":\"https:\\\/\\\/regenagri.org\\\/wp-content\\\/uploads\\\/2021\\\/05\\\/regenagri.png\",\"width\":1200,\"height\":452,\"caption\":\"regenagri\"},\"image\":{\"@id\":\"https:\\\/\\\/regenagri.org\\\/#\\\/schema\\\/logo\\\/image\\\/\"}}]}<\/script>\n<!-- \/ Yoast SEO plugin. -->","yoast_head_json":{"title":"Socios asesores - regenagri","robots":{"index":"index","follow":"follow","max-snippet":"max-snippet:-1","max-image-preview":"max-image-preview:large","max-video-preview":"max-video-preview:-1"},"canonical":"https:\/\/regenagri.org\/es\/grupo-de-gobierno\/","og_locale":"es_ES","og_type":"article","og_title":"Advisory Partners &#8212; regenagri","og_description":"As part of our stakeholders consultation activities, we work with advisory partners who are [\u2026]","og_url":"https:\/\/regenagri.org\/es\/grupo-de-gobierno\/","og_site_name":"regenagri","article_modified_time":"2024-12-18T11:46:17+00:00","og_image":[{"width":2000,"height":1414,"url":"https:\/\/regenagri.org\/wp-content\/uploads\/2022\/06\/Governance-group-image-2.png","type":"image\/png"}],"twitter_card":"summary_large_image","schema":{"@context":"https:\/\/schema.org","@graph":[{"@type":"WebPage","@id":"https:\/\/regenagri.org\/governance-group\/","url":"https:\/\/regenagri.org\/governance-group\/","name":"Socios asesores - regenagri","isPartOf":{"@id":"https:\/\/regenagri.org\/#website"},"primaryImageOfPage":{"@id":"https:\/\/regenagri.org\/governance-group\/#primaryimage"},"image":{"@id":"https:\/\/regenagri.org\/governance-group\/#primaryimage"},"thumbnailUrl":"https:\/\/regenagri.org\/wp-content\/uploads\/2022\/06\/Governance-group-image-2-1200x848.png","datePublished":"2022-05-18T15:00:50+00:00","dateModified":"2024-12-18T11:46:17+00:00","breadcrumb":{"@id":"https:\/\/regenagri.org\/governance-group\/#breadcrumb"},"inLanguage":"es","potentialAction":[{"@type":"ReadAction","target":["https:\/\/regenagri.org\/governance-group\/"]}]},{"@type":"ImageObject","inLanguage":"es","@id":"https:\/\/regenagri.org\/governance-group\/#primaryimage","url":"https:\/\/regenagri.org\/wp-content\/uploads\/2022\/06\/Governance-group-image-2-1200x848.png","contentUrl":"https:\/\/regenagri.org\/wp-content\/uploads\/2022\/06\/Governance-group-image-2-1200x848.png"},{"@type":"BreadcrumbList","@id":"https:\/\/regenagri.org\/governance-group\/#breadcrumb","itemListElement":[{"@type":"ListItem","position":1,"name":"Home","item":"https:\/\/regenagri.org\/"},{"@type":"ListItem","position":2,"name":"Advisory Partners"}]},{"@type":"WebSite","@id":"https:\/\/regenagri.org\/#website","url":"https:\/\/regenagri.org\/","name":"regenagri","description":"","publisher":{"@id":"https:\/\/regenagri.org\/#organization"},"potentialAction":[{"@type":"SearchAction","target":{"@type":"EntryPoint","urlTemplate":"https:\/\/regenagri.org\/?s={search_term_string}"},"query-input":{"@type":"PropertyValueSpecification","valueRequired":true,"valueName":"search_term_string"}}],"inLanguage":"es"},{"@type":"Organization","@id":"https:\/\/regenagri.org\/#organization","name":"regenagri","url":"https:\/\/regenagri.org\/","logo":{"@type":"ImageObject","inLanguage":"es","@id":"https:\/\/regenagri.org\/#\/schema\/logo\/image\/","url":"https:\/\/regenagri.org\/wp-content\/uploads\/2021\/05\/regenagri.png","contentUrl":"https:\/\/regenagri.org\/wp-content\/uploads\/2021\/05\/regenagri.png","width":1200,"height":452,"caption":"regenagri"},"image":{"@id":"https:\/\/regenagri.org\/#\/schema\/logo\/image\/"}}]}},"_links":{"self":[{"href":"https:\/\/regenagri.org\/es\/wp-json\/wp\/v2\/pages\/981","targetHints":{"allow":["GET"]}}],"collection":[{"href":"https:\/\/regenagri.org\/es\/wp-json\/wp\/v2\/pages"}],"about":[{"href":"https:\/\/regenagri.org\/es\/wp-json\/wp\/v2\/types\/page"}],"author":[{"embeddable":true,"href":"https:\/\/regenagri.org\/es\/wp-json\/wp\/v2\/users\/3"}],"replies":[{"embeddable":true,"href":"https:\/\/regenagri.org\/es\/wp-json\/wp\/v2\/comments?post=981"}],"version-history":[{"count":10,"href":"https:\/\/regenagri.org\/es\/wp-json\/wp\/v2\/pages\/981\/revisions"}],"predecessor-version":[{"id":7271,"href":"https:\/\/regenagri.org\/es\/wp-json\/wp\/v2\/pages\/981\/revisions\/7271"}],"wp:attachment":[{"href":"https:\/\/regenagri.org\/es\/wp-json\/wp\/v2\/media?parent=981"}],"curies":[{"name":"wp","href":"https:\/\/api.w.org\/{rel}","templated":true}]}}