{"id":40,"date":"2021-05-07T09:07:35","date_gmt":"2021-05-07T08:07:35","guid":{"rendered":"http:\/\/regenagri-org.stackstaging.com\/?page_id=40"},"modified":"2026-04-21T10:21:24","modified_gmt":"2026-04-21T09:21:24","slug":"agricultura-regenerativa","status":"publish","type":"page","link":"https:\/\/regenagri.org\/es\/our-initiative\/regenerative-agriculture\/","title":{"rendered":"\u00bfQu\u00e9 es la agricultura regenerativa?"},"content":{"rendered":"<h3 class=\"wp-block-heading\">The potential of regenerative agriculture<\/h3>\n\n\n\n<p>Modern agriculture is at a crossroads. We are faced both with the need to feed an ever-growing global population, and the devastating soil degradation caused by intensive farming.&nbsp;<\/p>\n\n\n\n<p>The agriculture, forestry and other land uses (AFOLU) sector is one of the largest producers of greenhouse gasses, <a href=\"https:\/\/www.ipcc.ch\/report\/ar6\/wg3\/chapter\/chapter-7\/\" target=\"_blank\" rel=\"noreferrer noopener\">estimated by the IPCC<\/a> to cause&nbsp;21% of total anthropogenic emissions. At the same time, it holds the rare potential to not just drastically reduce emissions, but to sequester atmospheric carbon back into the soil, providing a natural way to limit global warming whilst producing nutritious food.&nbsp;<\/p>\n\n\n\n<p>Regenerative agriculture is a way of farming that improves soil fertility whilst sequestering and storing atmospheric CO2. It increases on-farm diversity and improves water and energy management. It is a holistic solution that can lead to a wider set of economic, environmental and social benefits.&nbsp;&nbsp;<\/p>\n\n\n\n<p>Farms using regenerative practises can benefit from:&nbsp;<\/p>\n\n\n\n<ul class=\"wp-block-list\">\n<li>higher and more stable yields&nbsp;<\/li>\n\n\n\n<li>lower input costs&nbsp;<\/li>\n\n\n\n<li>the development of natural capital and ecosystem services whilst building agricultural resilience.&nbsp;<\/li>\n<\/ul>\n\n\n\n<p><a href=\"https:\/\/rodaleinstitute.org\/wp-content\/uploads\/Rodale-Soil-Carbon-White-Paper_v11-compressed.pdf\" target=\"_blank\" rel=\"noreferrer noopener\">One study suggests<\/a> that, if all global agricultural land was converted to regenerative farming systems, it would have the potential to sequester over 37.5 Gt of carbon dioxide per annum, which is more than the current level of global emissions.&nbsp;<\/p>\n\n\n\n<figure class=\"wp-block-image size-large\"><img decoding=\"async\" width=\"1200\" height=\"800\" data-src=\"https:\/\/regenagri.org\/wp-content\/uploads\/2021\/05\/AdobeStock_279868296-1200x800.jpeg\" alt=\"\" class=\"wp-image-238 lazyload\" data-srcset=\"https:\/\/regenagri.org\/wp-content\/uploads\/2021\/05\/AdobeStock_279868296-1200x800.jpeg 1200w, https:\/\/regenagri.org\/wp-content\/uploads\/2021\/05\/AdobeStock_279868296-700x467.jpeg 700w, https:\/\/regenagri.org\/wp-content\/uploads\/2021\/05\/AdobeStock_279868296-768x512.jpeg 768w, https:\/\/regenagri.org\/wp-content\/uploads\/2021\/05\/AdobeStock_279868296-1536x1024.jpeg 1536w, https:\/\/regenagri.org\/wp-content\/uploads\/2021\/05\/AdobeStock_279868296.jpeg 1920w\" data-sizes=\"(max-width: 1200px) 100vw, 1200px\" src=\"data:image\/svg+xml;base64,PHN2ZyB3aWR0aD0iMSIgaGVpZ2h0PSIxIiB4bWxucz0iaHR0cDovL3d3dy53My5vcmcvMjAwMC9zdmciPjwvc3ZnPg==\" style=\"--smush-placeholder-width: 1200px; --smush-placeholder-aspect-ratio: 1200\/800;\" \/><figcaption class=\"wp-element-caption\">Un ejemplo de silvopastura, una t\u00e9cnica regenerativa.<\/figcaption><\/figure>\n\n\n\n<h3 class=\"wp-block-heading\">Regenerative practices<\/h3>\n\n\n\n<p>Regenerative practices work with nature, limiting costly artificial inputs and mimicking natural ecosystems within an agricultural setting. Their overarching objective is to restore soil health.&nbsp;&nbsp;<\/p>\n\n\n\n<p>Regenerative agriculture draws its practices from agroecology, permaculture and conservation agriculture, as well as having deep roots in Indigenous land stewardship.<\/p>\n\n\n\n<p>No existe una metodolog\u00eda \u00fanica para la agricultura regenerativa, ya que depende en gran medida de las condiciones medioambientales de cada explotaci\u00f3n. Sin embargo, hay algunos principios clave que son coherentes con independencia del lugar del mundo en el que se aplique:<\/p>\n\n\n\n<p><strong>Limitar la alteraci\u00f3n del suelo<\/strong>. Aunque el laboreo se ha utilizado ampliamente en la agricultura durante muchos a\u00f1os, esta pr\u00e1ctica representa una amenaza directa para la materia org\u00e1nica del suelo, un elemento clave para la fertilidad del suelo y las reservas de carbono. Limitando la perturbaci\u00f3n del suelo e introduciendo otras pr\u00e1cticas agr\u00edcolas como el cultivo de cobertura y la siembra directa, el ecosistema del suelo puede desarrollarse y proporcionar servicios ecosist\u00e9micos clave . R\u00e1pidamente se puede observar una reducci\u00f3n dr\u00e1stica de la erosi\u00f3n del suelo, la maximizaci\u00f3n de la biodiversidad del suelo y el aumento asociado de la capacidad del ciclo de nutrientes y la mejora de la retenci\u00f3n de agua. &nbsp;<\/p>\n\n\n\n<p><strong>Cubre la tierra. <\/strong>Dejar el suelo desnudo, especialmente despu\u00e9s del laboreo, aumenta considerablemente las emisiones de CO<sub>2<\/sub> de la tierra. La luz solar que incide sobre el suelo desnudo oxida la materia org\u00e1nica y provoca emisiones de CO<sub>2 <\/sub>y generando una p\u00e9rdida directa de fertilidad. La adopci\u00f3n de cultivos de cobertura: cultivos temporales sembrados entre las rotaciones principales, representa una forma rentable y natural de evitar el suelo desnudo. Cubrir el suelo tambi\u00e9n evita su erosi\u00f3n y la entrada de escorrent\u00eda en los sistemas h\u00eddricos.<\/p>\n\n\n\n<p><strong>Integrar el ganado. <\/strong>Hist\u00f3ricamente, la ganader\u00eda y los cultivos han estado profundamente entrelazados. Con la especializaci\u00f3n excesiva de los m\u00e9todos intensivos, muchas explotaciones abandonaron la ganader\u00eda o la introdujeron en sistemas de interior. La separaci\u00f3n de animales y plantas es una gran fuente de ineficacia bioqu\u00edmica y de emisiones de CO<sub>2 <\/sub>. Al reintegrar los cultivos y el ganado mediante el pastoreo planificado y la aplicaci\u00f3n de esti\u00e9rcol, podemos aumentar la fertilidad del suelo al tiempo que reducimos la necesidad de fungicidas, pesticidas y fertilizantes artificiales.<\/p>\n\n\n\n<p><strong>Mantenga las ra\u00edces vivas en el suelo: <\/strong>Los sistemas radiculares sanos crean biodiversidad en el suelo, ciclan los nutrientes y ayudan al suelo a retener el agua. Los cultivos perennes son muy beneficiosos para mantener un sistema radicular vivo en el suelo. Sin embargo, la agricultura intensiva se centra en especies anuales que no dejan ra\u00edces vivas en el suelo, lo que degrada la estructura del suelo y los niveles de nutrientes. La reintroducci\u00f3n de plantas perennes en el sistema agr\u00edcola es una forma r\u00e1pida de restablecer sistemas radiculares vivos durante todo el a\u00f1o, con las ventajas a\u00f1adidas de reducir las enfermedades y proporcionar un hogar a la naturaleza. <\/p>\n\n\n\n<h3 class=\"wp-block-heading\">Green finance<\/h3>\n\n\n\n<p>These regenerative&nbsp;practices are a return to what some might say is a traditional way of farming, but they also represent a very modern opportunity for farmers. The recent focus on the reduction of greenhouse gas (GHG) emissions and the potential for soils to sequester carbon has lead to the creation of carbon market. &nbsp;When farmers implement regenerative practises they can sequester and reduce carbon, improve local biodiversity and increase natural capital. These actions, when verified, will give them access to a new source of funding through the Green Finance Market, such as environmental impact bonds and payment for environmental services schemes.<\/p>\n\n\n\n<hr class=\"wp-block-separator has-css-opacity\"\/>\n\n\n\n<p><strong>The Regenagri initiative exists to support farmers and businesses to transition towards regenerative practises, securing the health of the land, and the wealth of those who live on it.<\/strong><\/p>\n\n\n\n<hr class=\"wp-block-separator has-css-opacity\"\/>\n\n\n\n<div class=\"wp-block-buttons is-layout-flex wp-block-buttons-is-layout-flex\">\n<div class=\"wp-block-button\"><a class=\"wp-block-button__link wp-element-button\" href=\"https:\/\/regenagri.org\/es\/contacto\/\">M\u00e1s informaci\u00f3n<\/a><\/div>\n<\/div>\n\n\n\n<p><\/p>","protected":false},"excerpt":{"rendered":"<p>The potential of regenerative agriculture Modern agriculture is at a crossroads. We are faced [\u2026]<\/p>\n","protected":false},"author":1,"featured_media":0,"parent":10,"menu_order":0,"comment_status":"closed","ping_status":"closed","template":"","meta":{"_acf_changed":false,"footnotes":""},"class_list":["post-40","page","type-page","status-publish","hentry"],"acf":[],"yoast_head":"<!-- This site is optimized with the Yoast SEO plugin v27.4 - https:\/\/yoast.com\/product\/yoast-seo-wordpress\/ -->\n<title>What is regenerative agriculture? &#8212; regenagri<\/title>\n<meta name=\"description\" content=\"Regenerative agriculture focusses on working with nature, limiting costly artificial inputs and mimicking natural ecosystems within an agricultural setting.\" \/>\n<meta name=\"robots\" content=\"index, follow, max-snippet:-1, max-image-preview:large, max-video-preview:-1\" \/>\n<link rel=\"canonical\" href=\"https:\/\/regenagri.org\/es\/nuestra-iniciativa\/agricultura-regenerativa\/\" \/>\n<meta property=\"og:locale\" content=\"es_ES\" \/>\n<meta property=\"og:type\" content=\"article\" \/>\n<meta property=\"og:title\" content=\"What is regenerative agriculture? &#8212; regenagri\" \/>\n<meta property=\"og:description\" content=\"Regenerative agriculture focusses on working with nature, limiting costly artificial inputs and mimicking natural ecosystems within an agricultural setting.\" \/>\n<meta property=\"og:url\" content=\"https:\/\/regenagri.org\/es\/nuestra-iniciativa\/agricultura-regenerativa\/\" \/>\n<meta property=\"og:site_name\" content=\"regenagri\" \/>\n<meta property=\"article:modified_time\" content=\"2026-04-21T09:21:24+00:00\" \/>\n<meta property=\"og:image\" content=\"https:\/\/regenagri.org\/wp-content\/uploads\/2021\/05\/AdobeStock_279868296.jpeg\" \/>\n\t<meta property=\"og:image:width\" content=\"1920\" \/>\n\t<meta property=\"og:image:height\" content=\"1280\" \/>\n\t<meta property=\"og:image:type\" content=\"image\/jpeg\" \/>\n<meta name=\"twitter:card\" content=\"summary_large_image\" \/>\n<script type=\"application\/ld+json\" class=\"yoast-schema-graph\">{\"@context\":\"https:\\\/\\\/schema.org\",\"@graph\":[{\"@type\":\"WebPage\",\"@id\":\"https:\\\/\\\/regenagri.org\\\/our-initiative\\\/regenerative-agriculture\\\/\",\"url\":\"https:\\\/\\\/regenagri.org\\\/our-initiative\\\/regenerative-agriculture\\\/\",\"name\":\"What is regenerative agriculture? &#8212; regenagri\",\"isPartOf\":{\"@id\":\"https:\\\/\\\/regenagri.org\\\/#website\"},\"primaryImageOfPage\":{\"@id\":\"https:\\\/\\\/regenagri.org\\\/our-initiative\\\/regenerative-agriculture\\\/#primaryimage\"},\"image\":{\"@id\":\"https:\\\/\\\/regenagri.org\\\/our-initiative\\\/regenerative-agriculture\\\/#primaryimage\"},\"thumbnailUrl\":\"https:\\\/\\\/regenagri.org\\\/wp-content\\\/uploads\\\/2021\\\/05\\\/AdobeStock_279868296-1200x800.jpeg\",\"datePublished\":\"2021-05-07T08:07:35+00:00\",\"dateModified\":\"2026-04-21T09:21:24+00:00\",\"description\":\"Regenerative agriculture focusses on working with nature, limiting costly artificial inputs and mimicking natural ecosystems within an agricultural setting.\",\"breadcrumb\":{\"@id\":\"https:\\\/\\\/regenagri.org\\\/our-initiative\\\/regenerative-agriculture\\\/#breadcrumb\"},\"inLanguage\":\"es\",\"potentialAction\":[{\"@type\":\"ReadAction\",\"target\":[\"https:\\\/\\\/regenagri.org\\\/our-initiative\\\/regenerative-agriculture\\\/\"]}]},{\"@type\":\"ImageObject\",\"inLanguage\":\"es\",\"@id\":\"https:\\\/\\\/regenagri.org\\\/our-initiative\\\/regenerative-agriculture\\\/#primaryimage\",\"url\":\"https:\\\/\\\/regenagri.org\\\/wp-content\\\/uploads\\\/2021\\\/05\\\/AdobeStock_279868296-1200x800.jpeg\",\"contentUrl\":\"https:\\\/\\\/regenagri.org\\\/wp-content\\\/uploads\\\/2021\\\/05\\\/AdobeStock_279868296-1200x800.jpeg\"},{\"@type\":\"BreadcrumbList\",\"@id\":\"https:\\\/\\\/regenagri.org\\\/our-initiative\\\/regenerative-agriculture\\\/#breadcrumb\",\"itemListElement\":[{\"@type\":\"ListItem\",\"position\":1,\"name\":\"Home\",\"item\":\"https:\\\/\\\/regenagri.org\\\/\"},{\"@type\":\"ListItem\",\"position\":2,\"name\":\"Our initiative\",\"item\":\"https:\\\/\\\/regenagri.org\\\/our-initiative\\\/\"},{\"@type\":\"ListItem\",\"position\":3,\"name\":\"What is regenerative agriculture?\"}]},{\"@type\":\"WebSite\",\"@id\":\"https:\\\/\\\/regenagri.org\\\/#website\",\"url\":\"https:\\\/\\\/regenagri.org\\\/\",\"name\":\"regenagri\",\"description\":\"\",\"publisher\":{\"@id\":\"https:\\\/\\\/regenagri.org\\\/#organization\"},\"potentialAction\":[{\"@type\":\"SearchAction\",\"target\":{\"@type\":\"EntryPoint\",\"urlTemplate\":\"https:\\\/\\\/regenagri.org\\\/?s={search_term_string}\"},\"query-input\":{\"@type\":\"PropertyValueSpecification\",\"valueRequired\":true,\"valueName\":\"search_term_string\"}}],\"inLanguage\":\"es\"},{\"@type\":\"Organization\",\"@id\":\"https:\\\/\\\/regenagri.org\\\/#organization\",\"name\":\"regenagri\",\"url\":\"https:\\\/\\\/regenagri.org\\\/\",\"logo\":{\"@type\":\"ImageObject\",\"inLanguage\":\"es\",\"@id\":\"https:\\\/\\\/regenagri.org\\\/#\\\/schema\\\/logo\\\/image\\\/\",\"url\":\"https:\\\/\\\/regenagri.org\\\/wp-content\\\/uploads\\\/2021\\\/05\\\/regenagri.png\",\"contentUrl\":\"https:\\\/\\\/regenagri.org\\\/wp-content\\\/uploads\\\/2021\\\/05\\\/regenagri.png\",\"width\":1200,\"height\":452,\"caption\":\"regenagri\"},\"image\":{\"@id\":\"https:\\\/\\\/regenagri.org\\\/#\\\/schema\\\/logo\\\/image\\\/\"}}]}<\/script>\n<!-- \/ Yoast SEO plugin. -->","yoast_head_json":{"title":"\u00bfQu\u00e9 es la agricultura regenerativa? - regenagri","description":"La agricultura regenerativa se centra en trabajar con la naturaleza, limitando los costosos insumos artificiales e imitando los ecosistemas naturales en un entorno agr\u00edcola.","robots":{"index":"index","follow":"follow","max-snippet":"max-snippet:-1","max-image-preview":"max-image-preview:large","max-video-preview":"max-video-preview:-1"},"canonical":"https:\/\/regenagri.org\/es\/nuestra-iniciativa\/agricultura-regenerativa\/","og_locale":"es_ES","og_type":"article","og_title":"What is regenerative agriculture? &#8212; regenagri","og_description":"Regenerative agriculture focusses on working with nature, limiting costly artificial inputs and mimicking natural ecosystems within an agricultural setting.","og_url":"https:\/\/regenagri.org\/es\/nuestra-iniciativa\/agricultura-regenerativa\/","og_site_name":"regenagri","article_modified_time":"2026-04-21T09:21:24+00:00","og_image":[{"width":1920,"height":1280,"url":"https:\/\/regenagri.org\/wp-content\/uploads\/2021\/05\/AdobeStock_279868296.jpeg","type":"image\/jpeg"}],"twitter_card":"summary_large_image","schema":{"@context":"https:\/\/schema.org","@graph":[{"@type":"WebPage","@id":"https:\/\/regenagri.org\/our-initiative\/regenerative-agriculture\/","url":"https:\/\/regenagri.org\/our-initiative\/regenerative-agriculture\/","name":"\u00bfQu\u00e9 es la agricultura regenerativa? - regenagri","isPartOf":{"@id":"https:\/\/regenagri.org\/#website"},"primaryImageOfPage":{"@id":"https:\/\/regenagri.org\/our-initiative\/regenerative-agriculture\/#primaryimage"},"image":{"@id":"https:\/\/regenagri.org\/our-initiative\/regenerative-agriculture\/#primaryimage"},"thumbnailUrl":"https:\/\/regenagri.org\/wp-content\/uploads\/2021\/05\/AdobeStock_279868296-1200x800.jpeg","datePublished":"2021-05-07T08:07:35+00:00","dateModified":"2026-04-21T09:21:24+00:00","description":"La agricultura regenerativa se centra en trabajar con la naturaleza, limitando los costosos insumos artificiales e imitando los ecosistemas naturales en un entorno agr\u00edcola.","breadcrumb":{"@id":"https:\/\/regenagri.org\/our-initiative\/regenerative-agriculture\/#breadcrumb"},"inLanguage":"es","potentialAction":[{"@type":"ReadAction","target":["https:\/\/regenagri.org\/our-initiative\/regenerative-agriculture\/"]}]},{"@type":"ImageObject","inLanguage":"es","@id":"https:\/\/regenagri.org\/our-initiative\/regenerative-agriculture\/#primaryimage","url":"https:\/\/regenagri.org\/wp-content\/uploads\/2021\/05\/AdobeStock_279868296-1200x800.jpeg","contentUrl":"https:\/\/regenagri.org\/wp-content\/uploads\/2021\/05\/AdobeStock_279868296-1200x800.jpeg"},{"@type":"BreadcrumbList","@id":"https:\/\/regenagri.org\/our-initiative\/regenerative-agriculture\/#breadcrumb","itemListElement":[{"@type":"ListItem","position":1,"name":"Home","item":"https:\/\/regenagri.org\/"},{"@type":"ListItem","position":2,"name":"Our initiative","item":"https:\/\/regenagri.org\/our-initiative\/"},{"@type":"ListItem","position":3,"name":"What is regenerative agriculture?"}]},{"@type":"WebSite","@id":"https:\/\/regenagri.org\/#website","url":"https:\/\/regenagri.org\/","name":"regenagri","description":"","publisher":{"@id":"https:\/\/regenagri.org\/#organization"},"potentialAction":[{"@type":"SearchAction","target":{"@type":"EntryPoint","urlTemplate":"https:\/\/regenagri.org\/?s={search_term_string}"},"query-input":{"@type":"PropertyValueSpecification","valueRequired":true,"valueName":"search_term_string"}}],"inLanguage":"es"},{"@type":"Organization","@id":"https:\/\/regenagri.org\/#organization","name":"regenagri","url":"https:\/\/regenagri.org\/","logo":{"@type":"ImageObject","inLanguage":"es","@id":"https:\/\/regenagri.org\/#\/schema\/logo\/image\/","url":"https:\/\/regenagri.org\/wp-content\/uploads\/2021\/05\/regenagri.png","contentUrl":"https:\/\/regenagri.org\/wp-content\/uploads\/2021\/05\/regenagri.png","width":1200,"height":452,"caption":"regenagri"},"image":{"@id":"https:\/\/regenagri.org\/#\/schema\/logo\/image\/"}}]}},"_links":{"self":[{"href":"https:\/\/regenagri.org\/es\/wp-json\/wp\/v2\/pages\/40","targetHints":{"allow":["GET"]}}],"collection":[{"href":"https:\/\/regenagri.org\/es\/wp-json\/wp\/v2\/pages"}],"about":[{"href":"https:\/\/regenagri.org\/es\/wp-json\/wp\/v2\/types\/page"}],"author":[{"embeddable":true,"href":"https:\/\/regenagri.org\/es\/wp-json\/wp\/v2\/users\/1"}],"replies":[{"embeddable":true,"href":"https:\/\/regenagri.org\/es\/wp-json\/wp\/v2\/comments?post=40"}],"version-history":[{"count":26,"href":"https:\/\/regenagri.org\/es\/wp-json\/wp\/v2\/pages\/40\/revisions"}],"predecessor-version":[{"id":11491,"href":"https:\/\/regenagri.org\/es\/wp-json\/wp\/v2\/pages\/40\/revisions\/11491"}],"up":[{"embeddable":true,"href":"https:\/\/regenagri.org\/es\/wp-json\/wp\/v2\/pages\/10"}],"wp:attachment":[{"href":"https:\/\/regenagri.org\/es\/wp-json\/wp\/v2\/media?parent=40"}],"curies":[{"name":"wp","href":"https:\/\/api.w.org\/{rel}","templated":true}]}}