{"id":1853,"date":"2023-07-13T13:50:25","date_gmt":"2023-07-13T12:50:25","guid":{"rendered":"https:\/\/regenagri.org\/?page_id=1853"},"modified":"2023-08-02T10:52:24","modified_gmt":"2023-08-02T09:52:24","slug":"theory-of-change","status":"publish","type":"page","link":"https:\/\/regenagri.org\/es\/theory-of-change\/","title":{"rendered":"Teor\u00eda del cambio"},"content":{"rendered":"<p><strong>Teor\u00eda del cambio<\/strong><\/p>\n\n\n\n<p>The Theory of Change (ToC) of Regenagri C.i.C. is driven by key activities such as robust analysis, stakeholders\u2019 consultations, knowledge and learning activities.<\/p>\n\n\n\n<p>Our ToC helps to identify solutions and the approach to tackle the causes of issues such as loss of biodiversity, loss of soil health, climate change.<\/p>\n\n\n\n<p>The ToC is periodically reviewed to ensure that its approach is still effective to bring the desired change. Assumptions and risks analysis are also periodically reviewed and, if needed, adjusted to fit within the context.<\/p>\n\n\n\n<p>Our Theory of Change invites stakeholders to collaborate and share knowledge in order to change agriculture and its value chains so that land is regenerated and climate targets are achieved.<\/p>\n\n\n\n<p>View the full Theory of Change document <a href=\"https:\/\/regenagri.org\/wp-content\/uploads\/2023\/07\/regenagri-Theory-of-Change.pdf\">aqu\u00ed<\/a>.<\/p>\n\n\n\n<p><strong>Monitoring, Evaluation and Learning system<\/strong><\/p>\n\n\n\n<p>Regenagri C.i.C. implementa un sistema de Seguimiento, Evaluaci\u00f3n y Aprendizaje para valorar la eficacia del programa regenagri en la consecuci\u00f3n de sus objetivos y para medir y validar su impacto.&nbsp;<\/p>\n\n\n\n<p>La evaluaci\u00f3n de la eficacia se lleva a cabo mediante procedimientos que incluyen, entre otros, la revisi\u00f3n peri\u00f3dica de los organismos de certificaci\u00f3n, la revisi\u00f3n de los datos auditados, los mecanismos de retroalimentaci\u00f3n con las organizaciones certificadas y los licenciatarios, las actividades de evaluaci\u00f3n comparativa con fuentes cient\u00edficas y con otras normas, las consultas a las partes interesadas y el an\u00e1lisis peri\u00f3dico de los datos.&nbsp;<\/p>\n\n\n\n<p>Regenagri C.i.C. supervisa continuamente la aceptaci\u00f3n y el impacto del programa. Esto se hace mediante revisiones, validaciones y an\u00e1lisis de datos.<\/p>\n\n\n\n<p>El seguimiento del impacto y la aceptaci\u00f3n permite a Regenagri C.i.C. evaluar la consecuci\u00f3n de sus objetivos.<\/p>\n\n\n\n<p>Todos los datos que respaldan la certificaci\u00f3n deben ser certificados por organismos de certificaci\u00f3n que dispongan de acreditaciones externas (por organismos de acreditaci\u00f3n nacionales o mundiales).&nbsp;<\/p>\n\n\n\n<p>Este proceso de verificaci\u00f3n de datos permite a Regenagri C.i.C. realizar un an\u00e1lisis v\u00e1lido y fiable del impacto y la aceptaci\u00f3n de sus normas.&nbsp;<\/p>\n\n\n\n<p>El an\u00e1lisis de los datos constituye una importante oportunidad de aprendizaje para seguir mejorando las normas y los planteamientos de regenagri.&nbsp;<\/p>\n\n\n\n<p>Anualmente, Regenagri C.i.C. lleva a cabo una revisi\u00f3n del sistema MEL para garantizar su eficacia. Tambi\u00e9n se realizan an\u00e1lisis de impacto peri\u00f3dicos para poner de relieve las \u00e1reas de \u00e9xito, los retos que hay que abordar y los contextos regionales; los informes correspondientes contienen datos muy valiosos para las partes interesadas y est\u00e1n destinados a ser compartidos p\u00fablicamente.&nbsp;<\/p>\n\n\n\n<p>Los resultados de la evaluaci\u00f3n MEL incluyen:&nbsp;<\/p>\n\n\n\n<ul class=\"wp-block-list\">\n<li>Adopci\u00f3n mundial y regional del programa regenagri&nbsp;&nbsp;<\/li>\n\n\n\n<li>Conservaci\u00f3n conseguida&nbsp;&nbsp;<\/li>\n\n\n\n<li>Datos sobre emisiones de carbono y GEI&nbsp;<\/li>\n\n\n\n<li>Indicadores de impacto ambiental (salud del suelo, agua)&nbsp;<\/li>\n<\/ul>\n\n\n\n<p>\u00c9stas se difundir\u00e1n p\u00fablicamente a trav\u00e9s del sitio web y otros canales p\u00fablicos.<\/p>","protected":false},"excerpt":{"rendered":"<p>Theory of Change The Theory of Change (ToC) of Regenagri C.i.C. is driven by [\u2026]<\/p>\n","protected":false},"author":6,"featured_media":1855,"parent":0,"menu_order":0,"comment_status":"closed","ping_status":"closed","template":"","meta":{"_acf_changed":false,"footnotes":""},"class_list":["post-1853","page","type-page","status-publish","has-post-thumbnail","hentry"],"acf":[],"yoast_head":"<!-- This site is optimized with the Yoast SEO plugin v27.4 - https:\/\/yoast.com\/product\/yoast-seo-wordpress\/ -->\n<title>Theory of Change &#8212; regenagri<\/title>\n<meta name=\"robots\" content=\"index, follow, max-snippet:-1, max-image-preview:large, max-video-preview:-1\" \/>\n<link rel=\"canonical\" href=\"https:\/\/regenagri.org\/es\/theory-of-change\/\" \/>\n<meta property=\"og:locale\" content=\"es_ES\" \/>\n<meta property=\"og:type\" content=\"article\" \/>\n<meta property=\"og:title\" content=\"Theory of Change &#8212; regenagri\" \/>\n<meta property=\"og:description\" content=\"Theory of Change The Theory of Change (ToC) of Regenagri C.i.C. is driven by [\u2026]\" \/>\n<meta property=\"og:url\" content=\"https:\/\/regenagri.org\/es\/theory-of-change\/\" \/>\n<meta property=\"og:site_name\" content=\"regenagri\" \/>\n<meta property=\"article:modified_time\" content=\"2023-08-02T09:52:24+00:00\" \/>\n<meta property=\"og:image\" content=\"https:\/\/regenagri.org\/wp-content\/uploads\/2023\/07\/AdobeStock_250597018.jpeg\" \/>\n\t<meta property=\"og:image:width\" content=\"1920\" \/>\n\t<meta property=\"og:image:height\" content=\"843\" \/>\n\t<meta property=\"og:image:type\" content=\"image\/jpeg\" \/>\n<meta name=\"twitter:card\" content=\"summary_large_image\" \/>\n<script type=\"application\/ld+json\" class=\"yoast-schema-graph\">{\"@context\":\"https:\\\/\\\/schema.org\",\"@graph\":[{\"@type\":\"WebPage\",\"@id\":\"https:\\\/\\\/regenagri.org\\\/theory-of-change\\\/\",\"url\":\"https:\\\/\\\/regenagri.org\\\/theory-of-change\\\/\",\"name\":\"Theory of Change &#8212; regenagri\",\"isPartOf\":{\"@id\":\"https:\\\/\\\/regenagri.org\\\/#website\"},\"primaryImageOfPage\":{\"@id\":\"https:\\\/\\\/regenagri.org\\\/theory-of-change\\\/#primaryimage\"},\"image\":{\"@id\":\"https:\\\/\\\/regenagri.org\\\/theory-of-change\\\/#primaryimage\"},\"thumbnailUrl\":\"https:\\\/\\\/regenagri.org\\\/wp-content\\\/uploads\\\/2023\\\/07\\\/AdobeStock_250597018.jpeg\",\"datePublished\":\"2023-07-13T12:50:25+00:00\",\"dateModified\":\"2023-08-02T09:52:24+00:00\",\"breadcrumb\":{\"@id\":\"https:\\\/\\\/regenagri.org\\\/theory-of-change\\\/#breadcrumb\"},\"inLanguage\":\"es\",\"potentialAction\":[{\"@type\":\"ReadAction\",\"target\":[\"https:\\\/\\\/regenagri.org\\\/theory-of-change\\\/\"]}]},{\"@type\":\"ImageObject\",\"inLanguage\":\"es\",\"@id\":\"https:\\\/\\\/regenagri.org\\\/theory-of-change\\\/#primaryimage\",\"url\":\"https:\\\/\\\/regenagri.org\\\/wp-content\\\/uploads\\\/2023\\\/07\\\/AdobeStock_250597018.jpeg\",\"contentUrl\":\"https:\\\/\\\/regenagri.org\\\/wp-content\\\/uploads\\\/2023\\\/07\\\/AdobeStock_250597018.jpeg\",\"width\":1920,\"height\":843},{\"@type\":\"BreadcrumbList\",\"@id\":\"https:\\\/\\\/regenagri.org\\\/theory-of-change\\\/#breadcrumb\",\"itemListElement\":[{\"@type\":\"ListItem\",\"position\":1,\"name\":\"Home\",\"item\":\"https:\\\/\\\/regenagri.org\\\/\"},{\"@type\":\"ListItem\",\"position\":2,\"name\":\"Theory of Change\"}]},{\"@type\":\"WebSite\",\"@id\":\"https:\\\/\\\/regenagri.org\\\/#website\",\"url\":\"https:\\\/\\\/regenagri.org\\\/\",\"name\":\"regenagri\",\"description\":\"\",\"publisher\":{\"@id\":\"https:\\\/\\\/regenagri.org\\\/#organization\"},\"potentialAction\":[{\"@type\":\"SearchAction\",\"target\":{\"@type\":\"EntryPoint\",\"urlTemplate\":\"https:\\\/\\\/regenagri.org\\\/?s={search_term_string}\"},\"query-input\":{\"@type\":\"PropertyValueSpecification\",\"valueRequired\":true,\"valueName\":\"search_term_string\"}}],\"inLanguage\":\"es\"},{\"@type\":\"Organization\",\"@id\":\"https:\\\/\\\/regenagri.org\\\/#organization\",\"name\":\"regenagri\",\"url\":\"https:\\\/\\\/regenagri.org\\\/\",\"logo\":{\"@type\":\"ImageObject\",\"inLanguage\":\"es\",\"@id\":\"https:\\\/\\\/regenagri.org\\\/#\\\/schema\\\/logo\\\/image\\\/\",\"url\":\"https:\\\/\\\/regenagri.org\\\/wp-content\\\/uploads\\\/2021\\\/05\\\/regenagri.png\",\"contentUrl\":\"https:\\\/\\\/regenagri.org\\\/wp-content\\\/uploads\\\/2021\\\/05\\\/regenagri.png\",\"width\":1200,\"height\":452,\"caption\":\"regenagri\"},\"image\":{\"@id\":\"https:\\\/\\\/regenagri.org\\\/#\\\/schema\\\/logo\\\/image\\\/\"}}]}<\/script>\n<!-- \/ Yoast SEO plugin. -->","yoast_head_json":{"title":"Theory of Change &#8212; regenagri","robots":{"index":"index","follow":"follow","max-snippet":"max-snippet:-1","max-image-preview":"max-image-preview:large","max-video-preview":"max-video-preview:-1"},"canonical":"https:\/\/regenagri.org\/es\/theory-of-change\/","og_locale":"es_ES","og_type":"article","og_title":"Theory of Change &#8212; regenagri","og_description":"Theory of Change The Theory of Change (ToC) of Regenagri C.i.C. is driven by [\u2026]","og_url":"https:\/\/regenagri.org\/es\/theory-of-change\/","og_site_name":"regenagri","article_modified_time":"2023-08-02T09:52:24+00:00","og_image":[{"width":1920,"height":843,"url":"https:\/\/regenagri.org\/wp-content\/uploads\/2023\/07\/AdobeStock_250597018.jpeg","type":"image\/jpeg"}],"twitter_card":"summary_large_image","schema":{"@context":"https:\/\/schema.org","@graph":[{"@type":"WebPage","@id":"https:\/\/regenagri.org\/theory-of-change\/","url":"https:\/\/regenagri.org\/theory-of-change\/","name":"Theory of Change &#8212; regenagri","isPartOf":{"@id":"https:\/\/regenagri.org\/#website"},"primaryImageOfPage":{"@id":"https:\/\/regenagri.org\/theory-of-change\/#primaryimage"},"image":{"@id":"https:\/\/regenagri.org\/theory-of-change\/#primaryimage"},"thumbnailUrl":"https:\/\/regenagri.org\/wp-content\/uploads\/2023\/07\/AdobeStock_250597018.jpeg","datePublished":"2023-07-13T12:50:25+00:00","dateModified":"2023-08-02T09:52:24+00:00","breadcrumb":{"@id":"https:\/\/regenagri.org\/theory-of-change\/#breadcrumb"},"inLanguage":"es","potentialAction":[{"@type":"ReadAction","target":["https:\/\/regenagri.org\/theory-of-change\/"]}]},{"@type":"ImageObject","inLanguage":"es","@id":"https:\/\/regenagri.org\/theory-of-change\/#primaryimage","url":"https:\/\/regenagri.org\/wp-content\/uploads\/2023\/07\/AdobeStock_250597018.jpeg","contentUrl":"https:\/\/regenagri.org\/wp-content\/uploads\/2023\/07\/AdobeStock_250597018.jpeg","width":1920,"height":843},{"@type":"BreadcrumbList","@id":"https:\/\/regenagri.org\/theory-of-change\/#breadcrumb","itemListElement":[{"@type":"ListItem","position":1,"name":"Home","item":"https:\/\/regenagri.org\/"},{"@type":"ListItem","position":2,"name":"Theory of Change"}]},{"@type":"WebSite","@id":"https:\/\/regenagri.org\/#website","url":"https:\/\/regenagri.org\/","name":"regenagri","description":"","publisher":{"@id":"https:\/\/regenagri.org\/#organization"},"potentialAction":[{"@type":"SearchAction","target":{"@type":"EntryPoint","urlTemplate":"https:\/\/regenagri.org\/?s={search_term_string}"},"query-input":{"@type":"PropertyValueSpecification","valueRequired":true,"valueName":"search_term_string"}}],"inLanguage":"es"},{"@type":"Organization","@id":"https:\/\/regenagri.org\/#organization","name":"regenagri","url":"https:\/\/regenagri.org\/","logo":{"@type":"ImageObject","inLanguage":"es","@id":"https:\/\/regenagri.org\/#\/schema\/logo\/image\/","url":"https:\/\/regenagri.org\/wp-content\/uploads\/2021\/05\/regenagri.png","contentUrl":"https:\/\/regenagri.org\/wp-content\/uploads\/2021\/05\/regenagri.png","width":1200,"height":452,"caption":"regenagri"},"image":{"@id":"https:\/\/regenagri.org\/#\/schema\/logo\/image\/"}}]}},"_links":{"self":[{"href":"https:\/\/regenagri.org\/es\/wp-json\/wp\/v2\/pages\/1853","targetHints":{"allow":["GET"]}}],"collection":[{"href":"https:\/\/regenagri.org\/es\/wp-json\/wp\/v2\/pages"}],"about":[{"href":"https:\/\/regenagri.org\/es\/wp-json\/wp\/v2\/types\/page"}],"author":[{"embeddable":true,"href":"https:\/\/regenagri.org\/es\/wp-json\/wp\/v2\/users\/6"}],"replies":[{"embeddable":true,"href":"https:\/\/regenagri.org\/es\/wp-json\/wp\/v2\/comments?post=1853"}],"version-history":[{"count":6,"href":"https:\/\/regenagri.org\/es\/wp-json\/wp\/v2\/pages\/1853\/revisions"}],"predecessor-version":[{"id":1957,"href":"https:\/\/regenagri.org\/es\/wp-json\/wp\/v2\/pages\/1853\/revisions\/1957"}],"wp:featuredmedia":[{"embeddable":true,"href":"https:\/\/regenagri.org\/es\/wp-json\/wp\/v2\/media\/1855"}],"wp:attachment":[{"href":"https:\/\/regenagri.org\/es\/wp-json\/wp\/v2\/media?parent=1853"}],"curies":[{"name":"wp","href":"https:\/\/api.w.org\/{rel}","templated":true}]}}