{"id":16,"date":"2021-05-03T20:15:47","date_gmt":"2021-05-03T19:15:47","guid":{"rendered":"http:\/\/regenagri-org.stackstaging.com\/?page_id=16"},"modified":"2025-07-23T13:56:46","modified_gmt":"2025-07-23T12:56:46","slug":"acerca-de-nosotros","status":"publish","type":"page","link":"https:\/\/regenagri.org\/es\/about-us\/","title":{"rendered":"Qui\u00e9nes somos"},"content":{"rendered":"<p><strong>regenagri <\/strong> es un programa internacional de agricultura regenerativa para garantizar la salud de la tierra y la riqueza de quienes viven en ella.<\/p>\n\n\n\n<p>Apoya a las explotaciones y organizaciones en su transici\u00f3n hacia una agricultura hol\u00edstica, aumentando la salud del suelo, fomentando la biodiversidad, reduciendo las emisiones de gases de efecto invernadero y secuestrando CO2. regenagri tambi\u00e9n ofrece a los agricultores v\u00edas para obtener fondos adicionales a trav\u00e9s de los mercados de cr\u00e9ditos de carbono y subvenciones medioambientales.<\/p>\n\n\n\n<p>Al apoyar la agricultura regenerativa, contribuimos a la regeneraci\u00f3n de nuestro planeta y aseguramos de forma sostenible el futuro de los productos agr\u00edcolas y sus cadenas de suministro.<\/p>\n\n\n\n<figure class=\"wp-block-image size-large\"><img decoding=\"async\" width=\"1200\" height=\"799\" data-src=\"https:\/\/regenagri.org\/wp-content\/uploads\/2021\/06\/AdobeStock_385196411-1200x799.jpeg\" alt=\"\" class=\"wp-image-594 lazyload\" data-srcset=\"https:\/\/regenagri.org\/wp-content\/uploads\/2021\/06\/AdobeStock_385196411-1200x799.jpeg 1200w, https:\/\/regenagri.org\/wp-content\/uploads\/2021\/06\/AdobeStock_385196411-700x466.jpeg 700w, https:\/\/regenagri.org\/wp-content\/uploads\/2021\/06\/AdobeStock_385196411-768x512.jpeg 768w, https:\/\/regenagri.org\/wp-content\/uploads\/2021\/06\/AdobeStock_385196411-1536x1023.jpeg 1536w, https:\/\/regenagri.org\/wp-content\/uploads\/2021\/06\/AdobeStock_385196411.jpeg 1920w\" data-sizes=\"(max-width: 1200px) 100vw, 1200px\" src=\"data:image\/svg+xml;base64,PHN2ZyB3aWR0aD0iMSIgaGVpZ2h0PSIxIiB4bWxucz0iaHR0cDovL3d3dy53My5vcmcvMjAwMC9zdmciPjwvc3ZnPg==\" style=\"--smush-placeholder-width: 1200px; --smush-placeholder-aspect-ratio: 1200\/799;\" \/><\/figure>\n\n\n\n<div class=\"wp-block-buttons is-layout-flex wp-block-buttons-is-layout-flex\">\n<div class=\"wp-block-button\"><a class=\"wp-block-button__link wp-element-button\" href=\"https:\/\/regenagri.org\/es\/contacto\/\">M\u00e1s informaci\u00f3n<\/a><\/div>\n<\/div>\n\n\n\n<p><\/p>\n\n\n\n<h2 class=\"wp-block-heading\">Estructura de gobierno<\/h2>\n\n\n\n<p>Regenagri C.i.C. is registered in the U.K. as a Community Interest Company (C.i.C.). Regenagri opted for the C.i.C. status because it provides a unique legal structure that is specifically designed to benefit the community or pursue social objectives rather than maximising profits for shareholders. By statutes, Regenagri C.i.C. is required to engage with the local community and provide transparent reporting on its impact. This ensures that Regenagri C.i.C. remains accountable to its stakeholders, including beneficiaries, funders, and the wider community.<\/p>\n\n\n\n<p>Regenagri C.i.C. has two shareholders, Solidaridad Network Asia Limited and the International Cooperative Alliance. Solidaridad Foundation is an internation civil society organisation working in over 40 countries over five continents and with 55 years of experience in developing solutions to make farms and farms communities more resilient. The International Cooperative Alliance represents about one billion cooperative members, many of whom are active in the agricultural sector.<\/p>\n\n\n\n<p>For updates in shareholding of Regenagri C.i.C. please consult the <a href=\"https:\/\/find-and-update.company-information.service.gov.uk\/company\/14596676\/more\" target=\"_blank\" rel=\"noreferrer noopener\">Companies House registry.<\/a><\/p>\n\n\n\n<p>There is no direct or indirect (through affiliates or subsidiaries) interest by third-party certification bodies, in Regenagri C.i.C. or in its shareholders.<\/p>\n\n\n\n<p>Regenagri C.i.C. tiene una estructura de dos niveles:<\/p>\n\n\n\n<ol start=\"1\" style=\"list-style-type:1\" class=\"wp-block-list\">\n<li><strong>Consejo de Administraci\u00f3n<\/strong>: Regenagri C.i.C.\u2019s Board of Directors is responsible for establishing and guiding the organisation&#8217;s long-term strategic vision, priorities, and policies. They also oversee the financial aspects of the organisation. The Board of Directors are aimed to represent a diverse group of professionals from the global North and South. The board of directors is composed of the CEO and 1 or 2 directors appointed by each shareholder.<\/li>\n<\/ol>\n\n\n\n<ol start=\"2\" style=\"list-style-type:1\" class=\"wp-block-list\">\n<li><strong>Secretar\u00eda: <\/strong>La Secretar\u00eda est\u00e1 dirigida por el Director General de Regenagri C.i.C. La funci\u00f3n principal de la Secretar\u00eda es facilitar y supervisar la aplicaci\u00f3n de las estrategias, programas y normas de Regenagri C.i.C.. Esto implica trabajar en estrecha colaboraci\u00f3n con las partes interesadas de las diferentes cadenas de suministro agr\u00edcola, incluidos agricultores, fabricantes, minoristas y organizaciones de la sociedad civil. La Secretar\u00eda se encarga de desarrollar y mejorar continuamente las normas, criterios y directrices de regenagri. Trabajamos en colaboraci\u00f3n con expertos, partes interesadas y socios para garantizar que las normas reflejen las mejores pr\u00e1cticas y aborden los principales retos de la sostenibilidad en la agricultura regenerativa.<\/li>\n<\/ol>\n\n\n\n<p><\/p>\n\n\n\n<h2 class=\"wp-block-heading\">Pol\u00edtica de igualdad de oportunidades e inclusi\u00f3n<\/h2>\n\n\n\n<p>Regenagri C.i.C. se compromete a fomentar la diversidad y a eliminar la discriminaci\u00f3n tanto en su papel de empleador como de proveedor de servicios. Nuestro objetivo es que nuestro personal, as\u00ed como los subcontratistas, sean realmente representativos de todos los sectores de la sociedad y trabajen en un entorno en el que todos sean respetados y puedan rendir al m\u00e1ximo de su capacidad. Nuestra pol\u00edtica es ofrecer igualdad y equidad para todos en nuestro empleo y en nuestra prestaci\u00f3n de servicios y no discriminar por motivos de sexo, estado civil, raza, origen \u00e9tnico, color, nacionalidad, origen nacional, discapacidad, orientaci\u00f3n sexual, religi\u00f3n o edad.<\/p>\n\n\n\n<p>Regenagri C.i.C. se opone a toda forma de discriminaci\u00f3n ilegal e injusta. Nuestra pol\u00edtica es ofrecer un entorno adecuado a las personas con discapacidad. Se proporcionar\u00e1n todas las facilidades razonables para que el personal con discapacidades pueda desempe\u00f1ar sus funciones sin dificultades ni desventajas.<\/p>\n\n\n\n<p>Regenagri C.i.C.<strong> <\/strong>no tolerar\u00e1 la discriminaci\u00f3n directa o indirecta de ninguna persona por motivos de edad, discapacidad, sexo \/ cambio de sexo, matrimonio \/ uni\u00f3n civil, embarazo \/ maternidad, raza, religi\u00f3n o convicciones, sexo u orientaci\u00f3n sexual, ya sea en el \u00e1mbito de la contrataci\u00f3n, las condiciones de empleo, la promoci\u00f3n profesional, la formaci\u00f3n, el traslado o el despido.<\/p>\n\n\n\n<p>Tambi\u00e9n es responsabilidad de todo el personal, en sus acciones, decisiones y comportamientos diarios, esforzarse por promover estos conceptos, cumplir con toda la legislaci\u00f3n pertinente y asegurarse de no discriminar a colegas, clientes, proveedores o cualquier otra persona relacionada con Regenagri C.i.C.<\/p>\n\n\n\n<p>La declaraci\u00f3n de Igualdad de Oportunidades tiene como objetivo promover la igualdad, la armon\u00eda y el respeto entre las personas y eliminar la discriminaci\u00f3n, el acoso y la victimizaci\u00f3n de todo tipo. Regenagri C.i.C. considera que el entorno de trabajo debe apoyar en todo momento la dignidad y el respeto de las personas. Si se pone en conocimiento de la direcci\u00f3n una queja de acoso, se investigar\u00e1 con prontitud y se tomar\u00e1n las medidas oportunas.<\/p>","protected":false},"excerpt":{"rendered":"<p>regenagri is an international regenerative agriculture program for securing the health of the land [\u2026]<\/p>\n","protected":false},"author":1,"featured_media":428,"parent":0,"menu_order":0,"comment_status":"closed","ping_status":"closed","template":"","meta":{"_acf_changed":false,"footnotes":""},"class_list":["post-16","page","type-page","status-publish","has-post-thumbnail","hentry"],"acf":[],"yoast_head":"<!-- This site is optimized with the Yoast SEO plugin v27.4 - https:\/\/yoast.com\/product\/yoast-seo-wordpress\/ -->\n<title>About us &#8212; regenagri<\/title>\n<meta name=\"description\" content=\"regenagri is a regenerative agriculture initiative aimed at securing the health of the land and the wealth of those who live on it.\" \/>\n<meta name=\"robots\" content=\"index, follow, max-snippet:-1, max-image-preview:large, max-video-preview:-1\" \/>\n<link rel=\"canonical\" href=\"https:\/\/regenagri.org\/es\/acerca-de-nosotros\/\" \/>\n<meta property=\"og:locale\" content=\"es_ES\" \/>\n<meta property=\"og:type\" content=\"article\" \/>\n<meta property=\"og:title\" content=\"About us &#8212; regenagri\" \/>\n<meta property=\"og:description\" content=\"regenagri is a regenerative agriculture initiative aimed at securing the health of the land and the wealth of those who live on it.\" \/>\n<meta property=\"og:url\" content=\"https:\/\/regenagri.org\/es\/acerca-de-nosotros\/\" \/>\n<meta property=\"og:site_name\" content=\"regenagri\" \/>\n<meta property=\"article:modified_time\" content=\"2025-07-23T12:56:46+00:00\" \/>\n<meta property=\"og:image\" content=\"https:\/\/regenagri.org\/wp-content\/uploads\/2021\/06\/regenagri-banner-image.png\" \/>\n\t<meta property=\"og:image:width\" content=\"1390\" \/>\n\t<meta property=\"og:image:height\" content=\"782\" \/>\n\t<meta property=\"og:image:type\" content=\"image\/png\" \/>\n<meta name=\"twitter:card\" content=\"summary_large_image\" \/>\n<script type=\"application\/ld+json\" class=\"yoast-schema-graph\">{\"@context\":\"https:\\\/\\\/schema.org\",\"@graph\":[{\"@type\":\"WebPage\",\"@id\":\"https:\\\/\\\/regenagri.org\\\/about-us\\\/\",\"url\":\"https:\\\/\\\/regenagri.org\\\/about-us\\\/\",\"name\":\"About us &#8212; regenagri\",\"isPartOf\":{\"@id\":\"https:\\\/\\\/regenagri.org\\\/#website\"},\"primaryImageOfPage\":{\"@id\":\"https:\\\/\\\/regenagri.org\\\/about-us\\\/#primaryimage\"},\"image\":{\"@id\":\"https:\\\/\\\/regenagri.org\\\/about-us\\\/#primaryimage\"},\"thumbnailUrl\":\"https:\\\/\\\/regenagri.org\\\/wp-content\\\/uploads\\\/2021\\\/06\\\/regenagri-banner-image.png\",\"datePublished\":\"2021-05-03T19:15:47+00:00\",\"dateModified\":\"2025-07-23T12:56:46+00:00\",\"description\":\"regenagri is a regenerative agriculture initiative aimed at securing the health of the land and the wealth of those who live on it.\",\"breadcrumb\":{\"@id\":\"https:\\\/\\\/regenagri.org\\\/about-us\\\/#breadcrumb\"},\"inLanguage\":\"es\",\"potentialAction\":[{\"@type\":\"ReadAction\",\"target\":[\"https:\\\/\\\/regenagri.org\\\/about-us\\\/\"]}]},{\"@type\":\"ImageObject\",\"inLanguage\":\"es\",\"@id\":\"https:\\\/\\\/regenagri.org\\\/about-us\\\/#primaryimage\",\"url\":\"https:\\\/\\\/regenagri.org\\\/wp-content\\\/uploads\\\/2021\\\/06\\\/regenagri-banner-image.png\",\"contentUrl\":\"https:\\\/\\\/regenagri.org\\\/wp-content\\\/uploads\\\/2021\\\/06\\\/regenagri-banner-image.png\",\"width\":1390,\"height\":782},{\"@type\":\"BreadcrumbList\",\"@id\":\"https:\\\/\\\/regenagri.org\\\/about-us\\\/#breadcrumb\",\"itemListElement\":[{\"@type\":\"ListItem\",\"position\":1,\"name\":\"Home\",\"item\":\"https:\\\/\\\/regenagri.org\\\/\"},{\"@type\":\"ListItem\",\"position\":2,\"name\":\"About us\"}]},{\"@type\":\"WebSite\",\"@id\":\"https:\\\/\\\/regenagri.org\\\/#website\",\"url\":\"https:\\\/\\\/regenagri.org\\\/\",\"name\":\"regenagri\",\"description\":\"\",\"publisher\":{\"@id\":\"https:\\\/\\\/regenagri.org\\\/#organization\"},\"potentialAction\":[{\"@type\":\"SearchAction\",\"target\":{\"@type\":\"EntryPoint\",\"urlTemplate\":\"https:\\\/\\\/regenagri.org\\\/?s={search_term_string}\"},\"query-input\":{\"@type\":\"PropertyValueSpecification\",\"valueRequired\":true,\"valueName\":\"search_term_string\"}}],\"inLanguage\":\"es\"},{\"@type\":\"Organization\",\"@id\":\"https:\\\/\\\/regenagri.org\\\/#organization\",\"name\":\"regenagri\",\"url\":\"https:\\\/\\\/regenagri.org\\\/\",\"logo\":{\"@type\":\"ImageObject\",\"inLanguage\":\"es\",\"@id\":\"https:\\\/\\\/regenagri.org\\\/#\\\/schema\\\/logo\\\/image\\\/\",\"url\":\"https:\\\/\\\/regenagri.org\\\/wp-content\\\/uploads\\\/2021\\\/05\\\/regenagri.png\",\"contentUrl\":\"https:\\\/\\\/regenagri.org\\\/wp-content\\\/uploads\\\/2021\\\/05\\\/regenagri.png\",\"width\":1200,\"height\":452,\"caption\":\"regenagri\"},\"image\":{\"@id\":\"https:\\\/\\\/regenagri.org\\\/#\\\/schema\\\/logo\\\/image\\\/\"}}]}<\/script>\n<!-- \/ Yoast SEO plugin. -->","yoast_head_json":{"title":"Sobre nosotros - regenagri","description":"regenagri es una iniciativa de agricultura regenerativa destinada a garantizar la salud de la tierra y la riqueza de quienes viven en ella.","robots":{"index":"index","follow":"follow","max-snippet":"max-snippet:-1","max-image-preview":"max-image-preview:large","max-video-preview":"max-video-preview:-1"},"canonical":"https:\/\/regenagri.org\/es\/acerca-de-nosotros\/","og_locale":"es_ES","og_type":"article","og_title":"About us &#8212; regenagri","og_description":"regenagri is a regenerative agriculture initiative aimed at securing the health of the land and the wealth of those who live on it.","og_url":"https:\/\/regenagri.org\/es\/acerca-de-nosotros\/","og_site_name":"regenagri","article_modified_time":"2025-07-23T12:56:46+00:00","og_image":[{"width":1390,"height":782,"url":"https:\/\/regenagri.org\/wp-content\/uploads\/2021\/06\/regenagri-banner-image.png","type":"image\/png"}],"twitter_card":"summary_large_image","schema":{"@context":"https:\/\/schema.org","@graph":[{"@type":"WebPage","@id":"https:\/\/regenagri.org\/about-us\/","url":"https:\/\/regenagri.org\/about-us\/","name":"Sobre nosotros - regenagri","isPartOf":{"@id":"https:\/\/regenagri.org\/#website"},"primaryImageOfPage":{"@id":"https:\/\/regenagri.org\/about-us\/#primaryimage"},"image":{"@id":"https:\/\/regenagri.org\/about-us\/#primaryimage"},"thumbnailUrl":"https:\/\/regenagri.org\/wp-content\/uploads\/2021\/06\/regenagri-banner-image.png","datePublished":"2021-05-03T19:15:47+00:00","dateModified":"2025-07-23T12:56:46+00:00","description":"regenagri es una iniciativa de agricultura regenerativa destinada a garantizar la salud de la tierra y la riqueza de quienes viven en ella.","breadcrumb":{"@id":"https:\/\/regenagri.org\/about-us\/#breadcrumb"},"inLanguage":"es","potentialAction":[{"@type":"ReadAction","target":["https:\/\/regenagri.org\/about-us\/"]}]},{"@type":"ImageObject","inLanguage":"es","@id":"https:\/\/regenagri.org\/about-us\/#primaryimage","url":"https:\/\/regenagri.org\/wp-content\/uploads\/2021\/06\/regenagri-banner-image.png","contentUrl":"https:\/\/regenagri.org\/wp-content\/uploads\/2021\/06\/regenagri-banner-image.png","width":1390,"height":782},{"@type":"BreadcrumbList","@id":"https:\/\/regenagri.org\/about-us\/#breadcrumb","itemListElement":[{"@type":"ListItem","position":1,"name":"Home","item":"https:\/\/regenagri.org\/"},{"@type":"ListItem","position":2,"name":"About us"}]},{"@type":"WebSite","@id":"https:\/\/regenagri.org\/#website","url":"https:\/\/regenagri.org\/","name":"regenagri","description":"","publisher":{"@id":"https:\/\/regenagri.org\/#organization"},"potentialAction":[{"@type":"SearchAction","target":{"@type":"EntryPoint","urlTemplate":"https:\/\/regenagri.org\/?s={search_term_string}"},"query-input":{"@type":"PropertyValueSpecification","valueRequired":true,"valueName":"search_term_string"}}],"inLanguage":"es"},{"@type":"Organization","@id":"https:\/\/regenagri.org\/#organization","name":"regenagri","url":"https:\/\/regenagri.org\/","logo":{"@type":"ImageObject","inLanguage":"es","@id":"https:\/\/regenagri.org\/#\/schema\/logo\/image\/","url":"https:\/\/regenagri.org\/wp-content\/uploads\/2021\/05\/regenagri.png","contentUrl":"https:\/\/regenagri.org\/wp-content\/uploads\/2021\/05\/regenagri.png","width":1200,"height":452,"caption":"regenagri"},"image":{"@id":"https:\/\/regenagri.org\/#\/schema\/logo\/image\/"}}]}},"_links":{"self":[{"href":"https:\/\/regenagri.org\/es\/wp-json\/wp\/v2\/pages\/16","targetHints":{"allow":["GET"]}}],"collection":[{"href":"https:\/\/regenagri.org\/es\/wp-json\/wp\/v2\/pages"}],"about":[{"href":"https:\/\/regenagri.org\/es\/wp-json\/wp\/v2\/types\/page"}],"author":[{"embeddable":true,"href":"https:\/\/regenagri.org\/es\/wp-json\/wp\/v2\/users\/1"}],"replies":[{"embeddable":true,"href":"https:\/\/regenagri.org\/es\/wp-json\/wp\/v2\/comments?post=16"}],"version-history":[{"count":25,"href":"https:\/\/regenagri.org\/es\/wp-json\/wp\/v2\/pages\/16\/revisions"}],"predecessor-version":[{"id":9221,"href":"https:\/\/regenagri.org\/es\/wp-json\/wp\/v2\/pages\/16\/revisions\/9221"}],"wp:featuredmedia":[{"embeddable":true,"href":"https:\/\/regenagri.org\/es\/wp-json\/wp\/v2\/media\/428"}],"wp:attachment":[{"href":"https:\/\/regenagri.org\/es\/wp-json\/wp\/v2\/media?parent=16"}],"curies":[{"name":"wp","href":"https:\/\/api.w.org\/{rel}","templated":true}]}}