{"id":742,"date":"2021-11-09T10:09:16","date_gmt":"2021-11-09T10:09:16","guid":{"rendered":"https:\/\/regenagri.org\/?page_id=742"},"modified":"2026-02-16T09:11:32","modified_gmt":"2026-02-16T09:11:32","slug":"normungsdokumente","status":"publish","type":"page","link":"https:\/\/regenagri.org\/de\/standards-documents\/","title":{"rendered":"Normen und Verfahrensdokumente"},"content":{"rendered":"<p><a href=\"https:\/\/regenagri.org\/de\/kontaktieren-sie-uns\/\" target=\"_blank\" rel=\"noreferrer noopener\">regenagri.org\/kontakt-uns\/<\/a><\/p>\n\n\n\n<figure class=\"wp-block-table is-style-regular\"><table><tbody><tr><th colspan=\"2\">Bauernh\u00f6fe<\/th><\/tr><tr><td>Regenagri Standard-Farmen v3.3<\/td><td><a href=\"https:\/\/regenagri.org\/wp-content\/uploads\/2026\/02\/regenagri-Standard-Farms-v3.3.pdf\" target=\"_blank\" rel=\"noreferrer noopener\">Hier ansehen<\/a><\/td><\/tr><tr><td>Kritiken Padr\u00e3o regenagri Portugues v3.0<\/td><td>\n\t\t\t\t\t<a href=\"https:\/\/regenagri.org\/de\/kontaktieren-sie-uns\/\" target=\"_blank\" rel=\"noreferrer noopener\">Kontaktieren Sie uns, um Zugang zu beantragen<\/a>\n\t\t\t\t<\/td><\/tr><tr><td>Regenagri-Bewertungsmethodik v3.0<\/td><td><a href=\"https:\/\/regenagri.org\/wp-content\/uploads\/2025\/08\/regenagri-Assessment-Methodology-v3.0.pdf\">Hier ansehen<\/a><\/td><\/tr><tr><td>Metodologia regenagri Portugues v3.0<\/td><td>\n\t\t\t\t\t<a href=\"https:\/\/regenagri.org\/de\/kontaktieren-sie-uns\/\">Kontaktieren Sie uns, um Zugang zu beantragen<\/a>\n\t\t\t\t<\/td><\/tr><tr><td>Regenagri-Audit- und Zertifizierungsanforderungen v2.2<\/td><td><a href=\"https:\/\/regenagri.org\/wp-content\/uploads\/2025\/11\/Auditing-and-Certification-requirements-v2.2.pdf\" target=\"_blank\" rel=\"noreferrer noopener\">Hier ansehen<\/a><\/td><\/tr><tr><td>Regenagri Sozial- und IKS-Kriterien - Bedingung f\u00fcr die Einhaltung v1.0<\/td><td><a href=\"https:\/\/regenagri.org\/wp-content\/uploads\/2025\/07\/Regenagri-Social-and-ICS-Criteria-Condition-of-compliance-v1.0.pdf\">Hier ansehen<\/a><\/td><\/tr><tr><th colspan=\"2\">Lieferketten und Marken<\/th><\/tr><tr><td>Regenagri Content Standard v3.3<\/td><td><a href=\"https:\/\/regenagri.org\/wp-content\/uploads\/2025\/11\/Regenagri-Content-Standard-v3.3.pdf\" target=\"_blank\" rel=\"noreferrer noopener\">Hier ansehen<\/a><\/td><\/tr><tr><td>Regenagri Chain of Custody Standard - Lebensmittel v3.0<\/td><td><a href=\"https:\/\/regenagri.org\/wp-content\/uploads\/2025\/09\/Regenagri-Chain-of-Custody-Standard-Food-V3.0.pdf\" target=\"_blank\" rel=\"noreferrer noopener\">Hier ansehen<\/a><\/td><\/tr><tr><td>Regenagri Chain of Custody Standard - Textilien v2.0<\/td><td><a href=\"https:\/\/regenagri.org\/wp-content\/uploads\/2025\/12\/Regenagri-Chain-of-Custody-Standard-Textile-v2.0-1.pdf\" target=\"_blank\" rel=\"noreferrer noopener\">Hier ansehen<\/a><\/td><\/tr><tr><th colspan=\"2\">Aufprall, Insetting, Anspr\u00fcche<\/th><\/tr><tr><td>Regenagri Anspruchsvoraussetzung V 2.0<\/td><td><a href=\"https:\/\/regenagri.org\/wp-content\/uploads\/2025\/09\/regenagri-Claims-requirements-V2.0.pdf\">Hier ansehen<\/a><\/td><\/tr><tr><td>Regenagri Logo Leitfaden v1.0<\/td><td>\n\t\t\t\t\t<a href=\"https:\/\/regenagri.org\/wp-content\/uploads\/2021\/11\/regenagri-Logo-guide-v1.0.pdf\" target=\"_blank\" rel=\"noreferrer noopener\">Hier ansehen<\/a>\n\t\t\t\t<\/td><\/tr><tr><td>Regenagri Insetting Standard v1.0<\/td><td>\n\t\t\t\t\t<a href=\"https:\/\/regenagri.org\/de\/kontaktieren-sie-uns\/\">Kontaktieren Sie uns, um Zugang zu beantragen<\/a>\n\t\t\t\t<\/td><\/tr><tr><th colspan=\"2\">Programm f\u00fcr Emissionsgutschriften<\/th><\/tr><tr><td>Regenagri Carbon Standard v.1.0 (Landwirtschaft)<\/td><td>\n\t\t\t\t\t<a href=\"https:\/\/regenagri.org\/wp-content\/uploads\/2022\/06\/regenagri-Carbon-Standard-v1.0.pdf\" target=\"_blank\" rel=\"noreferrer noopener\">Hier ansehen<\/a>\n\t\t\t\t<\/td><\/tr><tr><td>Regenagri Carbon Standard Leitlinien v1.0<\/td><td>\n\t\t\t\t\t<a href=\"https:\/\/regenagri.org\/de\/kontaktieren-sie-uns\/\" target=\"_blank\" rel=\"noreferrer noopener\">Kontaktieren Sie uns, um Zugang zu beantragen<\/a>\n\t\t\t\t<\/td><\/tr><tr><td>Regenagri PDD Vorlage v1.1<\/td><td>\n\t\t\t\t\t<a href=\"https:\/\/regenagri.org\/wp-content\/uploads\/2022\/06\/V1.1-regenagri-PDD-template.docx\" target=\"_blank\" rel=\"noreferrer noopener\">Hier ansehen<\/a>\n\t\t\t\t<\/td><\/tr><tr><th colspan=\"2\">Regenerativer Latex Standard<\/th><\/tr><tr><td>Regenerativer Latex Standard v1.0<\/td><td><a href=\"https:\/\/regenagri.org\/wp-content\/uploads\/2025\/11\/Regenerative-Latex-Standard-V1.0.pdf\" target=\"_blank\" rel=\"noreferrer noopener\">Hier ansehen<\/a><\/td><\/tr><tr><th colspan=\"2\">Regenagri-Politik und MEL<\/th><\/tr><tr><td>Regenagri Standardeinstellungsverfahren v1.1<\/td><td>\n\t\t\t\t\t<a href=\"https:\/\/regenagri.org\/wp-content\/uploads\/2023\/07\/regenagri-standard-setting-procedure-v1.1.pdf\">Hier ansehen<\/a>\n\t\t\t\t<\/td><\/tr><tr><td>Regenagri Theorie der Ver\u00e4nderung v1.0<\/td><td>\n\t\t\t\t\t<a href=\"https:\/\/regenagri.org\/wp-content\/uploads\/2023\/07\/regenagri-Theory-of-Change.pdf\">Hier ansehen<\/a>\n\t\t\t\t<\/td><\/tr><tr><td>Regenagri \u00dcberwachung Bewertung Lernen v1.0<\/td><td>\n\t\t\t\t\t<a href=\"https:\/\/regenagri.org\/wp-content\/uploads\/2023\/07\/regenagri-Monitoring-Evaluation-Learning-v1.0.pdf\">Hier ansehen<\/a>\n\t\t\t\t<\/td><\/tr><tr><td>Regenagri-Zusicherungsanforderungen 2023 v1.0<\/td><td>\n\t\t\t\t\t<a href=\"https:\/\/regenagri.org\/wp-content\/uploads\/2023\/07\/regenagri-assurance-requirements-2023.pdf\">Hier ansehen\n\t\t\t\t\t<\/a>\n\t\t\t\t<\/td><\/tr><tr><td>Regenagri Risikopolitik 2023 v1.0<\/td><td>\n\t\t\t\t\t<a href=\"https:\/\/regenagri.org\/wp-content\/uploads\/2023\/08\/regenagri-Risk-Policy-2023.pdf\">Hier ansehen<\/a>\n\t\t\t\t<\/td><\/tr><tr><td>Regenagri Qualifikationsanforderungen f\u00fcr Auditoren und Zertifizierer v1.1<\/td><td><a href=\"https:\/\/regenagri.org\/wp-content\/uploads\/2025\/11\/regenagri-Auditor-and-Certifier-qualification-requirements-v.1.1.pdf\">Hier ansehen<\/a><\/td><\/tr><tr><td>Regenagri Whistleblowing-Verfahren v1.0<\/td><td><a href=\"https:\/\/regenagri.org\/wp-content\/uploads\/2025\/07\/Regenagri-Whistle-blowing-procedure-ver.-1.0.pdf\">Hier ansehen<\/a><\/td><\/tr><tr><td>Regenagri-Beschwerdeverfahren v1.0<\/td><td><a href=\"https:\/\/regenagri.org\/wp-content\/uploads\/2025\/07\/Regenagri-Grievance-Procedure-ver.-1.0.pdf\">Hier ansehen<\/a><\/td><\/tr><tr><td>Regenagri Beschwerdeformular f\u00fcr Interessenvertreter v1.0<\/td><td><a href=\"https:\/\/regenagri.org\/wp-content\/uploads\/2025\/07\/Regenagri_Stakeholder_Grievance_Form-v.1.0.pdf\">Hier ansehen<\/a><\/td><\/tr><tr><td>Regenagri-Minderungsprotokoll v.1.0<\/td><td><a href=\"https:\/\/regenagri.org\/wp-content\/uploads\/2025\/07\/regenagri-Mitigation-protocol-v.1.0.pdf\">Hier ansehen<\/a><\/td><\/tr><tr><td>Regenagri-Ausnahmeverwaltungsverfahren v.1.0<\/td><td><a href=\"https:\/\/regenagri.org\/wp-content\/uploads\/2025\/07\/regenagri-Exception-management-procedure-v.1.0.pdf\">Hier ansehen<\/a><\/td><\/tr><tr><td>Regenagri Assurance System \u00dcbersicht v1.0<\/td><td><a href=\"https:\/\/regenagri.org\/wp-content\/uploads\/2025\/08\/regenagri-Assurance-system-overview-v1.0-1.pdf\">Hier ansehen<\/a><\/td><\/tr><tr><td>Regenagri-Versicherungsstruktur und CB-Anforderungen v1.0<\/td><td><a href=\"https:\/\/regenagri.org\/wp-content\/uploads\/2025\/08\/regenagri-Assurance-structure-and-CB-requirements-v1.0.pdf\">Hier ansehen<\/a><\/td><\/tr><tr><td>Regenagri Dokumenten- und Integrit\u00e4tskontrollverfahren v1.0<\/td><td><a href=\"https:\/\/regenagri.org\/wp-content\/uploads\/2025\/08\/Regenagri-Document-and-Integrity-control-procedure-ver.-1.0.pdf\">Hier ansehen<\/a><\/td><\/tr><tr><td>Regenagri Organisationen und Betriebe - Unterst\u00fctzungspolitik v 1.0<\/td><td><a href=\"https:\/\/regenagri.org\/wp-content\/uploads\/2025\/10\/Regenagri-Organisations-and-Farms-supporting-policy-v-1.0.pdf\">Hier ansehen<\/a><\/td><\/tr><tr><th colspan=\"2\">\u00dcberholte Dokumente<\/th><\/tr><tr><td>Regenagri Content Standard v3.2<\/td><td><a href=\"https:\/\/regenagri.org\/wp-content\/uploads\/2022\/06\/regenagri-Carbon-Standard-v1.0.pdf\" target=\"_blank\" rel=\"noreferrer noopener\"><\/a><a href=\"https:\/\/regenagri.org\/wp-content\/uploads\/2025\/04\/regenagri-Content-Standard-v3.2.pdf\" target=\"_blank\" rel=\"noreferrer noopener\">Hier ansehen<\/a><\/td><\/tr><tr><td>Regenagri Chain of Custody Standard - Lebensmittel v2.2<\/td><td><a href=\"https:\/\/regenagri.org\/de\/kontaktieren-sie-uns\/\" target=\"_blank\" rel=\"noreferrer noopener\"><\/a><a href=\"https:\/\/regenagri.org\/wp-content\/uploads\/2025\/05\/Regenagri-Chain-of-Custody-criteria-V2.2.pdf\" target=\"_blank\" rel=\"noreferrer noopener\">Hier ansehen<\/a><\/td><\/tr><tr><td>Regenagri Chain of Custody Standard - Textilien v1.2<\/td><td><a href=\"https:\/\/regenagri.org\/wp-content\/uploads\/2022\/06\/V1.1-regenagri-PDD-template.docx\" target=\"_blank\" rel=\"noreferrer noopener\"><\/a><a href=\"https:\/\/regenagri.org\/wp-content\/uploads\/2025\/05\/regenagri-Chain-of-Custody-standard-Textile-v1.2.pdf\" target=\"_blank\" rel=\"noreferrer noopener\">Hier ansehen<\/a><\/td><\/tr><tr><td>Regenagri-Audit- und Zertifizierungsanforderungen v2.1<\/td><td><a href=\"https:\/\/regenagri.org\/wp-content\/uploads\/2022\/06\/V1.1-regenagri-PDD-template.docx\" target=\"_blank\" rel=\"noreferrer noopener\"><\/a><a href=\"https:\/\/regenagri.org\/wp-content\/uploads\/2025\/11\/regenagri-Auditing-and-Certification-requirements-v2.1.pdf\" target=\"_blank\" rel=\"noreferrer noopener\">Hier ansehen<\/a><\/td><\/tr><\/tbody><\/table><\/figure>\n\n\n\n<h2 class=\"wp-block-heading\">Regenagri-Standards - Anwendbarkeitsmatrix<\/h2>\n\n\n\n<figure class=\"wp-block-table aligncenter\"><table><tbody><tr><th class=\"has-text-align-left\" data-align=\"left\" rowspan=\"2\">Dokumente<\/th><th class=\"has-text-align-center\" data-align=\"center\" colspan=\"4\">Anwendbarkeit<\/th><\/tr><tr><th class=\"has-text-align-left\" data-align=\"left\">Landwirtschaftliche Organisationen<\/th><th class=\"has-text-align-center\" data-align=\"center\">Lebensmittelversorgungsketten<\/th><th class=\"has-text-align-center\" data-align=\"center\">Lieferketten f\u00fcr Textilien<\/th><th class=\"has-text-align-center\" data-align=\"center\">Jede Organisation<\/th><\/tr><tr><td class=\"has-text-align-left\" data-align=\"left\">Regenagri Standard-Kriterien<\/td><td class=\"has-text-align-center\" data-align=\"center\">\u2718<\/td><td class=\"has-text-align-center\" data-align=\"center\"><\/td><td class=\"has-text-align-center\" data-align=\"center\"><\/td><td class=\"has-text-align-center\" data-align=\"center\"><\/td><\/tr><tr><td class=\"has-text-align-left\" data-align=\"left\">Regenagri-Scoring und Methodik<\/td><td class=\"has-text-align-center\" data-align=\"center\">\u2718<\/td><td class=\"has-text-align-center\" data-align=\"center\"><\/td><td class=\"has-text-align-center\" data-align=\"center\"><\/td><td class=\"has-text-align-center\" data-align=\"center\"><\/td><\/tr><tr><td class=\"has-text-align-left\" data-align=\"left\">Regenagri Implementierungsverfahren<\/td><td class=\"has-text-align-center\" data-align=\"center\">\u2718<\/td><td class=\"has-text-align-center\" data-align=\"center\"><\/td><td class=\"has-text-align-center\" data-align=\"center\"><\/td><td class=\"has-text-align-center\" data-align=\"center\"><\/td><\/tr><tr><td class=\"has-text-align-left\" data-align=\"left\">Regenagri Inhalt Standard<\/td><td class=\"has-text-align-center\" data-align=\"center\"><\/td><td class=\"has-text-align-center\" data-align=\"center\">\u2718<\/td><td class=\"has-text-align-center\" data-align=\"center\">\u2718<\/td><td class=\"has-text-align-center\" data-align=\"center\"><\/td><\/tr><tr><td class=\"has-text-align-left\" data-align=\"left\">Regenagri Chain of Custody - Textilien<\/td><td class=\"has-text-align-center\" data-align=\"center\"><\/td><td class=\"has-text-align-center\" data-align=\"center\"><\/td><td class=\"has-text-align-center\" data-align=\"center\">\u2718<\/td><td class=\"has-text-align-center\" data-align=\"center\"><\/td><\/tr><tr><td class=\"has-text-align-left\" data-align=\"left\">Regenagri Chain of Custody - Lebensmittel<\/td><td class=\"has-text-align-center\" data-align=\"center\"><\/td><td class=\"has-text-align-center\" data-align=\"center\">\u2718<\/td><td class=\"has-text-align-center\" data-align=\"center\"><\/td><td class=\"has-text-align-center\" data-align=\"center\"><\/td><\/tr><tr><td class=\"has-text-align-left\" data-align=\"left\" colspan=\"5\"><\/td><\/tr><tr><th class=\"has-text-align-left\" data-align=\"left\" colspan=\"5\">Aufprall, Anspr\u00fcche, Insetting<\/th><\/tr><tr><td class=\"has-text-align-left\" data-align=\"left\">Regenagri Insetting Standard<\/td><td class=\"has-text-align-center\" data-align=\"center\">\u2718<\/td><td class=\"has-text-align-center\" data-align=\"center\">\u2718<\/td><td class=\"has-text-align-center\" data-align=\"center\">\u2718<\/td><td class=\"has-text-align-center\" data-align=\"center\"><\/td><\/tr><tr><td class=\"has-text-align-left\" data-align=\"left\">Regenagri Anspruchsvoraussetzungen<\/td><td class=\"has-text-align-center\" data-align=\"center\">\u2718<\/td><td class=\"has-text-align-center\" data-align=\"center\">\u2718<\/td><td class=\"has-text-align-center\" data-align=\"center\">\u2718<\/td><td class=\"has-text-align-center\" data-align=\"center\"><\/td><\/tr><tr><td class=\"has-text-align-left\" data-align=\"left\">Regenagri Logo Leitfaden<\/td><td class=\"has-text-align-center\" data-align=\"center\">\u2718<\/td><td class=\"has-text-align-center\" data-align=\"center\">\u2718<\/td><td class=\"has-text-align-center\" data-align=\"center\">\u2718<\/td><td class=\"has-text-align-center\" data-align=\"center\"><\/td><\/tr><tr><td class=\"has-text-align-left\" data-align=\"left\" colspan=\"5\"><\/td><\/tr><tr><th class=\"has-text-align-left\" data-align=\"left\" colspan=\"5\">regenagri Carbon Credits Programm<\/th><\/tr><tr><td class=\"has-text-align-left\" data-align=\"left\">Regenagri Kohlenstoff Standard<\/td><td class=\"has-text-align-center\" data-align=\"center\">\u2718<\/td><td class=\"has-text-align-center\" data-align=\"center\">\u2718<\/td><td class=\"has-text-align-center\" data-align=\"center\">\u2718<\/td><td class=\"has-text-align-center\" data-align=\"center\">\u2718<\/td><\/tr><tr><td class=\"has-text-align-left\" data-align=\"left\">Regenagri Carbon Standard Leitlinien<\/td><td class=\"has-text-align-center\" data-align=\"center\">\u2718<\/td><td class=\"has-text-align-center\" data-align=\"center\">\u2718<\/td><td class=\"has-text-align-center\" data-align=\"center\">\u2718<\/td><td class=\"has-text-align-center\" data-align=\"center\">\u2718<\/td><\/tr><tr><td class=\"has-text-align-left\" data-align=\"left\">Regenagri PDD-Vorlage<\/td><td class=\"has-text-align-center\" data-align=\"center\">\u2718<\/td><td class=\"has-text-align-center\" data-align=\"center\">\u2718<\/td><td class=\"has-text-align-center\" data-align=\"center\">\u2718<\/td><td class=\"has-text-align-center\" data-align=\"center\">\u2718<\/td><\/tr><\/tbody><\/table><\/figure>\n\n\n\n<p>Einzelheiten zum Prozess der Entwicklung von regenagri-Standards und zur Governance finden Sie unter <a href=\"https:\/\/regenagri.org\/de\/kontaktieren-sie-uns\/\">Kontaktieren Sie uns<\/a>.<\/p>\n\n\n\n<p>Wir freuen uns immer \u00fcber Feedback, das an folgende Adresse geschickt werden kann <a href=\"mailto:info@regenagri.org\">info@regenagri.org<\/a>. Wir bitten auch unsere Stakeholder um Feedback und werden regelm\u00e4\u00dfig entsprechende Anfragen auf unserer Website und per E-Mail ver\u00f6ffentlichen.<\/p>\n\n\n\n<p>Wenn Sie der Meinung sind, dass Regenagri, seine Mitarbeiter, Vertreter oder Dienstleister ein unangemessenes oder ungerechtfertigtes Verhalten an den Tag gelegt haben, oder wenn sich das Programm von Regenagri negativ auf die Betroffenen ausgewirkt hat, k\u00f6nnen Sie Ihre Beschwerde oder Klage an folgende Adresse senden&nbsp;<a href=\"mailto:info@regenagri.org\">info@regenagri.org<\/a>&nbsp;(oder&nbsp;<a href=\"mailto:duediligence@regenagri.org\">duediligence@regenagri.org<\/a>&nbsp;), per Post an regenagri C.i.C. Reg. Adresse: 2 Old Court Mews, 311a Chase Road, N14 6JS London, UK oder rufen Sie direkt an&nbsp;<a href=\"tel:+442033933051\">+44 (0)203 393 3051<\/a>&nbsp;. Wenn Sie anonym bleiben m\u00f6chten, wird dies respektiert. Alle Beschwerden und Klagen werden vertraulich behandelt, und wenn Sie nicht anonym bleiben m\u00f6chten, erhalten Sie innerhalb von zwei Wochen eine Antwort per Telefon oder E-Mail. Alle Beschwerden werden mit Sorgfalt behandelt und es werden entsprechende Ma\u00dfnahmen ergriffen.&nbsp;<\/p>\n\n\n\n<p><\/p>","protected":false},"excerpt":{"rendered":"<p>regenagri.org\/contact-us\/\u2197 Farms Regenagri Standard-Farms v3.3 View here Crit\u00e9rios Padr\u00e3o regenagri Portugues v3.0 Contact us [\u2026]<\/p>\n","protected":false},"author":3,"featured_media":594,"parent":0,"menu_order":0,"comment_status":"closed","ping_status":"closed","template":"","meta":{"_acf_changed":false,"footnotes":""},"class_list":["post-742","page","type-page","status-publish","has-post-thumbnail","hentry"],"acf":[],"yoast_head":"<!-- This site is optimized with the Yoast SEO plugin v27.4 - https:\/\/yoast.com\/product\/yoast-seo-wordpress\/ -->\n<title>Standards and Procedures Documents &#8212; regenagri<\/title>\n<meta name=\"robots\" content=\"index, follow, max-snippet:-1, max-image-preview:large, max-video-preview:-1\" \/>\n<link rel=\"canonical\" href=\"https:\/\/regenagri.org\/de\/normungsdokumente\/\" \/>\n<meta property=\"og:locale\" content=\"de_DE\" \/>\n<meta property=\"og:type\" content=\"article\" \/>\n<meta property=\"og:title\" content=\"Standards and Procedures Documents &#8212; regenagri\" \/>\n<meta property=\"og:description\" content=\"regenagri.org\/contact-us\/\u2197 Farms Regenagri Standard-Farms v3.3 View here Crit\u00e9rios Padr\u00e3o regenagri Portugues v3.0 Contact us [\u2026]\" \/>\n<meta property=\"og:url\" content=\"https:\/\/regenagri.org\/de\/normungsdokumente\/\" \/>\n<meta property=\"og:site_name\" content=\"regenagri\" \/>\n<meta property=\"article:modified_time\" content=\"2026-02-16T09:11:32+00:00\" \/>\n<meta property=\"og:image\" content=\"https:\/\/regenagri.org\/wp-content\/uploads\/2021\/06\/AdobeStock_385196411.jpeg\" \/>\n\t<meta property=\"og:image:width\" content=\"1920\" \/>\n\t<meta property=\"og:image:height\" content=\"1279\" \/>\n\t<meta property=\"og:image:type\" content=\"image\/jpeg\" \/>\n<meta name=\"twitter:card\" content=\"summary_large_image\" \/>\n<script type=\"application\/ld+json\" class=\"yoast-schema-graph\">{\"@context\":\"https:\\\/\\\/schema.org\",\"@graph\":[{\"@type\":\"WebPage\",\"@id\":\"https:\\\/\\\/regenagri.org\\\/standards-documents\\\/\",\"url\":\"https:\\\/\\\/regenagri.org\\\/standards-documents\\\/\",\"name\":\"Standards and Procedures Documents &#8212; regenagri\",\"isPartOf\":{\"@id\":\"https:\\\/\\\/regenagri.org\\\/#website\"},\"primaryImageOfPage\":{\"@id\":\"https:\\\/\\\/regenagri.org\\\/standards-documents\\\/#primaryimage\"},\"image\":{\"@id\":\"https:\\\/\\\/regenagri.org\\\/standards-documents\\\/#primaryimage\"},\"thumbnailUrl\":\"https:\\\/\\\/regenagri.org\\\/wp-content\\\/uploads\\\/2021\\\/06\\\/AdobeStock_385196411.jpeg\",\"datePublished\":\"2021-11-09T10:09:16+00:00\",\"dateModified\":\"2026-02-16T09:11:32+00:00\",\"breadcrumb\":{\"@id\":\"https:\\\/\\\/regenagri.org\\\/standards-documents\\\/#breadcrumb\"},\"inLanguage\":\"de\",\"potentialAction\":[{\"@type\":\"ReadAction\",\"target\":[\"https:\\\/\\\/regenagri.org\\\/standards-documents\\\/\"]}]},{\"@type\":\"ImageObject\",\"inLanguage\":\"de\",\"@id\":\"https:\\\/\\\/regenagri.org\\\/standards-documents\\\/#primaryimage\",\"url\":\"https:\\\/\\\/regenagri.org\\\/wp-content\\\/uploads\\\/2021\\\/06\\\/AdobeStock_385196411.jpeg\",\"contentUrl\":\"https:\\\/\\\/regenagri.org\\\/wp-content\\\/uploads\\\/2021\\\/06\\\/AdobeStock_385196411.jpeg\",\"width\":1920,\"height\":1279},{\"@type\":\"BreadcrumbList\",\"@id\":\"https:\\\/\\\/regenagri.org\\\/standards-documents\\\/#breadcrumb\",\"itemListElement\":[{\"@type\":\"ListItem\",\"position\":1,\"name\":\"Home\",\"item\":\"https:\\\/\\\/regenagri.org\\\/\"},{\"@type\":\"ListItem\",\"position\":2,\"name\":\"Standards and Procedures Documents\"}]},{\"@type\":\"WebSite\",\"@id\":\"https:\\\/\\\/regenagri.org\\\/#website\",\"url\":\"https:\\\/\\\/regenagri.org\\\/\",\"name\":\"regenagri\",\"description\":\"\",\"publisher\":{\"@id\":\"https:\\\/\\\/regenagri.org\\\/#organization\"},\"potentialAction\":[{\"@type\":\"SearchAction\",\"target\":{\"@type\":\"EntryPoint\",\"urlTemplate\":\"https:\\\/\\\/regenagri.org\\\/?s={search_term_string}\"},\"query-input\":{\"@type\":\"PropertyValueSpecification\",\"valueRequired\":true,\"valueName\":\"search_term_string\"}}],\"inLanguage\":\"de\"},{\"@type\":\"Organization\",\"@id\":\"https:\\\/\\\/regenagri.org\\\/#organization\",\"name\":\"regenagri\",\"url\":\"https:\\\/\\\/regenagri.org\\\/\",\"logo\":{\"@type\":\"ImageObject\",\"inLanguage\":\"de\",\"@id\":\"https:\\\/\\\/regenagri.org\\\/#\\\/schema\\\/logo\\\/image\\\/\",\"url\":\"https:\\\/\\\/regenagri.org\\\/wp-content\\\/uploads\\\/2021\\\/05\\\/regenagri.png\",\"contentUrl\":\"https:\\\/\\\/regenagri.org\\\/wp-content\\\/uploads\\\/2021\\\/05\\\/regenagri.png\",\"width\":1200,\"height\":452,\"caption\":\"regenagri\"},\"image\":{\"@id\":\"https:\\\/\\\/regenagri.org\\\/#\\\/schema\\\/logo\\\/image\\\/\"}}]}<\/script>\n<!-- \/ Yoast SEO plugin. -->","yoast_head_json":{"title":"Normen und Verfahrensdokumente - regenagri","robots":{"index":"index","follow":"follow","max-snippet":"max-snippet:-1","max-image-preview":"max-image-preview:large","max-video-preview":"max-video-preview:-1"},"canonical":"https:\/\/regenagri.org\/de\/normungsdokumente\/","og_locale":"de_DE","og_type":"article","og_title":"Standards and Procedures Documents &#8212; regenagri","og_description":"regenagri.org\/contact-us\/\u2197 Farms Regenagri Standard-Farms v3.3 View here Crit\u00e9rios Padr\u00e3o regenagri Portugues v3.0 Contact us [\u2026]","og_url":"https:\/\/regenagri.org\/de\/normungsdokumente\/","og_site_name":"regenagri","article_modified_time":"2026-02-16T09:11:32+00:00","og_image":[{"width":1920,"height":1279,"url":"https:\/\/regenagri.org\/wp-content\/uploads\/2021\/06\/AdobeStock_385196411.jpeg","type":"image\/jpeg"}],"twitter_card":"summary_large_image","schema":{"@context":"https:\/\/schema.org","@graph":[{"@type":"WebPage","@id":"https:\/\/regenagri.org\/standards-documents\/","url":"https:\/\/regenagri.org\/standards-documents\/","name":"Normen und Verfahrensdokumente - regenagri","isPartOf":{"@id":"https:\/\/regenagri.org\/#website"},"primaryImageOfPage":{"@id":"https:\/\/regenagri.org\/standards-documents\/#primaryimage"},"image":{"@id":"https:\/\/regenagri.org\/standards-documents\/#primaryimage"},"thumbnailUrl":"https:\/\/regenagri.org\/wp-content\/uploads\/2021\/06\/AdobeStock_385196411.jpeg","datePublished":"2021-11-09T10:09:16+00:00","dateModified":"2026-02-16T09:11:32+00:00","breadcrumb":{"@id":"https:\/\/regenagri.org\/standards-documents\/#breadcrumb"},"inLanguage":"de","potentialAction":[{"@type":"ReadAction","target":["https:\/\/regenagri.org\/standards-documents\/"]}]},{"@type":"ImageObject","inLanguage":"de","@id":"https:\/\/regenagri.org\/standards-documents\/#primaryimage","url":"https:\/\/regenagri.org\/wp-content\/uploads\/2021\/06\/AdobeStock_385196411.jpeg","contentUrl":"https:\/\/regenagri.org\/wp-content\/uploads\/2021\/06\/AdobeStock_385196411.jpeg","width":1920,"height":1279},{"@type":"BreadcrumbList","@id":"https:\/\/regenagri.org\/standards-documents\/#breadcrumb","itemListElement":[{"@type":"ListItem","position":1,"name":"Home","item":"https:\/\/regenagri.org\/"},{"@type":"ListItem","position":2,"name":"Standards and Procedures Documents"}]},{"@type":"WebSite","@id":"https:\/\/regenagri.org\/#website","url":"https:\/\/regenagri.org\/","name":"regenagri","description":"","publisher":{"@id":"https:\/\/regenagri.org\/#organization"},"potentialAction":[{"@type":"SearchAction","target":{"@type":"EntryPoint","urlTemplate":"https:\/\/regenagri.org\/?s={search_term_string}"},"query-input":{"@type":"PropertyValueSpecification","valueRequired":true,"valueName":"search_term_string"}}],"inLanguage":"de"},{"@type":"Organization","@id":"https:\/\/regenagri.org\/#organization","name":"regenagri","url":"https:\/\/regenagri.org\/","logo":{"@type":"ImageObject","inLanguage":"de","@id":"https:\/\/regenagri.org\/#\/schema\/logo\/image\/","url":"https:\/\/regenagri.org\/wp-content\/uploads\/2021\/05\/regenagri.png","contentUrl":"https:\/\/regenagri.org\/wp-content\/uploads\/2021\/05\/regenagri.png","width":1200,"height":452,"caption":"regenagri"},"image":{"@id":"https:\/\/regenagri.org\/#\/schema\/logo\/image\/"}}]}},"_links":{"self":[{"href":"https:\/\/regenagri.org\/de\/wp-json\/wp\/v2\/pages\/742","targetHints":{"allow":["GET"]}}],"collection":[{"href":"https:\/\/regenagri.org\/de\/wp-json\/wp\/v2\/pages"}],"about":[{"href":"https:\/\/regenagri.org\/de\/wp-json\/wp\/v2\/types\/page"}],"author":[{"embeddable":true,"href":"https:\/\/regenagri.org\/de\/wp-json\/wp\/v2\/users\/3"}],"replies":[{"embeddable":true,"href":"https:\/\/regenagri.org\/de\/wp-json\/wp\/v2\/comments?post=742"}],"version-history":[{"count":242,"href":"https:\/\/regenagri.org\/de\/wp-json\/wp\/v2\/pages\/742\/revisions"}],"predecessor-version":[{"id":11050,"href":"https:\/\/regenagri.org\/de\/wp-json\/wp\/v2\/pages\/742\/revisions\/11050"}],"wp:featuredmedia":[{"embeddable":true,"href":"https:\/\/regenagri.org\/de\/wp-json\/wp\/v2\/media\/594"}],"wp:attachment":[{"href":"https:\/\/regenagri.org\/de\/wp-json\/wp\/v2\/media?parent=742"}],"curies":[{"name":"wp","href":"https:\/\/api.w.org\/{rel}","templated":true}]}}