{"id":12,"date":"2021-05-03T20:15:27","date_gmt":"2021-05-03T19:15:27","guid":{"rendered":"http:\/\/regenagri-org.stackstaging.com\/?page_id=12"},"modified":"2026-04-13T13:32:49","modified_gmt":"2026-04-13T12:32:49","slug":"why-regenagri","status":"publish","type":"page","link":"https:\/\/regenagri.org\/de\/why-regenagri\/","title":{"rendered":"\u00dcber Regenagri"},"content":{"rendered":"<p class=\"has-text-align-center\">Regenagri is a regenerative agriculture initiative aimed at securing the health of the land and the wealth of those who live on it. It supports farms and organisations to transition to holistic farming techniques that increase soil organic matter, encourage biodiversity sequester CO<sub>2<\/sub> and improve water and energy management. Designed for continuous improvement, Regenagri offers members a complete solution for measuring and reporting on regenerative progress and monetizing environmentally minded farming.<\/p>\n\n\n\n<p class=\"has-text-align-center\">The technical development of Regenagri is supported by a governance team, a group of organisations expert in all aspects of regenerative agriculture.<\/p>\n\n\n\n<figure class=\"wp-block-image size-large is-resized\"><img decoding=\"async\" width=\"1200\" height=\"1109\" data-src=\"https:\/\/regenagri.org\/wp-content\/uploads\/2021\/06\/Engagement-Model-1200x1109.png\" alt=\"\" class=\"wp-image-534 lazyload\" style=\"--smush-placeholder-width: 1200px; --smush-placeholder-aspect-ratio: 1200\/1109;width:852px;height:788px\" data-srcset=\"https:\/\/regenagri.org\/wp-content\/uploads\/2021\/06\/Engagement-Model-1200x1109.png 1200w, https:\/\/regenagri.org\/wp-content\/uploads\/2021\/06\/Engagement-Model-700x647.png 700w, https:\/\/regenagri.org\/wp-content\/uploads\/2021\/06\/Engagement-Model-768x710.png 768w, https:\/\/regenagri.org\/wp-content\/uploads\/2021\/06\/Engagement-Model.png 1523w\" data-sizes=\"(max-width: 1200px) 100vw, 1200px\" src=\"data:image\/svg+xml;base64,PHN2ZyB3aWR0aD0iMSIgaGVpZ2h0PSIxIiB4bWxucz0iaHR0cDovL3d3dy53My5vcmcvMjAwMC9zdmciPjwvc3ZnPg==\" \/><\/figure>\n\n\n\n<div class=\"wp-block-buttons is-layout-flex wp-block-buttons-is-layout-flex\">\n<div class=\"wp-block-button\"><a class=\"wp-block-button__link wp-element-button\" href=\"https:\/\/regenagri.org\/de\/kontaktieren-sie-uns\/\">Join us now<\/a><\/div>\n<\/div>\n\n\n\n<div style=\"height:100px\" aria-hidden=\"true\" class=\"wp-block-spacer\"><\/div>\n\n\n\n<p>Regenagri C.i.C. f\u00fchrt ein \u00dcberwachungs-, Bewertungs- und Lernsystem ein, um die Wirksamkeit des Regenagri-Programms bei der Erreichung seiner Ziele zu bewerten und seine Auswirkungen zu messen und zu validieren.&nbsp;<\/p>\n\n\n\n<p>Die Bewertung der Wirksamkeit erfolgt durch Verfahren, zu denen unter anderem die regelm\u00e4\u00dfige \u00dcberpr\u00fcfung der Zertifizierungsstellen, die \u00dcberpr\u00fcfung der gepr\u00fcften Daten, Feedback-Mechanismen mit den zertifizierten Organisationen und Lizenznehmern, Benchmarking mit wissenschaftlichen Quellen und anderen Normen, Konsultationen der Interessengruppen und die regelm\u00e4\u00dfige Analyse der Daten geh\u00f6ren.&nbsp;<\/p>\n\n\n\n<p>Regenagri C.i.C. \u00fcberwacht kontinuierlich die Akzeptanz und die Auswirkungen des Programms. Dies geschieht durch Daten\u00fcberpr\u00fcfungen, Validierungen und Datenanalysen.<\/p>\n\n\n\n<p>Die \u00dcberwachung der Auswirkungen und der Akzeptanz erm\u00f6glicht es Regenagri C.i.C., die Erreichung seiner Ziele zu bewerten.<\/p>\n\n\n\n<p>Alle Daten, die die Zertifizierung unterst\u00fctzen, m\u00fcssen von Zertifizierungsstellen zertifiziert werden, die \u00fcber eine externe Akkreditierung verf\u00fcgen (durch nationale oder globale Akkreditierungsstellen).&nbsp;<\/p>\n\n\n\n<p>Dieser Prozess der Daten\u00fcberpr\u00fcfung erm\u00f6glicht es Regenagri C.i.C., eine valide und zuverl\u00e4ssige Analyse der Auswirkungen und der Akzeptanz seiner Standards durchzuf\u00fchren.&nbsp;<\/p>\n\n\n\n<p>Die Analyse der Daten stellt eine wichtige Lernm\u00f6glichkeit zur weiteren Verbesserung der regenagri-Standards und -Ans\u00e4tze dar.&nbsp;<\/p>\n\n\n\n<p>Regenagri C.i.C. f\u00fchrt j\u00e4hrlich eine \u00dcberpr\u00fcfung des MEL-Systems durch, um dessen Wirksamkeit sicherzustellen. In regelm\u00e4\u00dfigen Abst\u00e4nden werden auch Wirkungsanalysen durchgef\u00fchrt, um Erfolgsbereiche, zu bew\u00e4ltigende Herausforderungen und regionale Zusammenh\u00e4nge aufzuzeigen; die entsprechenden Berichte enthalten sehr wertvolle Daten f\u00fcr die Beteiligten und sollen der \u00d6ffentlichkeit zug\u00e4nglich gemacht werden.&nbsp;<\/p>\n\n\n\n<p>Die Ergebnisse der MEL-Bewertung umfassen:&nbsp;<\/p>\n\n\n\n<ul class=\"wp-block-list\">\n<li>Globale und regionale Akzeptanz des regenagri-Programms&nbsp;&nbsp;<\/li>\n\n\n\n<li>Konservierung erreicht&nbsp;&nbsp;<\/li>\n\n\n\n<li>Daten zu Kohlenstoff- und Treibhausgasemissionen&nbsp;<\/li>\n\n\n\n<li>Indikatoren f\u00fcr Umweltauswirkungen (z. B. Bodengesundheit, Wasser)&nbsp;<\/li>\n<\/ul>\n\n\n\n<p>Diese werden \u00fcber die Website und andere \u00f6ffentliche Kan\u00e4le bekannt gegeben.<\/p>","protected":false},"excerpt":{"rendered":"<p>Regenagri is a regenerative agriculture initiative aimed at securing the health of the land [\u2026]<\/p>\n","protected":false},"author":3,"featured_media":475,"parent":0,"menu_order":0,"comment_status":"closed","ping_status":"closed","template":"template-landing.php","meta":{"_acf_changed":false,"footnotes":""},"class_list":["post-12","page","type-page","status-publish","has-post-thumbnail","hentry"],"acf":[],"yoast_head":"<!-- This site is optimized with the Yoast SEO plugin v27.4 - https:\/\/yoast.com\/product\/yoast-seo-wordpress\/ -->\n<title>About Regenagri &#8212; regenagri<\/title>\n<meta name=\"description\" content=\"Members can access the Regenagri assessment, covering a wide range of regenerative measures and provides benchmarking and actionable feedback.\" \/>\n<meta name=\"robots\" content=\"index, follow, max-snippet:-1, max-image-preview:large, max-video-preview:-1\" \/>\n<link rel=\"canonical\" href=\"https:\/\/regenagri.org\/de\/why-regenagri\/\" \/>\n<meta property=\"og:locale\" content=\"de_DE\" \/>\n<meta property=\"og:type\" content=\"article\" \/>\n<meta property=\"og:title\" content=\"About Regenagri &#8212; regenagri\" \/>\n<meta property=\"og:description\" content=\"Members can access the Regenagri assessment, covering a wide range of regenerative measures and provides benchmarking and actionable feedback.\" \/>\n<meta property=\"og:url\" content=\"https:\/\/regenagri.org\/de\/why-regenagri\/\" \/>\n<meta property=\"og:site_name\" content=\"regenagri\" \/>\n<meta property=\"article:modified_time\" content=\"2026-04-13T12:32:49+00:00\" \/>\n<meta property=\"og:image\" content=\"https:\/\/regenagri.org\/wp-content\/uploads\/2021\/06\/AdobeStock_24890871.jpeg\" \/>\n\t<meta property=\"og:image:width\" content=\"1920\" \/>\n\t<meta property=\"og:image:height\" content=\"1277\" \/>\n\t<meta property=\"og:image:type\" content=\"image\/jpeg\" \/>\n<meta name=\"twitter:card\" content=\"summary_large_image\" \/>\n<script type=\"application\/ld+json\" class=\"yoast-schema-graph\">{\"@context\":\"https:\\\/\\\/schema.org\",\"@graph\":[{\"@type\":\"WebPage\",\"@id\":\"https:\\\/\\\/regenagri.org\\\/why-regenagri\\\/\",\"url\":\"https:\\\/\\\/regenagri.org\\\/why-regenagri\\\/\",\"name\":\"About Regenagri &#8212; regenagri\",\"isPartOf\":{\"@id\":\"https:\\\/\\\/regenagri.org\\\/#website\"},\"primaryImageOfPage\":{\"@id\":\"https:\\\/\\\/regenagri.org\\\/why-regenagri\\\/#primaryimage\"},\"image\":{\"@id\":\"https:\\\/\\\/regenagri.org\\\/why-regenagri\\\/#primaryimage\"},\"thumbnailUrl\":\"https:\\\/\\\/regenagri.org\\\/wp-content\\\/uploads\\\/2021\\\/06\\\/AdobeStock_24890871.jpeg\",\"datePublished\":\"2021-05-03T19:15:27+00:00\",\"dateModified\":\"2026-04-13T12:32:49+00:00\",\"description\":\"Members can access the Regenagri assessment, covering a wide range of regenerative measures and provides benchmarking and actionable feedback.\",\"breadcrumb\":{\"@id\":\"https:\\\/\\\/regenagri.org\\\/why-regenagri\\\/#breadcrumb\"},\"inLanguage\":\"de\",\"potentialAction\":[{\"@type\":\"ReadAction\",\"target\":[\"https:\\\/\\\/regenagri.org\\\/why-regenagri\\\/\"]}]},{\"@type\":\"ImageObject\",\"inLanguage\":\"de\",\"@id\":\"https:\\\/\\\/regenagri.org\\\/why-regenagri\\\/#primaryimage\",\"url\":\"https:\\\/\\\/regenagri.org\\\/wp-content\\\/uploads\\\/2021\\\/06\\\/AdobeStock_24890871.jpeg\",\"contentUrl\":\"https:\\\/\\\/regenagri.org\\\/wp-content\\\/uploads\\\/2021\\\/06\\\/AdobeStock_24890871.jpeg\",\"width\":1920,\"height\":1277,\"caption\":\"Drill seeds by No-till technology, straight to unplowed field\"},{\"@type\":\"BreadcrumbList\",\"@id\":\"https:\\\/\\\/regenagri.org\\\/why-regenagri\\\/#breadcrumb\",\"itemListElement\":[{\"@type\":\"ListItem\",\"position\":1,\"name\":\"Home\",\"item\":\"https:\\\/\\\/regenagri.org\\\/\"},{\"@type\":\"ListItem\",\"position\":2,\"name\":\"About Regenagri\"}]},{\"@type\":\"WebSite\",\"@id\":\"https:\\\/\\\/regenagri.org\\\/#website\",\"url\":\"https:\\\/\\\/regenagri.org\\\/\",\"name\":\"regenagri\",\"description\":\"\",\"publisher\":{\"@id\":\"https:\\\/\\\/regenagri.org\\\/#organization\"},\"potentialAction\":[{\"@type\":\"SearchAction\",\"target\":{\"@type\":\"EntryPoint\",\"urlTemplate\":\"https:\\\/\\\/regenagri.org\\\/?s={search_term_string}\"},\"query-input\":{\"@type\":\"PropertyValueSpecification\",\"valueRequired\":true,\"valueName\":\"search_term_string\"}}],\"inLanguage\":\"de\"},{\"@type\":\"Organization\",\"@id\":\"https:\\\/\\\/regenagri.org\\\/#organization\",\"name\":\"regenagri\",\"url\":\"https:\\\/\\\/regenagri.org\\\/\",\"logo\":{\"@type\":\"ImageObject\",\"inLanguage\":\"de\",\"@id\":\"https:\\\/\\\/regenagri.org\\\/#\\\/schema\\\/logo\\\/image\\\/\",\"url\":\"https:\\\/\\\/regenagri.org\\\/wp-content\\\/uploads\\\/2021\\\/05\\\/regenagri.png\",\"contentUrl\":\"https:\\\/\\\/regenagri.org\\\/wp-content\\\/uploads\\\/2021\\\/05\\\/regenagri.png\",\"width\":1200,\"height\":452,\"caption\":\"regenagri\"},\"image\":{\"@id\":\"https:\\\/\\\/regenagri.org\\\/#\\\/schema\\\/logo\\\/image\\\/\"}}]}<\/script>\n<!-- \/ Yoast SEO plugin. -->","yoast_head_json":{"title":"About Regenagri &#8212; regenagri","description":"Members can access the Regenagri assessment, covering a wide range of regenerative measures and provides benchmarking and actionable feedback.","robots":{"index":"index","follow":"follow","max-snippet":"max-snippet:-1","max-image-preview":"max-image-preview:large","max-video-preview":"max-video-preview:-1"},"canonical":"https:\/\/regenagri.org\/de\/why-regenagri\/","og_locale":"de_DE","og_type":"article","og_title":"About Regenagri &#8212; regenagri","og_description":"Members can access the Regenagri assessment, covering a wide range of regenerative measures and provides benchmarking and actionable feedback.","og_url":"https:\/\/regenagri.org\/de\/why-regenagri\/","og_site_name":"regenagri","article_modified_time":"2026-04-13T12:32:49+00:00","og_image":[{"width":1920,"height":1277,"url":"https:\/\/regenagri.org\/wp-content\/uploads\/2021\/06\/AdobeStock_24890871.jpeg","type":"image\/jpeg"}],"twitter_card":"summary_large_image","schema":{"@context":"https:\/\/schema.org","@graph":[{"@type":"WebPage","@id":"https:\/\/regenagri.org\/why-regenagri\/","url":"https:\/\/regenagri.org\/why-regenagri\/","name":"About Regenagri &#8212; regenagri","isPartOf":{"@id":"https:\/\/regenagri.org\/#website"},"primaryImageOfPage":{"@id":"https:\/\/regenagri.org\/why-regenagri\/#primaryimage"},"image":{"@id":"https:\/\/regenagri.org\/why-regenagri\/#primaryimage"},"thumbnailUrl":"https:\/\/regenagri.org\/wp-content\/uploads\/2021\/06\/AdobeStock_24890871.jpeg","datePublished":"2021-05-03T19:15:27+00:00","dateModified":"2026-04-13T12:32:49+00:00","description":"Members can access the Regenagri assessment, covering a wide range of regenerative measures and provides benchmarking and actionable feedback.","breadcrumb":{"@id":"https:\/\/regenagri.org\/why-regenagri\/#breadcrumb"},"inLanguage":"de","potentialAction":[{"@type":"ReadAction","target":["https:\/\/regenagri.org\/why-regenagri\/"]}]},{"@type":"ImageObject","inLanguage":"de","@id":"https:\/\/regenagri.org\/why-regenagri\/#primaryimage","url":"https:\/\/regenagri.org\/wp-content\/uploads\/2021\/06\/AdobeStock_24890871.jpeg","contentUrl":"https:\/\/regenagri.org\/wp-content\/uploads\/2021\/06\/AdobeStock_24890871.jpeg","width":1920,"height":1277,"caption":"Drill seeds by No-till technology, straight to unplowed field"},{"@type":"BreadcrumbList","@id":"https:\/\/regenagri.org\/why-regenagri\/#breadcrumb","itemListElement":[{"@type":"ListItem","position":1,"name":"Home","item":"https:\/\/regenagri.org\/"},{"@type":"ListItem","position":2,"name":"About Regenagri"}]},{"@type":"WebSite","@id":"https:\/\/regenagri.org\/#website","url":"https:\/\/regenagri.org\/","name":"regenagri","description":"","publisher":{"@id":"https:\/\/regenagri.org\/#organization"},"potentialAction":[{"@type":"SearchAction","target":{"@type":"EntryPoint","urlTemplate":"https:\/\/regenagri.org\/?s={search_term_string}"},"query-input":{"@type":"PropertyValueSpecification","valueRequired":true,"valueName":"search_term_string"}}],"inLanguage":"de"},{"@type":"Organization","@id":"https:\/\/regenagri.org\/#organization","name":"regenagri","url":"https:\/\/regenagri.org\/","logo":{"@type":"ImageObject","inLanguage":"de","@id":"https:\/\/regenagri.org\/#\/schema\/logo\/image\/","url":"https:\/\/regenagri.org\/wp-content\/uploads\/2021\/05\/regenagri.png","contentUrl":"https:\/\/regenagri.org\/wp-content\/uploads\/2021\/05\/regenagri.png","width":1200,"height":452,"caption":"regenagri"},"image":{"@id":"https:\/\/regenagri.org\/#\/schema\/logo\/image\/"}}]}},"_links":{"self":[{"href":"https:\/\/regenagri.org\/de\/wp-json\/wp\/v2\/pages\/12","targetHints":{"allow":["GET"]}}],"collection":[{"href":"https:\/\/regenagri.org\/de\/wp-json\/wp\/v2\/pages"}],"about":[{"href":"https:\/\/regenagri.org\/de\/wp-json\/wp\/v2\/types\/page"}],"author":[{"embeddable":true,"href":"https:\/\/regenagri.org\/de\/wp-json\/wp\/v2\/users\/3"}],"replies":[{"embeddable":true,"href":"https:\/\/regenagri.org\/de\/wp-json\/wp\/v2\/comments?post=12"}],"version-history":[{"count":71,"href":"https:\/\/regenagri.org\/de\/wp-json\/wp\/v2\/pages\/12\/revisions"}],"predecessor-version":[{"id":11454,"href":"https:\/\/regenagri.org\/de\/wp-json\/wp\/v2\/pages\/12\/revisions\/11454"}],"wp:featuredmedia":[{"embeddable":true,"href":"https:\/\/regenagri.org\/de\/wp-json\/wp\/v2\/media\/475"}],"wp:attachment":[{"href":"https:\/\/regenagri.org\/de\/wp-json\/wp\/v2\/media?parent=12"}],"curies":[{"name":"wp","href":"https:\/\/api.w.org\/{rel}","templated":true}]}}